{"id":24158,"date":"2017-03-14T11:11:10","date_gmt":"2017-03-14T10:11:10","guid":{"rendered":"https:\/\/www.campinglaguna.com\/que-faire\/activites\/culture\/barcelone\/"},"modified":"2017-03-14T13:00:44","modified_gmt":"2017-03-14T12:00:44","slug":"barcelone","status":"publish","type":"page","link":"https:\/\/www.campinglaguna.com\/fr\/que-faire\/activites\/culture\/barcelone\/","title":{"rendered":"Barcelone"},"content":{"rendered":"<p>Barcelone est un authentique aimant touristique. C\u2019est que la ville offre un ensemble fort int\u00e9ressant de culture, loisirs et achats. D\u2019un c\u00f4t\u00e9, Gaud\u00ed s\u00e9duit. Bon, Gaud\u00ed et, bien \u00e9videmment, tous les autres architectes \u201cmodernistes\u201d. De l\u2019autre, la plage, les achats, la gastronomie\u2026<\/p>\n<p>Si une ville peut \u00eatre qualifi\u00e9e de cosmopolite, c\u2019est bien Barcelone. Depuis des si\u00e8cles, c\u2019est l\u2019un des ports les plus importants de la M\u00e9diterran\u00e9e. Il suffit de passer une apr\u00e8s-midi au soleil assis sur les quais du Port Vell\u00a0pour se rendre compte de la diversit\u00e9 des nationalit\u00e9s, cultures, ethnies et langue qu\u2019offre la ville.<\/p>\n<p>Esth\u00e9tiquement parlant, Barcelone est la plus novatrice et la plus captivante des villes espagnoles. Son Quartier gothique, magnifiquement conserv\u00e9, concentre les \u00e9difices m\u00e9di\u00e9vaux\u00a0 marqu\u00e9s par les remparts romains du IVe si\u00e8cle. Alors que cet espace montre la richesse de la Barcelone du XIIIe au XVe si\u00e8cle, les \u00e9difices \u00ab\u00a0modernistes\u00a0\u00bb attestent de la richesse du XIXe si\u00e8cle et de sa r\u00e9volution industrielle.<\/p>\n<p>Pour compl\u00e9ter tout cela Barcelone a ses\u00a0Ramblas, une avenue bouillante d\u2019activit\u00e9, bord\u00e9e de restaurants, de caf\u00e9s, de boutiques, qui traverse la partie ancienne de la ville. S\u2019y promener \u00e9loigne de la mer et des ruelles de la vieille ville et m\u00e8ne \u00e0 de grands boulevards. Les Ramblas sont le c\u0153ur de Barcelone, la partie la plus peupl\u00e9e de la ville \u00e0 toute heure du jour et le lieu que tous veulent conna\u00eetre.<\/p>\n<p>Barcelone (centre) se trouve \u00e0 environ 150 km du Camping Laguna, une distance qui permet une visite d\u2019un jour. Si vous ne d\u00e9sirez pas prendre votre voiture, il est possible de se d\u00e9placer en train en partant de Figueras. Il y a chaque jour de nombreuses connections qui vous laissent au centre de la ville (gare \u201cPasseig de Gr\u00e0cia\u201d). Le voyage dure une heure quarante-cinq<\/p>\n<p>Il est fort probable qu\u2019une visite d\u2019un seul jour vous laissera sur votre faim mais, si c\u2019est la premi\u00e8re fois que vous visitez Barcelone, permettez-nous de vous sugg\u00e9rer quelques points forts.<\/p>\n<p><strong>Incontournables\u00a0:<\/strong><br \/>\nLa Sagrada Familia, le Parc G\u00fcell, la Maison Batll\u00f3, la Maison Mil\u00e0 (\u201cla Pedrera\u201d), le quartier gothique et la Rambla<\/p>\n<p><strong>\u00c9ventuellement\u00a0:<\/strong><br \/>\nLa cath\u00e9drale de Barcelone, le Pueblo Espa\u00f1ol (le village espagnol), le Palacio de la M\u00fasica Catalana (Palais de la musique catalane), le monast\u00e8re de Pedralbes, le Grang Th\u00e9\u00e2tre du Liceo, le march\u00e9 de la Boquer\u00eda et la basilique Santa Mar\u00eda del Mar<\/p>\n<p><strong>Et bien s\u00fbr, pour les fans de football\u00a0:<\/strong><br \/>\nLe mus\u00e9e du F.C. Barcelona et le stade du Camp Nou<\/p>\n<p><strong>Pour plaire aux enfants\u00a0:<\/strong><br \/>\nLe parc d\u2019attractions du Tibidabo, le zoo de Barcelone et l\u2019Aquarium.<\/p>\n","protected":false},"excerpt":{"rendered":"<p>Barcelone est un authentique aimant touristique. C\u2019est que la ville offre un ensemble fort int\u00e9ressant de culture, loisirs et achats. D\u2019un c\u00f4t\u00e9, Gaud\u00ed s\u00e9duit. Bon, Gaud\u00ed et, bien \u00e9videmment, tous [&hellip;]<\/p>\n","protected":false},"author":2,"featured_media":20737,"parent":24156,"menu_order":2,"comment_status":"closed","ping_status":"closed","template":"","meta":{"_acf_changed":false,"footnotes":""},"class_list":["post-24158","page","type-page","status-publish","has-post-thumbnail","hentry"],"acf":[],"yoast_head":"<!-- This site is optimized with the Yoast SEO plugin v26.1.1 - https:\/\/yoast.com\/wordpress\/plugins\/seo\/ -->\n<title>Barcelone - Camping Laguna<\/title>\n<meta name=\"description\" content=\"Barcelone est un authentique aimant touristique. C\u2019est que la ville offre un ensemble fort int\u00e9ressant de culture, loisirs et achats. D\u2019un c\u00f4t\u00e9, Gaud\u00ed\" \/>\n<meta name=\"robots\" content=\"index, follow, max-snippet:-1, max-image-preview:large, max-video-preview:-1\" \/>\n<link rel=\"canonical\" href=\"https:\/\/www.campinglaguna.com\/que-hacer\/actividades\/cultura\/barcelona\/\" \/>\n<meta property=\"og:locale\" content=\"fr_FR\" \/>\n<meta property=\"og:type\" content=\"article\" \/>\n<meta property=\"og:title\" content=\"Barcelone - Camping Laguna\" \/>\n<meta property=\"og:description\" content=\"Barcelone est un authentique aimant touristique. C\u2019est que la ville offre un ensemble fort int\u00e9ressant de culture, loisirs et achats. D\u2019un c\u00f4t\u00e9, Gaud\u00ed\" \/>\n<meta property=\"og:url\" content=\"https:\/\/www.campinglaguna.com\/que-hacer\/actividades\/cultura\/barcelona\/\" \/>\n<meta property=\"og:site_name\" content=\"Camping Laguna\" \/>\n<meta property=\"article:modified_time\" content=\"2017-03-14T12:00:44+00:00\" \/>\n<meta property=\"og:image\" content=\"https:\/\/www.campinglaguna.com\/wp-content\/uploads\/principal5.jpg\" \/>\n\t<meta property=\"og:image:width\" content=\"1440\" \/>\n\t<meta property=\"og:image:height\" content=\"500\" \/>\n\t<meta property=\"og:image:type\" content=\"image\/jpeg\" \/>\n<meta name=\"twitter:card\" content=\"summary_large_image\" \/>\n<meta name=\"twitter:label1\" content=\"Dur\u00e9e de lecture estim\u00e9e\" \/>\n\t<meta name=\"twitter:data1\" content=\"2 minutes\" \/>\n<script type=\"application\/ld+json\" class=\"yoast-schema-graph\">{\"@context\":\"https:\/\/schema.org\",\"@graph\":[{\"@type\":\"WebPage\",\"@id\":\"https:\/\/www.campinglaguna.com\/que-hacer\/actividades\/cultura\/barcelona\/\",\"url\":\"https:\/\/www.campinglaguna.com\/que-hacer\/actividades\/cultura\/barcelona\/\",\"name\":\"Barcelone - Camping Laguna\",\"isPartOf\":{\"@id\":\"https:\/\/www.campinglaguna.com\/#website\"},\"primaryImageOfPage\":{\"@id\":\"https:\/\/www.campinglaguna.com\/que-hacer\/actividades\/cultura\/barcelona\/#primaryimage\"},\"image\":{\"@id\":\"https:\/\/www.campinglaguna.com\/que-hacer\/actividades\/cultura\/barcelona\/#primaryimage\"},\"thumbnailUrl\":\"https:\/\/www.campinglaguna.com\/wp-content\/uploads\/principal5.jpg\",\"datePublished\":\"2017-03-14T10:11:10+00:00\",\"dateModified\":\"2017-03-14T12:00:44+00:00\",\"description\":\"Barcelone est un authentique aimant touristique. C\u2019est que la ville offre un ensemble fort int\u00e9ressant de culture, loisirs et achats. D\u2019un c\u00f4t\u00e9, Gaud\u00ed\",\"breadcrumb\":{\"@id\":\"https:\/\/www.campinglaguna.com\/que-hacer\/actividades\/cultura\/barcelona\/#breadcrumb\"},\"inLanguage\":\"fr-FR\",\"potentialAction\":[{\"@type\":\"ReadAction\",\"target\":[\"https:\/\/www.campinglaguna.com\/que-hacer\/actividades\/cultura\/barcelona\/\"]}]},{\"@type\":\"ImageObject\",\"inLanguage\":\"fr-FR\",\"@id\":\"https:\/\/www.campinglaguna.com\/que-hacer\/actividades\/cultura\/barcelona\/#primaryimage\",\"url\":\"https:\/\/www.campinglaguna.com\/wp-content\/uploads\/principal5.jpg\",\"contentUrl\":\"https:\/\/www.campinglaguna.com\/wp-content\/uploads\/principal5.jpg\",\"width\":1440,\"height\":500},{\"@type\":\"BreadcrumbList\",\"@id\":\"https:\/\/www.campinglaguna.com\/que-hacer\/actividades\/cultura\/barcelona\/#breadcrumb\",\"itemListElement\":[{\"@type\":\"ListItem\",\"position\":1,\"name\":\"Camping Laguna\",\"item\":\"https:\/\/www.campinglaguna.com\/fr\/\"},{\"@type\":\"ListItem\",\"position\":2,\"name\":\"Que faire\",\"item\":\"https:\/\/www.campinglaguna.com\/fr\/que-faire\/\"},{\"@type\":\"ListItem\",\"position\":3,\"name\":\"Activit\u00e9s\",\"item\":\"https:\/\/www.campinglaguna.com\/fr\/que-faire\/activites\/\"},{\"@type\":\"ListItem\",\"position\":4,\"name\":\"Culture\",\"item\":\"https:\/\/www.campinglaguna.com\/fr\/que-faire\/activites\/culture\/\"},{\"@type\":\"ListItem\",\"position\":5,\"name\":\"Barcelone\"}]},{\"@type\":\"WebSite\",\"@id\":\"https:\/\/www.campinglaguna.com\/#website\",\"url\":\"https:\/\/www.campinglaguna.com\/\",\"name\":\"Camping Laguna\",\"description\":\"Otro sitio realizado con WordPress\",\"publisher\":{\"@id\":\"https:\/\/www.campinglaguna.com\/#organization\"},\"potentialAction\":[{\"@type\":\"SearchAction\",\"target\":{\"@type\":\"EntryPoint\",\"urlTemplate\":\"https:\/\/www.campinglaguna.com\/?s={search_term_string}\"},\"query-input\":{\"@type\":\"PropertyValueSpecification\",\"valueRequired\":true,\"valueName\":\"search_term_string\"}}],\"inLanguage\":\"fr-FR\"},{\"@type\":\"Organization\",\"@id\":\"https:\/\/www.campinglaguna.com\/#organization\",\"name\":\"Camping Laguna\",\"url\":\"https:\/\/www.campinglaguna.com\/\",\"logo\":{\"@type\":\"ImageObject\",\"inLanguage\":\"fr-FR\",\"@id\":\"https:\/\/www.campinglaguna.com\/#\/schema\/logo\/image\/\",\"url\":\"https:\/\/www.campinglaguna.com\/wp-content\/uploads\/logo-laguna.png\",\"contentUrl\":\"https:\/\/www.campinglaguna.com\/wp-content\/uploads\/logo-laguna.png\",\"width\":263,\"height\":64,\"caption\":\"Camping Laguna\"},\"image\":{\"@id\":\"https:\/\/www.campinglaguna.com\/#\/schema\/logo\/image\/\"}}]}<\/script>\n<!-- \/ Yoast SEO plugin. -->","yoast_head_json":{"title":"Barcelone - Camping Laguna","description":"Barcelone est un authentique aimant touristique. C\u2019est que la ville offre un ensemble fort int\u00e9ressant de culture, loisirs et achats. D\u2019un c\u00f4t\u00e9, Gaud\u00ed","robots":{"index":"index","follow":"follow","max-snippet":"max-snippet:-1","max-image-preview":"max-image-preview:large","max-video-preview":"max-video-preview:-1"},"canonical":"https:\/\/www.campinglaguna.com\/que-hacer\/actividades\/cultura\/barcelona\/","og_locale":"fr_FR","og_type":"article","og_title":"Barcelone - Camping Laguna","og_description":"Barcelone est un authentique aimant touristique. C\u2019est que la ville offre un ensemble fort int\u00e9ressant de culture, loisirs et achats. D\u2019un c\u00f4t\u00e9, Gaud\u00ed","og_url":"https:\/\/www.campinglaguna.com\/que-hacer\/actividades\/cultura\/barcelona\/","og_site_name":"Camping Laguna","article_modified_time":"2017-03-14T12:00:44+00:00","og_image":[{"width":1440,"height":500,"url":"https:\/\/www.campinglaguna.com\/wp-content\/uploads\/principal5.jpg","type":"image\/jpeg"}],"twitter_card":"summary_large_image","twitter_misc":{"Dur\u00e9e de lecture estim\u00e9e":"2 minutes"},"schema":{"@context":"https:\/\/schema.org","@graph":[{"@type":"WebPage","@id":"https:\/\/www.campinglaguna.com\/que-hacer\/actividades\/cultura\/barcelona\/","url":"https:\/\/www.campinglaguna.com\/que-hacer\/actividades\/cultura\/barcelona\/","name":"Barcelone - Camping Laguna","isPartOf":{"@id":"https:\/\/www.campinglaguna.com\/#website"},"primaryImageOfPage":{"@id":"https:\/\/www.campinglaguna.com\/que-hacer\/actividades\/cultura\/barcelona\/#primaryimage"},"image":{"@id":"https:\/\/www.campinglaguna.com\/que-hacer\/actividades\/cultura\/barcelona\/#primaryimage"},"thumbnailUrl":"https:\/\/www.campinglaguna.com\/wp-content\/uploads\/principal5.jpg","datePublished":"2017-03-14T10:11:10+00:00","dateModified":"2017-03-14T12:00:44+00:00","description":"Barcelone est un authentique aimant touristique. C\u2019est que la ville offre un ensemble fort int\u00e9ressant de culture, loisirs et achats. D\u2019un c\u00f4t\u00e9, Gaud\u00ed","breadcrumb":{"@id":"https:\/\/www.campinglaguna.com\/que-hacer\/actividades\/cultura\/barcelona\/#breadcrumb"},"inLanguage":"fr-FR","potentialAction":[{"@type":"ReadAction","target":["https:\/\/www.campinglaguna.com\/que-hacer\/actividades\/cultura\/barcelona\/"]}]},{"@type":"ImageObject","inLanguage":"fr-FR","@id":"https:\/\/www.campinglaguna.com\/que-hacer\/actividades\/cultura\/barcelona\/#primaryimage","url":"https:\/\/www.campinglaguna.com\/wp-content\/uploads\/principal5.jpg","contentUrl":"https:\/\/www.campinglaguna.com\/wp-content\/uploads\/principal5.jpg","width":1440,"height":500},{"@type":"BreadcrumbList","@id":"https:\/\/www.campinglaguna.com\/que-hacer\/actividades\/cultura\/barcelona\/#breadcrumb","itemListElement":[{"@type":"ListItem","position":1,"name":"Camping Laguna","item":"https:\/\/www.campinglaguna.com\/fr\/"},{"@type":"ListItem","position":2,"name":"Que faire","item":"https:\/\/www.campinglaguna.com\/fr\/que-faire\/"},{"@type":"ListItem","position":3,"name":"Activit\u00e9s","item":"https:\/\/www.campinglaguna.com\/fr\/que-faire\/activites\/"},{"@type":"ListItem","position":4,"name":"Culture","item":"https:\/\/www.campinglaguna.com\/fr\/que-faire\/activites\/culture\/"},{"@type":"ListItem","position":5,"name":"Barcelone"}]},{"@type":"WebSite","@id":"https:\/\/www.campinglaguna.com\/#website","url":"https:\/\/www.campinglaguna.com\/","name":"Camping Laguna","description":"Otro sitio realizado con WordPress","publisher":{"@id":"https:\/\/www.campinglaguna.com\/#organization"},"potentialAction":[{"@type":"SearchAction","target":{"@type":"EntryPoint","urlTemplate":"https:\/\/www.campinglaguna.com\/?s={search_term_string}"},"query-input":{"@type":"PropertyValueSpecification","valueRequired":true,"valueName":"search_term_string"}}],"inLanguage":"fr-FR"},{"@type":"Organization","@id":"https:\/\/www.campinglaguna.com\/#organization","name":"Camping Laguna","url":"https:\/\/www.campinglaguna.com\/","logo":{"@type":"ImageObject","inLanguage":"fr-FR","@id":"https:\/\/www.campinglaguna.com\/#\/schema\/logo\/image\/","url":"https:\/\/www.campinglaguna.com\/wp-content\/uploads\/logo-laguna.png","contentUrl":"https:\/\/www.campinglaguna.com\/wp-content\/uploads\/logo-laguna.png","width":263,"height":64,"caption":"Camping Laguna"},"image":{"@id":"https:\/\/www.campinglaguna.com\/#\/schema\/logo\/image\/"}}]}},"_links":{"self":[{"href":"https:\/\/www.campinglaguna.com\/fr\/wp-json\/wp\/v2\/pages\/24158","targetHints":{"allow":["GET"]}}],"collection":[{"href":"https:\/\/www.campinglaguna.com\/fr\/wp-json\/wp\/v2\/pages"}],"about":[{"href":"https:\/\/www.campinglaguna.com\/fr\/wp-json\/wp\/v2\/types\/page"}],"author":[{"embeddable":true,"href":"https:\/\/www.campinglaguna.com\/fr\/wp-json\/wp\/v2\/users\/2"}],"replies":[{"embeddable":true,"href":"https:\/\/www.campinglaguna.com\/fr\/wp-json\/wp\/v2\/comments?post=24158"}],"version-history":[{"count":1,"href":"https:\/\/www.campinglaguna.com\/fr\/wp-json\/wp\/v2\/pages\/24158\/revisions"}],"predecessor-version":[{"id":24159,"href":"https:\/\/www.campinglaguna.com\/fr\/wp-json\/wp\/v2\/pages\/24158\/revisions\/24159"}],"up":[{"embeddable":true,"href":"https:\/\/www.campinglaguna.com\/fr\/wp-json\/wp\/v2\/pages\/24156"}],"wp:featuredmedia":[{"embeddable":true,"href":"https:\/\/www.campinglaguna.com\/fr\/wp-json\/wp\/v2\/media\/20737"}],"wp:attachment":[{"href":"https:\/\/www.campinglaguna.com\/fr\/wp-json\/wp\/v2\/media?parent=24158"}],"curies":[{"name":"wp","href":"https:\/\/api.w.org\/{rel}","templated":true}]}}