{"id":24166,"date":"2017-03-14T11:16:39","date_gmt":"2017-03-14T10:16:39","guid":{"rendered":"https:\/\/www.campinglaguna.com\/que-faire\/activites\/culture\/oenotourisme\/"},"modified":"2017-03-14T11:16:49","modified_gmt":"2017-03-14T10:16:49","slug":"oenotourisme","status":"publish","type":"page","link":"https:\/\/www.campinglaguna.com\/fr\/que-faire\/activites\/culture\/oenotourisme\/","title":{"rendered":"\u0152notourisme"},"content":{"rendered":"<p>Vous vous trouvez dans une r\u00e9gion qui poss\u00e8de une longue tradition dans l\u2019\u00e9laboration des vins, document\u00e9e d\u00e8s l\u2019arriv\u00e9e de la civilisation grecque \u00e0 Emp\u00faries, 600 ans av. J.- C. Cette date est consid\u00e9r\u00e9e comme celle du d\u00e9part de la vigne dans la P\u00e9ninsule Ib\u00e9rique.<\/p>\n<p>La gamme des vins est tr\u00e8s ample entre les rouges de haute qualit\u00e9, les blancs frais et savoureux ou les ros\u00e9s \u00e0 titrage mod\u00e9r\u00e9. Il faut signaler les vins de dessert comme le Garnatxa de l\u2019Empord\u00e0, un vin de liqueur douce traditionnel fortifi\u00e9 ou le Moscatell de l\u2019Empord\u00e0, un vin doux naturel.<\/p>\n<p>De tr\u00e8s nombreux producteurs de la r\u00e9gion se sont regroup\u00e9s sous l\u2019Appellation d\u2019Origine \u201cEmpord\u00e0\u201d qui propose des visites \u00e0 leurs caves et de nombreuses activit\u00e9s d\u2019\u0153notourisme. Nous vous en conseillons la visite car il s\u2019agit l\u00e0 d\u2019une autre mani\u00e8re de conna\u00eetre l\u2019arri\u00e8re-pays et ses produits.<\/p>\n<p>Le camping organise aussi des excursions vers d\u2019autres r\u00e9gions vitivinicoles comme les visites aux fameuses caves de cava de Freixenet ou Codorniu, pr\u00e8s de Barcelone.<\/p>\n","protected":false},"excerpt":{"rendered":"<p>Vous vous trouvez dans une r\u00e9gion qui poss\u00e8de une longue tradition dans l\u2019\u00e9laboration des vins, document\u00e9e d\u00e8s l\u2019arriv\u00e9e de la civilisation grecque \u00e0 Emp\u00faries, 600 ans av. J.- C. Cette [&hellip;]<\/p>\n","protected":false},"author":2,"featured_media":22142,"parent":24156,"menu_order":0,"comment_status":"closed","ping_status":"closed","template":"","meta":{"_acf_changed":false,"footnotes":""},"class_list":["post-24166","page","type-page","status-publish","has-post-thumbnail","hentry"],"acf":[],"yoast_head":"<!-- This site is optimized with the Yoast SEO plugin v26.1.1 - https:\/\/yoast.com\/wordpress\/plugins\/seo\/ -->\n<title>\u0152notourisme - Camping Laguna<\/title>\n<meta name=\"description\" content=\"Vous vous trouvez dans une r\u00e9gion qui poss\u00e8de une longue tradition dans l\u2019\u00e9laboration des vins, document\u00e9e d\u00e8s l\u2019arriv\u00e9e de la civilisation grecque \u00e0\" \/>\n<meta name=\"robots\" content=\"index, follow, max-snippet:-1, max-image-preview:large, max-video-preview:-1\" \/>\n<link rel=\"canonical\" href=\"https:\/\/www.campinglaguna.com\/que-hacer\/actividades\/cultura\/vinos\/\" \/>\n<meta property=\"og:locale\" content=\"fr_FR\" \/>\n<meta property=\"og:type\" content=\"article\" \/>\n<meta property=\"og:title\" content=\"\u0152notourisme - Camping Laguna\" \/>\n<meta property=\"og:description\" content=\"Vous vous trouvez dans une r\u00e9gion qui poss\u00e8de une longue tradition dans l\u2019\u00e9laboration des vins, document\u00e9e d\u00e8s l\u2019arriv\u00e9e de la civilisation grecque \u00e0\" \/>\n<meta property=\"og:url\" content=\"https:\/\/www.campinglaguna.com\/que-hacer\/actividades\/cultura\/vinos\/\" \/>\n<meta property=\"og:site_name\" content=\"Camping Laguna\" \/>\n<meta property=\"article:modified_time\" content=\"2017-03-14T10:16:49+00:00\" \/>\n<meta property=\"og:image\" content=\"https:\/\/www.campinglaguna.com\/wp-content\/uploads\/gastro6.jpg\" \/>\n\t<meta property=\"og:image:width\" content=\"1440\" \/>\n\t<meta property=\"og:image:height\" content=\"500\" \/>\n\t<meta property=\"og:image:type\" content=\"image\/jpeg\" \/>\n<meta name=\"twitter:card\" content=\"summary_large_image\" \/>\n<meta name=\"twitter:label1\" content=\"Dur\u00e9e de lecture estim\u00e9e\" \/>\n\t<meta name=\"twitter:data1\" content=\"1 minute\" \/>\n<script type=\"application\/ld+json\" class=\"yoast-schema-graph\">{\"@context\":\"https:\/\/schema.org\",\"@graph\":[{\"@type\":\"WebPage\",\"@id\":\"https:\/\/www.campinglaguna.com\/que-hacer\/actividades\/cultura\/vinos\/\",\"url\":\"https:\/\/www.campinglaguna.com\/que-hacer\/actividades\/cultura\/vinos\/\",\"name\":\"\u0152notourisme - Camping Laguna\",\"isPartOf\":{\"@id\":\"https:\/\/www.campinglaguna.com\/#website\"},\"primaryImageOfPage\":{\"@id\":\"https:\/\/www.campinglaguna.com\/que-hacer\/actividades\/cultura\/vinos\/#primaryimage\"},\"image\":{\"@id\":\"https:\/\/www.campinglaguna.com\/que-hacer\/actividades\/cultura\/vinos\/#primaryimage\"},\"thumbnailUrl\":\"https:\/\/www.campinglaguna.com\/wp-content\/uploads\/gastro6.jpg\",\"datePublished\":\"2017-03-14T10:16:39+00:00\",\"dateModified\":\"2017-03-14T10:16:49+00:00\",\"description\":\"Vous vous trouvez dans une r\u00e9gion qui poss\u00e8de une longue tradition dans l\u2019\u00e9laboration des vins, document\u00e9e d\u00e8s l\u2019arriv\u00e9e de la civilisation grecque \u00e0\",\"breadcrumb\":{\"@id\":\"https:\/\/www.campinglaguna.com\/que-hacer\/actividades\/cultura\/vinos\/#breadcrumb\"},\"inLanguage\":\"fr-FR\",\"potentialAction\":[{\"@type\":\"ReadAction\",\"target\":[\"https:\/\/www.campinglaguna.com\/que-hacer\/actividades\/cultura\/vinos\/\"]}]},{\"@type\":\"ImageObject\",\"inLanguage\":\"fr-FR\",\"@id\":\"https:\/\/www.campinglaguna.com\/que-hacer\/actividades\/cultura\/vinos\/#primaryimage\",\"url\":\"https:\/\/www.campinglaguna.com\/wp-content\/uploads\/gastro6.jpg\",\"contentUrl\":\"https:\/\/www.campinglaguna.com\/wp-content\/uploads\/gastro6.jpg\",\"width\":1440,\"height\":500},{\"@type\":\"BreadcrumbList\",\"@id\":\"https:\/\/www.campinglaguna.com\/que-hacer\/actividades\/cultura\/vinos\/#breadcrumb\",\"itemListElement\":[{\"@type\":\"ListItem\",\"position\":1,\"name\":\"Camping Laguna\",\"item\":\"https:\/\/www.campinglaguna.com\/fr\/\"},{\"@type\":\"ListItem\",\"position\":2,\"name\":\"Que faire\",\"item\":\"https:\/\/www.campinglaguna.com\/fr\/que-faire\/\"},{\"@type\":\"ListItem\",\"position\":3,\"name\":\"Activit\u00e9s\",\"item\":\"https:\/\/www.campinglaguna.com\/fr\/que-faire\/activites\/\"},{\"@type\":\"ListItem\",\"position\":4,\"name\":\"Culture\",\"item\":\"https:\/\/www.campinglaguna.com\/fr\/que-faire\/activites\/culture\/\"},{\"@type\":\"ListItem\",\"position\":5,\"name\":\"\u0152notourisme\"}]},{\"@type\":\"WebSite\",\"@id\":\"https:\/\/www.campinglaguna.com\/#website\",\"url\":\"https:\/\/www.campinglaguna.com\/\",\"name\":\"Camping Laguna\",\"description\":\"Otro sitio realizado con WordPress\",\"publisher\":{\"@id\":\"https:\/\/www.campinglaguna.com\/#organization\"},\"potentialAction\":[{\"@type\":\"SearchAction\",\"target\":{\"@type\":\"EntryPoint\",\"urlTemplate\":\"https:\/\/www.campinglaguna.com\/?s={search_term_string}\"},\"query-input\":{\"@type\":\"PropertyValueSpecification\",\"valueRequired\":true,\"valueName\":\"search_term_string\"}}],\"inLanguage\":\"fr-FR\"},{\"@type\":\"Organization\",\"@id\":\"https:\/\/www.campinglaguna.com\/#organization\",\"name\":\"Camping Laguna\",\"url\":\"https:\/\/www.campinglaguna.com\/\",\"logo\":{\"@type\":\"ImageObject\",\"inLanguage\":\"fr-FR\",\"@id\":\"https:\/\/www.campinglaguna.com\/#\/schema\/logo\/image\/\",\"url\":\"https:\/\/www.campinglaguna.com\/wp-content\/uploads\/logo-laguna.png\",\"contentUrl\":\"https:\/\/www.campinglaguna.com\/wp-content\/uploads\/logo-laguna.png\",\"width\":263,\"height\":64,\"caption\":\"Camping Laguna\"},\"image\":{\"@id\":\"https:\/\/www.campinglaguna.com\/#\/schema\/logo\/image\/\"}}]}<\/script>\n<!-- \/ Yoast SEO plugin. -->","yoast_head_json":{"title":"\u0152notourisme - Camping Laguna","description":"Vous vous trouvez dans une r\u00e9gion qui poss\u00e8de une longue tradition dans l\u2019\u00e9laboration des vins, document\u00e9e d\u00e8s l\u2019arriv\u00e9e de la civilisation grecque \u00e0","robots":{"index":"index","follow":"follow","max-snippet":"max-snippet:-1","max-image-preview":"max-image-preview:large","max-video-preview":"max-video-preview:-1"},"canonical":"https:\/\/www.campinglaguna.com\/que-hacer\/actividades\/cultura\/vinos\/","og_locale":"fr_FR","og_type":"article","og_title":"\u0152notourisme - Camping Laguna","og_description":"Vous vous trouvez dans une r\u00e9gion qui poss\u00e8de une longue tradition dans l\u2019\u00e9laboration des vins, document\u00e9e d\u00e8s l\u2019arriv\u00e9e de la civilisation grecque \u00e0","og_url":"https:\/\/www.campinglaguna.com\/que-hacer\/actividades\/cultura\/vinos\/","og_site_name":"Camping Laguna","article_modified_time":"2017-03-14T10:16:49+00:00","og_image":[{"width":1440,"height":500,"url":"https:\/\/www.campinglaguna.com\/wp-content\/uploads\/gastro6.jpg","type":"image\/jpeg"}],"twitter_card":"summary_large_image","twitter_misc":{"Dur\u00e9e de lecture estim\u00e9e":"1 minute"},"schema":{"@context":"https:\/\/schema.org","@graph":[{"@type":"WebPage","@id":"https:\/\/www.campinglaguna.com\/que-hacer\/actividades\/cultura\/vinos\/","url":"https:\/\/www.campinglaguna.com\/que-hacer\/actividades\/cultura\/vinos\/","name":"\u0152notourisme - Camping Laguna","isPartOf":{"@id":"https:\/\/www.campinglaguna.com\/#website"},"primaryImageOfPage":{"@id":"https:\/\/www.campinglaguna.com\/que-hacer\/actividades\/cultura\/vinos\/#primaryimage"},"image":{"@id":"https:\/\/www.campinglaguna.com\/que-hacer\/actividades\/cultura\/vinos\/#primaryimage"},"thumbnailUrl":"https:\/\/www.campinglaguna.com\/wp-content\/uploads\/gastro6.jpg","datePublished":"2017-03-14T10:16:39+00:00","dateModified":"2017-03-14T10:16:49+00:00","description":"Vous vous trouvez dans une r\u00e9gion qui poss\u00e8de une longue tradition dans l\u2019\u00e9laboration des vins, document\u00e9e d\u00e8s l\u2019arriv\u00e9e de la civilisation grecque \u00e0","breadcrumb":{"@id":"https:\/\/www.campinglaguna.com\/que-hacer\/actividades\/cultura\/vinos\/#breadcrumb"},"inLanguage":"fr-FR","potentialAction":[{"@type":"ReadAction","target":["https:\/\/www.campinglaguna.com\/que-hacer\/actividades\/cultura\/vinos\/"]}]},{"@type":"ImageObject","inLanguage":"fr-FR","@id":"https:\/\/www.campinglaguna.com\/que-hacer\/actividades\/cultura\/vinos\/#primaryimage","url":"https:\/\/www.campinglaguna.com\/wp-content\/uploads\/gastro6.jpg","contentUrl":"https:\/\/www.campinglaguna.com\/wp-content\/uploads\/gastro6.jpg","width":1440,"height":500},{"@type":"BreadcrumbList","@id":"https:\/\/www.campinglaguna.com\/que-hacer\/actividades\/cultura\/vinos\/#breadcrumb","itemListElement":[{"@type":"ListItem","position":1,"name":"Camping Laguna","item":"https:\/\/www.campinglaguna.com\/fr\/"},{"@type":"ListItem","position":2,"name":"Que faire","item":"https:\/\/www.campinglaguna.com\/fr\/que-faire\/"},{"@type":"ListItem","position":3,"name":"Activit\u00e9s","item":"https:\/\/www.campinglaguna.com\/fr\/que-faire\/activites\/"},{"@type":"ListItem","position":4,"name":"Culture","item":"https:\/\/www.campinglaguna.com\/fr\/que-faire\/activites\/culture\/"},{"@type":"ListItem","position":5,"name":"\u0152notourisme"}]},{"@type":"WebSite","@id":"https:\/\/www.campinglaguna.com\/#website","url":"https:\/\/www.campinglaguna.com\/","name":"Camping Laguna","description":"Otro sitio realizado con WordPress","publisher":{"@id":"https:\/\/www.campinglaguna.com\/#organization"},"potentialAction":[{"@type":"SearchAction","target":{"@type":"EntryPoint","urlTemplate":"https:\/\/www.campinglaguna.com\/?s={search_term_string}"},"query-input":{"@type":"PropertyValueSpecification","valueRequired":true,"valueName":"search_term_string"}}],"inLanguage":"fr-FR"},{"@type":"Organization","@id":"https:\/\/www.campinglaguna.com\/#organization","name":"Camping Laguna","url":"https:\/\/www.campinglaguna.com\/","logo":{"@type":"ImageObject","inLanguage":"fr-FR","@id":"https:\/\/www.campinglaguna.com\/#\/schema\/logo\/image\/","url":"https:\/\/www.campinglaguna.com\/wp-content\/uploads\/logo-laguna.png","contentUrl":"https:\/\/www.campinglaguna.com\/wp-content\/uploads\/logo-laguna.png","width":263,"height":64,"caption":"Camping Laguna"},"image":{"@id":"https:\/\/www.campinglaguna.com\/#\/schema\/logo\/image\/"}}]}},"_links":{"self":[{"href":"https:\/\/www.campinglaguna.com\/fr\/wp-json\/wp\/v2\/pages\/24166","targetHints":{"allow":["GET"]}}],"collection":[{"href":"https:\/\/www.campinglaguna.com\/fr\/wp-json\/wp\/v2\/pages"}],"about":[{"href":"https:\/\/www.campinglaguna.com\/fr\/wp-json\/wp\/v2\/types\/page"}],"author":[{"embeddable":true,"href":"https:\/\/www.campinglaguna.com\/fr\/wp-json\/wp\/v2\/users\/2"}],"replies":[{"embeddable":true,"href":"https:\/\/www.campinglaguna.com\/fr\/wp-json\/wp\/v2\/comments?post=24166"}],"version-history":[{"count":1,"href":"https:\/\/www.campinglaguna.com\/fr\/wp-json\/wp\/v2\/pages\/24166\/revisions"}],"predecessor-version":[{"id":24167,"href":"https:\/\/www.campinglaguna.com\/fr\/wp-json\/wp\/v2\/pages\/24166\/revisions\/24167"}],"up":[{"embeddable":true,"href":"https:\/\/www.campinglaguna.com\/fr\/wp-json\/wp\/v2\/pages\/24156"}],"wp:featuredmedia":[{"embeddable":true,"href":"https:\/\/www.campinglaguna.com\/fr\/wp-json\/wp\/v2\/media\/22142"}],"wp:attachment":[{"href":"https:\/\/www.campinglaguna.com\/fr\/wp-json\/wp\/v2\/media?parent=24166"}],"curies":[{"name":"wp","href":"https:\/\/api.w.org\/{rel}","templated":true}]}}