{"id":24168,"date":"2017-03-14T11:18:52","date_gmt":"2017-03-14T10:18:52","guid":{"rendered":"https:\/\/www.campinglaguna.com\/que-faire\/activites\/culture\/gastronomie\/"},"modified":"2017-03-14T11:19:01","modified_gmt":"2017-03-14T10:19:01","slug":"gastronomie","status":"publish","type":"page","link":"https:\/\/www.campinglaguna.com\/fr\/que-faire\/activites\/culture\/gastronomie\/","title":{"rendered":"Gastronomie"},"content":{"rendered":"<p>La Catalogne poss\u00e8de tous les ingr\u00e9dients n\u00e9cessaires \u00e0 la meilleure gastronomie\u00a0\u00a8un territoire et un paysage aussi divers que les cuisines qui y perdurent, quelques-uns des meilleurs cuisiniers du monde et des produits de qualit\u00e9, vari\u00e9s et de saison. Nous vous invitons \u00e0 go\u00fbter les produits catalans : les journ\u00e9es gastronomiques et les foires et march\u00e9s sont de bons lieux o\u00f9 les rencontrer.<\/p>\n<p>La majorit\u00e9 des plats les plus connus de la gastronomie catalane sont d\u2019origine rurale. Il faut citer les produits de la montagne, mara\u00eechers et de la mer. Les ingr\u00e9dients les plus utilis\u00e9s sont\u00a0: l\u2019huile d\u2019olive, le saindoux, les aulx, les oignons, les l\u00e9gumes, le poisson et les fruits de mer frais, le riz et les l\u00e9gumes secs et les herbes aromatiques.<\/p>\n<p>Dans notre r\u00e9gion, il faut signaler la cuisine de l\u2019Ampurdan de \u00abmer et mont\u00bb, consid\u00e9r\u00e9 comme l\u2019une des stars de la gastronomie m\u00e9diterran\u00e9enne. Citons des plats comme le\u00a0<em>pollastre amb escamarlans<\/em>\u00a0(poulet aux langoustines), le\u00a0<em>conill amb cargols\u00a0<\/em>(lapin aux escargots)\u00a0; d\u2019autres de l\u2019arri\u00e8re-pays comme la\u00a0<em>botifarra dol\u00e7a\u00a0<\/em>frite, l\u2019<em>oca amb naps<\/em>\u00a0(oie aux navets), le\u00a0<em>platillo\u00a0<\/em>(rago\u00fbt de viande), ou des plats de la mer comme le\u00a0<em>suquet de peix<\/em>\u00a0(rago\u00fbt de poisson), la\u00a0<em>s\u00e9pia amb p\u00e8sols<\/em>\u00a0(seiche aux petits pois), les oursins et les moules et d\u2019excellents desserts comme les\u00a0<em>\u00abtaps de Cadaqu\u00e9s<\/em>, les\u00a0<em>\u201cflaones de Figueres\u201d<\/em>, le\u00a0<em>recuit<\/em>\u00a0(caill\u00e9) au miel et les\u00a0<em>brunyols<\/em>\u00a0de l\u2019Empord\u00e0 (beignets).<\/p>\n<p>Cette gastronomie a \u00e9t\u00e9 la base d\u2019une offre de restaurants de haute qualit\u00e9- C\u2019est \u00e0 quelques kilom\u00e8tres du camping Laguna, \u00e0 la Cala Montjoi, que se trouvait le mythique restaurant de Ferran Adri\u00e0, \u201cEl Bulli\u201d, qui r\u00e9volutionna la cuisine mondiale. De nombreux autres restaurants, \u00e0 commencer par \u201cEl Celler de Can Roca\u201d \u00e0 G\u00e9rone, ont obtenu un succ\u00e8s mondial et ont bien m\u00e9rit\u00e9 les \u00e9toiles d\u00e9cern\u00e9es par le prestigieux Guide Michelin.<\/p>\n","protected":false},"excerpt":{"rendered":"<p>La Catalogne poss\u00e8de tous les ingr\u00e9dients n\u00e9cessaires \u00e0 la meilleure gastronomie\u00a0\u00a8un territoire et un paysage aussi divers que les cuisines qui y perdurent, quelques-uns des meilleurs cuisiniers du monde et [&hellip;]<\/p>\n","protected":false},"author":2,"featured_media":20739,"parent":24156,"menu_order":1,"comment_status":"closed","ping_status":"closed","template":"","meta":{"_acf_changed":false,"footnotes":""},"class_list":["post-24168","page","type-page","status-publish","has-post-thumbnail","hentry"],"acf":[],"yoast_head":"<!-- This site is optimized with the Yoast SEO plugin v26.1.1 - https:\/\/yoast.com\/wordpress\/plugins\/seo\/ -->\n<title>Gastronomie - Camping Laguna<\/title>\n<meta name=\"description\" content=\"La Catalogne poss\u00e8de tous les ingr\u00e9dients n\u00e9cessaires \u00e0 la meilleure gastronomie\u00a0\u00a8un territoire et un paysage aussi divers que les cuisines qui y\" \/>\n<meta name=\"robots\" content=\"index, follow, max-snippet:-1, max-image-preview:large, max-video-preview:-1\" \/>\n<link rel=\"canonical\" href=\"https:\/\/www.campinglaguna.com\/que-hacer\/actividades\/cultura\/gastronomia\/\" \/>\n<meta property=\"og:locale\" content=\"fr_FR\" \/>\n<meta property=\"og:type\" content=\"article\" \/>\n<meta property=\"og:title\" content=\"Gastronomie - Camping Laguna\" \/>\n<meta property=\"og:description\" content=\"La Catalogne poss\u00e8de tous les ingr\u00e9dients n\u00e9cessaires \u00e0 la meilleure gastronomie\u00a0\u00a8un territoire et un paysage aussi divers que les cuisines qui y\" \/>\n<meta property=\"og:url\" content=\"https:\/\/www.campinglaguna.com\/que-hacer\/actividades\/cultura\/gastronomia\/\" \/>\n<meta property=\"og:site_name\" content=\"Camping Laguna\" \/>\n<meta property=\"article:modified_time\" content=\"2017-03-14T10:19:01+00:00\" \/>\n<meta property=\"og:image\" content=\"https:\/\/www.campinglaguna.com\/wp-content\/uploads\/principal6.jpg\" \/>\n\t<meta property=\"og:image:width\" content=\"1440\" \/>\n\t<meta property=\"og:image:height\" content=\"500\" \/>\n\t<meta property=\"og:image:type\" content=\"image\/jpeg\" \/>\n<meta name=\"twitter:card\" content=\"summary_large_image\" \/>\n<meta name=\"twitter:label1\" content=\"Dur\u00e9e de lecture estim\u00e9e\" \/>\n\t<meta name=\"twitter:data1\" content=\"2 minutes\" \/>\n<script type=\"application\/ld+json\" class=\"yoast-schema-graph\">{\"@context\":\"https:\/\/schema.org\",\"@graph\":[{\"@type\":\"WebPage\",\"@id\":\"https:\/\/www.campinglaguna.com\/que-hacer\/actividades\/cultura\/gastronomia\/\",\"url\":\"https:\/\/www.campinglaguna.com\/que-hacer\/actividades\/cultura\/gastronomia\/\",\"name\":\"Gastronomie - Camping Laguna\",\"isPartOf\":{\"@id\":\"https:\/\/www.campinglaguna.com\/#website\"},\"primaryImageOfPage\":{\"@id\":\"https:\/\/www.campinglaguna.com\/que-hacer\/actividades\/cultura\/gastronomia\/#primaryimage\"},\"image\":{\"@id\":\"https:\/\/www.campinglaguna.com\/que-hacer\/actividades\/cultura\/gastronomia\/#primaryimage\"},\"thumbnailUrl\":\"https:\/\/www.campinglaguna.com\/wp-content\/uploads\/principal6.jpg\",\"datePublished\":\"2017-03-14T10:18:52+00:00\",\"dateModified\":\"2017-03-14T10:19:01+00:00\",\"description\":\"La Catalogne poss\u00e8de tous les ingr\u00e9dients n\u00e9cessaires \u00e0 la meilleure gastronomie\u00a0\u00a8un territoire et un paysage aussi divers que les cuisines qui y\",\"breadcrumb\":{\"@id\":\"https:\/\/www.campinglaguna.com\/que-hacer\/actividades\/cultura\/gastronomia\/#breadcrumb\"},\"inLanguage\":\"fr-FR\",\"potentialAction\":[{\"@type\":\"ReadAction\",\"target\":[\"https:\/\/www.campinglaguna.com\/que-hacer\/actividades\/cultura\/gastronomia\/\"]}]},{\"@type\":\"ImageObject\",\"inLanguage\":\"fr-FR\",\"@id\":\"https:\/\/www.campinglaguna.com\/que-hacer\/actividades\/cultura\/gastronomia\/#primaryimage\",\"url\":\"https:\/\/www.campinglaguna.com\/wp-content\/uploads\/principal6.jpg\",\"contentUrl\":\"https:\/\/www.campinglaguna.com\/wp-content\/uploads\/principal6.jpg\",\"width\":1440,\"height\":500},{\"@type\":\"BreadcrumbList\",\"@id\":\"https:\/\/www.campinglaguna.com\/que-hacer\/actividades\/cultura\/gastronomia\/#breadcrumb\",\"itemListElement\":[{\"@type\":\"ListItem\",\"position\":1,\"name\":\"Camping Laguna\",\"item\":\"https:\/\/www.campinglaguna.com\/fr\/\"},{\"@type\":\"ListItem\",\"position\":2,\"name\":\"Que faire\",\"item\":\"https:\/\/www.campinglaguna.com\/fr\/que-faire\/\"},{\"@type\":\"ListItem\",\"position\":3,\"name\":\"Activit\u00e9s\",\"item\":\"https:\/\/www.campinglaguna.com\/fr\/que-faire\/activites\/\"},{\"@type\":\"ListItem\",\"position\":4,\"name\":\"Culture\",\"item\":\"https:\/\/www.campinglaguna.com\/fr\/que-faire\/activites\/culture\/\"},{\"@type\":\"ListItem\",\"position\":5,\"name\":\"Gastronomie\"}]},{\"@type\":\"WebSite\",\"@id\":\"https:\/\/www.campinglaguna.com\/#website\",\"url\":\"https:\/\/www.campinglaguna.com\/\",\"name\":\"Camping Laguna\",\"description\":\"Otro sitio realizado con WordPress\",\"publisher\":{\"@id\":\"https:\/\/www.campinglaguna.com\/#organization\"},\"potentialAction\":[{\"@type\":\"SearchAction\",\"target\":{\"@type\":\"EntryPoint\",\"urlTemplate\":\"https:\/\/www.campinglaguna.com\/?s={search_term_string}\"},\"query-input\":{\"@type\":\"PropertyValueSpecification\",\"valueRequired\":true,\"valueName\":\"search_term_string\"}}],\"inLanguage\":\"fr-FR\"},{\"@type\":\"Organization\",\"@id\":\"https:\/\/www.campinglaguna.com\/#organization\",\"name\":\"Camping Laguna\",\"url\":\"https:\/\/www.campinglaguna.com\/\",\"logo\":{\"@type\":\"ImageObject\",\"inLanguage\":\"fr-FR\",\"@id\":\"https:\/\/www.campinglaguna.com\/#\/schema\/logo\/image\/\",\"url\":\"https:\/\/www.campinglaguna.com\/wp-content\/uploads\/logo-laguna.png\",\"contentUrl\":\"https:\/\/www.campinglaguna.com\/wp-content\/uploads\/logo-laguna.png\",\"width\":263,\"height\":64,\"caption\":\"Camping Laguna\"},\"image\":{\"@id\":\"https:\/\/www.campinglaguna.com\/#\/schema\/logo\/image\/\"}}]}<\/script>\n<!-- \/ Yoast SEO plugin. -->","yoast_head_json":{"title":"Gastronomie - Camping Laguna","description":"La Catalogne poss\u00e8de tous les ingr\u00e9dients n\u00e9cessaires \u00e0 la meilleure gastronomie\u00a0\u00a8un territoire et un paysage aussi divers que les cuisines qui y","robots":{"index":"index","follow":"follow","max-snippet":"max-snippet:-1","max-image-preview":"max-image-preview:large","max-video-preview":"max-video-preview:-1"},"canonical":"https:\/\/www.campinglaguna.com\/que-hacer\/actividades\/cultura\/gastronomia\/","og_locale":"fr_FR","og_type":"article","og_title":"Gastronomie - Camping Laguna","og_description":"La Catalogne poss\u00e8de tous les ingr\u00e9dients n\u00e9cessaires \u00e0 la meilleure gastronomie\u00a0\u00a8un territoire et un paysage aussi divers que les cuisines qui y","og_url":"https:\/\/www.campinglaguna.com\/que-hacer\/actividades\/cultura\/gastronomia\/","og_site_name":"Camping Laguna","article_modified_time":"2017-03-14T10:19:01+00:00","og_image":[{"width":1440,"height":500,"url":"https:\/\/www.campinglaguna.com\/wp-content\/uploads\/principal6.jpg","type":"image\/jpeg"}],"twitter_card":"summary_large_image","twitter_misc":{"Dur\u00e9e de lecture estim\u00e9e":"2 minutes"},"schema":{"@context":"https:\/\/schema.org","@graph":[{"@type":"WebPage","@id":"https:\/\/www.campinglaguna.com\/que-hacer\/actividades\/cultura\/gastronomia\/","url":"https:\/\/www.campinglaguna.com\/que-hacer\/actividades\/cultura\/gastronomia\/","name":"Gastronomie - Camping Laguna","isPartOf":{"@id":"https:\/\/www.campinglaguna.com\/#website"},"primaryImageOfPage":{"@id":"https:\/\/www.campinglaguna.com\/que-hacer\/actividades\/cultura\/gastronomia\/#primaryimage"},"image":{"@id":"https:\/\/www.campinglaguna.com\/que-hacer\/actividades\/cultura\/gastronomia\/#primaryimage"},"thumbnailUrl":"https:\/\/www.campinglaguna.com\/wp-content\/uploads\/principal6.jpg","datePublished":"2017-03-14T10:18:52+00:00","dateModified":"2017-03-14T10:19:01+00:00","description":"La Catalogne poss\u00e8de tous les ingr\u00e9dients n\u00e9cessaires \u00e0 la meilleure gastronomie\u00a0\u00a8un territoire et un paysage aussi divers que les cuisines qui y","breadcrumb":{"@id":"https:\/\/www.campinglaguna.com\/que-hacer\/actividades\/cultura\/gastronomia\/#breadcrumb"},"inLanguage":"fr-FR","potentialAction":[{"@type":"ReadAction","target":["https:\/\/www.campinglaguna.com\/que-hacer\/actividades\/cultura\/gastronomia\/"]}]},{"@type":"ImageObject","inLanguage":"fr-FR","@id":"https:\/\/www.campinglaguna.com\/que-hacer\/actividades\/cultura\/gastronomia\/#primaryimage","url":"https:\/\/www.campinglaguna.com\/wp-content\/uploads\/principal6.jpg","contentUrl":"https:\/\/www.campinglaguna.com\/wp-content\/uploads\/principal6.jpg","width":1440,"height":500},{"@type":"BreadcrumbList","@id":"https:\/\/www.campinglaguna.com\/que-hacer\/actividades\/cultura\/gastronomia\/#breadcrumb","itemListElement":[{"@type":"ListItem","position":1,"name":"Camping Laguna","item":"https:\/\/www.campinglaguna.com\/fr\/"},{"@type":"ListItem","position":2,"name":"Que faire","item":"https:\/\/www.campinglaguna.com\/fr\/que-faire\/"},{"@type":"ListItem","position":3,"name":"Activit\u00e9s","item":"https:\/\/www.campinglaguna.com\/fr\/que-faire\/activites\/"},{"@type":"ListItem","position":4,"name":"Culture","item":"https:\/\/www.campinglaguna.com\/fr\/que-faire\/activites\/culture\/"},{"@type":"ListItem","position":5,"name":"Gastronomie"}]},{"@type":"WebSite","@id":"https:\/\/www.campinglaguna.com\/#website","url":"https:\/\/www.campinglaguna.com\/","name":"Camping Laguna","description":"Otro sitio realizado con WordPress","publisher":{"@id":"https:\/\/www.campinglaguna.com\/#organization"},"potentialAction":[{"@type":"SearchAction","target":{"@type":"EntryPoint","urlTemplate":"https:\/\/www.campinglaguna.com\/?s={search_term_string}"},"query-input":{"@type":"PropertyValueSpecification","valueRequired":true,"valueName":"search_term_string"}}],"inLanguage":"fr-FR"},{"@type":"Organization","@id":"https:\/\/www.campinglaguna.com\/#organization","name":"Camping Laguna","url":"https:\/\/www.campinglaguna.com\/","logo":{"@type":"ImageObject","inLanguage":"fr-FR","@id":"https:\/\/www.campinglaguna.com\/#\/schema\/logo\/image\/","url":"https:\/\/www.campinglaguna.com\/wp-content\/uploads\/logo-laguna.png","contentUrl":"https:\/\/www.campinglaguna.com\/wp-content\/uploads\/logo-laguna.png","width":263,"height":64,"caption":"Camping Laguna"},"image":{"@id":"https:\/\/www.campinglaguna.com\/#\/schema\/logo\/image\/"}}]}},"_links":{"self":[{"href":"https:\/\/www.campinglaguna.com\/fr\/wp-json\/wp\/v2\/pages\/24168","targetHints":{"allow":["GET"]}}],"collection":[{"href":"https:\/\/www.campinglaguna.com\/fr\/wp-json\/wp\/v2\/pages"}],"about":[{"href":"https:\/\/www.campinglaguna.com\/fr\/wp-json\/wp\/v2\/types\/page"}],"author":[{"embeddable":true,"href":"https:\/\/www.campinglaguna.com\/fr\/wp-json\/wp\/v2\/users\/2"}],"replies":[{"embeddable":true,"href":"https:\/\/www.campinglaguna.com\/fr\/wp-json\/wp\/v2\/comments?post=24168"}],"version-history":[{"count":1,"href":"https:\/\/www.campinglaguna.com\/fr\/wp-json\/wp\/v2\/pages\/24168\/revisions"}],"predecessor-version":[{"id":24169,"href":"https:\/\/www.campinglaguna.com\/fr\/wp-json\/wp\/v2\/pages\/24168\/revisions\/24169"}],"up":[{"embeddable":true,"href":"https:\/\/www.campinglaguna.com\/fr\/wp-json\/wp\/v2\/pages\/24156"}],"wp:featuredmedia":[{"embeddable":true,"href":"https:\/\/www.campinglaguna.com\/fr\/wp-json\/wp\/v2\/media\/20739"}],"wp:attachment":[{"href":"https:\/\/www.campinglaguna.com\/fr\/wp-json\/wp\/v2\/media?parent=24168"}],"curies":[{"name":"wp","href":"https:\/\/api.w.org\/{rel}","templated":true}]}}