{"id":24281,"date":"2017-03-14T13:11:30","date_gmt":"2017-03-14T12:11:30","guid":{"rendered":"https:\/\/www.campinglaguna.com\/que-faire\/activites\/culture\/salvador-dali\/"},"modified":"2017-03-14T13:12:41","modified_gmt":"2017-03-14T12:12:41","slug":"salvador-dali","status":"publish","type":"page","link":"https:\/\/www.campinglaguna.com\/fr\/que-faire\/activites\/culture\/salvador-dali\/","title":{"rendered":"Salvador Dali"},"content":{"rendered":"<p>Salvador Dal\u00ed est n\u00e9 \u00e0 Figueras un matin de printemps de 1904 dans le sein d\u2019une famille bourgeoise, fils d\u2019un notaire et de sa sensible \u00e9pouse passionn\u00e9e d\u2019oiseaux. Bien des ann\u00e9es plus tard, il \u00e9crirait dans la biographie\u00a0La Vie secr\u00e8te de Salvador Dal\u00ed\u00a0(1942)\u00a0: \u00ab\u00a0\u00c0 trois ans je voulais \u00eatre cuisinier. \u00c0 cinq, Napol\u00e9on. Ma seule ambition a \u00e9t\u00e9 de grandir et elle est maintenant d\u2019arriver \u00e0 n\u2019\u00eatre rien de plus que Salvador Dal\u00ed. Cependant, ce n\u2019est en rien facile car plus je me rapproche de Salvador Dal\u00ed et plus il s\u2019\u00e9loigne de moi\u00a0\u00bb.<\/p>\n<p>Le Th\u00e9\u00e2tre-Mus\u00e9e Dal\u00ed de Figueras fut inaugur\u00e9 en 1974 et est consid\u00e9r\u00e9 comme sa derni\u00e8re grande \u0153uvre. Tout y a \u00e9t\u00e9 con\u00e7u et dessin\u00e9 par l\u2019artiste dans le but d\u2019offrir au visiteur une v\u00e9ritable exp\u00e9rience et de l\u2019emmener dans son monde unique et captivant. Il expose les peintures les plus connues de cet artiste pour toujours associ\u00e9 au mouvement surr\u00e9aliste.<\/p>\n<p>Une visite \u00e0 Figueras (\u00e0 15 km du Camping Laguna) ne peut se faire sans une visite de l\u2019un des mus\u00e9es de peinture les plus particuliers du monde. Si vous d\u00e9sirez en savoir plus sur la vie et l\u2019\u0153uvre de Dal\u00ed nous vous conseillons de visiter aussi le ch\u00e2teau Gala-Dal\u00ed \u00e0 P\u00fabol et la maison de Salvador Dal\u00ed \u00e0 Portlligat (Cadaqu\u00e9s). Ces deux visites se font sur r\u00e9servation.<\/p>\n","protected":false},"excerpt":{"rendered":"<p>Salvador Dal\u00ed est n\u00e9 \u00e0 Figueras un matin de printemps de 1904 dans le sein d\u2019une famille bourgeoise, fils d\u2019un notaire et de sa sensible \u00e9pouse passionn\u00e9e d\u2019oiseaux. Bien des [&hellip;]<\/p>\n","protected":false},"author":2,"featured_media":20698,"parent":24156,"menu_order":8,"comment_status":"closed","ping_status":"closed","template":"","meta":{"_acf_changed":false,"footnotes":""},"class_list":["post-24281","page","type-page","status-publish","has-post-thumbnail","hentry"],"acf":[],"yoast_head":"<!-- This site is optimized with the Yoast SEO plugin v26.1.1 - https:\/\/yoast.com\/wordpress\/plugins\/seo\/ -->\n<title>Salvador Dali - Camping Laguna<\/title>\n<meta name=\"description\" content=\"Salvador Dal\u00ed est n\u00e9 \u00e0 Figueras un matin de printemps de 1904 dans le sein d\u2019une famille bourgeoise, fils d\u2019un notaire et de sa sensible \u00e9pouse passionn\u00e9e\" \/>\n<meta name=\"robots\" content=\"index, follow, max-snippet:-1, max-image-preview:large, max-video-preview:-1\" \/>\n<link rel=\"canonical\" href=\"https:\/\/www.campinglaguna.com\/que-hacer\/actividades\/cultura\/salvador-dali\/\" \/>\n<meta property=\"og:locale\" content=\"fr_FR\" \/>\n<meta property=\"og:type\" content=\"article\" \/>\n<meta property=\"og:title\" content=\"Salvador Dali - Camping Laguna\" \/>\n<meta property=\"og:description\" content=\"Salvador Dal\u00ed est n\u00e9 \u00e0 Figueras un matin de printemps de 1904 dans le sein d\u2019une famille bourgeoise, fils d\u2019un notaire et de sa sensible \u00e9pouse passionn\u00e9e\" \/>\n<meta property=\"og:url\" content=\"https:\/\/www.campinglaguna.com\/que-hacer\/actividades\/cultura\/salvador-dali\/\" \/>\n<meta property=\"og:site_name\" content=\"Camping Laguna\" \/>\n<meta property=\"article:modified_time\" content=\"2017-03-14T12:12:41+00:00\" \/>\n<meta property=\"og:image\" content=\"https:\/\/www.campinglaguna.com\/wp-content\/uploads\/dalilaguna.jpg\" \/>\n\t<meta property=\"og:image:width\" content=\"1440\" \/>\n\t<meta property=\"og:image:height\" content=\"500\" \/>\n\t<meta property=\"og:image:type\" content=\"image\/jpeg\" \/>\n<meta name=\"twitter:card\" content=\"summary_large_image\" \/>\n<meta name=\"twitter:label1\" content=\"Dur\u00e9e de lecture estim\u00e9e\" \/>\n\t<meta name=\"twitter:data1\" content=\"1 minute\" \/>\n<script type=\"application\/ld+json\" class=\"yoast-schema-graph\">{\"@context\":\"https:\/\/schema.org\",\"@graph\":[{\"@type\":\"WebPage\",\"@id\":\"https:\/\/www.campinglaguna.com\/que-hacer\/actividades\/cultura\/salvador-dali\/\",\"url\":\"https:\/\/www.campinglaguna.com\/que-hacer\/actividades\/cultura\/salvador-dali\/\",\"name\":\"Salvador Dali - Camping Laguna\",\"isPartOf\":{\"@id\":\"https:\/\/www.campinglaguna.com\/#website\"},\"primaryImageOfPage\":{\"@id\":\"https:\/\/www.campinglaguna.com\/que-hacer\/actividades\/cultura\/salvador-dali\/#primaryimage\"},\"image\":{\"@id\":\"https:\/\/www.campinglaguna.com\/que-hacer\/actividades\/cultura\/salvador-dali\/#primaryimage\"},\"thumbnailUrl\":\"https:\/\/www.campinglaguna.com\/wp-content\/uploads\/dalilaguna.jpg\",\"datePublished\":\"2017-03-14T12:11:30+00:00\",\"dateModified\":\"2017-03-14T12:12:41+00:00\",\"description\":\"Salvador Dal\u00ed est n\u00e9 \u00e0 Figueras un matin de printemps de 1904 dans le sein d\u2019une famille bourgeoise, fils d\u2019un notaire et de sa sensible \u00e9pouse passionn\u00e9e\",\"breadcrumb\":{\"@id\":\"https:\/\/www.campinglaguna.com\/que-hacer\/actividades\/cultura\/salvador-dali\/#breadcrumb\"},\"inLanguage\":\"fr-FR\",\"potentialAction\":[{\"@type\":\"ReadAction\",\"target\":[\"https:\/\/www.campinglaguna.com\/que-hacer\/actividades\/cultura\/salvador-dali\/\"]}]},{\"@type\":\"ImageObject\",\"inLanguage\":\"fr-FR\",\"@id\":\"https:\/\/www.campinglaguna.com\/que-hacer\/actividades\/cultura\/salvador-dali\/#primaryimage\",\"url\":\"https:\/\/www.campinglaguna.com\/wp-content\/uploads\/dalilaguna.jpg\",\"contentUrl\":\"https:\/\/www.campinglaguna.com\/wp-content\/uploads\/dalilaguna.jpg\",\"width\":1440,\"height\":500},{\"@type\":\"BreadcrumbList\",\"@id\":\"https:\/\/www.campinglaguna.com\/que-hacer\/actividades\/cultura\/salvador-dali\/#breadcrumb\",\"itemListElement\":[{\"@type\":\"ListItem\",\"position\":1,\"name\":\"Camping Laguna\",\"item\":\"https:\/\/www.campinglaguna.com\/fr\/\"},{\"@type\":\"ListItem\",\"position\":2,\"name\":\"Que faire\",\"item\":\"https:\/\/www.campinglaguna.com\/fr\/que-faire\/\"},{\"@type\":\"ListItem\",\"position\":3,\"name\":\"Activit\u00e9s\",\"item\":\"https:\/\/www.campinglaguna.com\/fr\/que-faire\/activites\/\"},{\"@type\":\"ListItem\",\"position\":4,\"name\":\"Culture\",\"item\":\"https:\/\/www.campinglaguna.com\/fr\/que-faire\/activites\/culture\/\"},{\"@type\":\"ListItem\",\"position\":5,\"name\":\"Salvador Dali\"}]},{\"@type\":\"WebSite\",\"@id\":\"https:\/\/www.campinglaguna.com\/#website\",\"url\":\"https:\/\/www.campinglaguna.com\/\",\"name\":\"Camping Laguna\",\"description\":\"Otro sitio realizado con WordPress\",\"publisher\":{\"@id\":\"https:\/\/www.campinglaguna.com\/#organization\"},\"potentialAction\":[{\"@type\":\"SearchAction\",\"target\":{\"@type\":\"EntryPoint\",\"urlTemplate\":\"https:\/\/www.campinglaguna.com\/?s={search_term_string}\"},\"query-input\":{\"@type\":\"PropertyValueSpecification\",\"valueRequired\":true,\"valueName\":\"search_term_string\"}}],\"inLanguage\":\"fr-FR\"},{\"@type\":\"Organization\",\"@id\":\"https:\/\/www.campinglaguna.com\/#organization\",\"name\":\"Camping Laguna\",\"url\":\"https:\/\/www.campinglaguna.com\/\",\"logo\":{\"@type\":\"ImageObject\",\"inLanguage\":\"fr-FR\",\"@id\":\"https:\/\/www.campinglaguna.com\/#\/schema\/logo\/image\/\",\"url\":\"https:\/\/www.campinglaguna.com\/wp-content\/uploads\/logo-laguna.png\",\"contentUrl\":\"https:\/\/www.campinglaguna.com\/wp-content\/uploads\/logo-laguna.png\",\"width\":263,\"height\":64,\"caption\":\"Camping Laguna\"},\"image\":{\"@id\":\"https:\/\/www.campinglaguna.com\/#\/schema\/logo\/image\/\"}}]}<\/script>\n<!-- \/ Yoast SEO plugin. -->","yoast_head_json":{"title":"Salvador Dali - Camping Laguna","description":"Salvador Dal\u00ed est n\u00e9 \u00e0 Figueras un matin de printemps de 1904 dans le sein d\u2019une famille bourgeoise, fils d\u2019un notaire et de sa sensible \u00e9pouse passionn\u00e9e","robots":{"index":"index","follow":"follow","max-snippet":"max-snippet:-1","max-image-preview":"max-image-preview:large","max-video-preview":"max-video-preview:-1"},"canonical":"https:\/\/www.campinglaguna.com\/que-hacer\/actividades\/cultura\/salvador-dali\/","og_locale":"fr_FR","og_type":"article","og_title":"Salvador Dali - Camping Laguna","og_description":"Salvador Dal\u00ed est n\u00e9 \u00e0 Figueras un matin de printemps de 1904 dans le sein d\u2019une famille bourgeoise, fils d\u2019un notaire et de sa sensible \u00e9pouse passionn\u00e9e","og_url":"https:\/\/www.campinglaguna.com\/que-hacer\/actividades\/cultura\/salvador-dali\/","og_site_name":"Camping Laguna","article_modified_time":"2017-03-14T12:12:41+00:00","og_image":[{"width":1440,"height":500,"url":"https:\/\/www.campinglaguna.com\/wp-content\/uploads\/dalilaguna.jpg","type":"image\/jpeg"}],"twitter_card":"summary_large_image","twitter_misc":{"Dur\u00e9e de lecture estim\u00e9e":"1 minute"},"schema":{"@context":"https:\/\/schema.org","@graph":[{"@type":"WebPage","@id":"https:\/\/www.campinglaguna.com\/que-hacer\/actividades\/cultura\/salvador-dali\/","url":"https:\/\/www.campinglaguna.com\/que-hacer\/actividades\/cultura\/salvador-dali\/","name":"Salvador Dali - Camping Laguna","isPartOf":{"@id":"https:\/\/www.campinglaguna.com\/#website"},"primaryImageOfPage":{"@id":"https:\/\/www.campinglaguna.com\/que-hacer\/actividades\/cultura\/salvador-dali\/#primaryimage"},"image":{"@id":"https:\/\/www.campinglaguna.com\/que-hacer\/actividades\/cultura\/salvador-dali\/#primaryimage"},"thumbnailUrl":"https:\/\/www.campinglaguna.com\/wp-content\/uploads\/dalilaguna.jpg","datePublished":"2017-03-14T12:11:30+00:00","dateModified":"2017-03-14T12:12:41+00:00","description":"Salvador Dal\u00ed est n\u00e9 \u00e0 Figueras un matin de printemps de 1904 dans le sein d\u2019une famille bourgeoise, fils d\u2019un notaire et de sa sensible \u00e9pouse passionn\u00e9e","breadcrumb":{"@id":"https:\/\/www.campinglaguna.com\/que-hacer\/actividades\/cultura\/salvador-dali\/#breadcrumb"},"inLanguage":"fr-FR","potentialAction":[{"@type":"ReadAction","target":["https:\/\/www.campinglaguna.com\/que-hacer\/actividades\/cultura\/salvador-dali\/"]}]},{"@type":"ImageObject","inLanguage":"fr-FR","@id":"https:\/\/www.campinglaguna.com\/que-hacer\/actividades\/cultura\/salvador-dali\/#primaryimage","url":"https:\/\/www.campinglaguna.com\/wp-content\/uploads\/dalilaguna.jpg","contentUrl":"https:\/\/www.campinglaguna.com\/wp-content\/uploads\/dalilaguna.jpg","width":1440,"height":500},{"@type":"BreadcrumbList","@id":"https:\/\/www.campinglaguna.com\/que-hacer\/actividades\/cultura\/salvador-dali\/#breadcrumb","itemListElement":[{"@type":"ListItem","position":1,"name":"Camping Laguna","item":"https:\/\/www.campinglaguna.com\/fr\/"},{"@type":"ListItem","position":2,"name":"Que faire","item":"https:\/\/www.campinglaguna.com\/fr\/que-faire\/"},{"@type":"ListItem","position":3,"name":"Activit\u00e9s","item":"https:\/\/www.campinglaguna.com\/fr\/que-faire\/activites\/"},{"@type":"ListItem","position":4,"name":"Culture","item":"https:\/\/www.campinglaguna.com\/fr\/que-faire\/activites\/culture\/"},{"@type":"ListItem","position":5,"name":"Salvador Dali"}]},{"@type":"WebSite","@id":"https:\/\/www.campinglaguna.com\/#website","url":"https:\/\/www.campinglaguna.com\/","name":"Camping Laguna","description":"Otro sitio realizado con WordPress","publisher":{"@id":"https:\/\/www.campinglaguna.com\/#organization"},"potentialAction":[{"@type":"SearchAction","target":{"@type":"EntryPoint","urlTemplate":"https:\/\/www.campinglaguna.com\/?s={search_term_string}"},"query-input":{"@type":"PropertyValueSpecification","valueRequired":true,"valueName":"search_term_string"}}],"inLanguage":"fr-FR"},{"@type":"Organization","@id":"https:\/\/www.campinglaguna.com\/#organization","name":"Camping Laguna","url":"https:\/\/www.campinglaguna.com\/","logo":{"@type":"ImageObject","inLanguage":"fr-FR","@id":"https:\/\/www.campinglaguna.com\/#\/schema\/logo\/image\/","url":"https:\/\/www.campinglaguna.com\/wp-content\/uploads\/logo-laguna.png","contentUrl":"https:\/\/www.campinglaguna.com\/wp-content\/uploads\/logo-laguna.png","width":263,"height":64,"caption":"Camping Laguna"},"image":{"@id":"https:\/\/www.campinglaguna.com\/#\/schema\/logo\/image\/"}}]}},"_links":{"self":[{"href":"https:\/\/www.campinglaguna.com\/fr\/wp-json\/wp\/v2\/pages\/24281","targetHints":{"allow":["GET"]}}],"collection":[{"href":"https:\/\/www.campinglaguna.com\/fr\/wp-json\/wp\/v2\/pages"}],"about":[{"href":"https:\/\/www.campinglaguna.com\/fr\/wp-json\/wp\/v2\/types\/page"}],"author":[{"embeddable":true,"href":"https:\/\/www.campinglaguna.com\/fr\/wp-json\/wp\/v2\/users\/2"}],"replies":[{"embeddable":true,"href":"https:\/\/www.campinglaguna.com\/fr\/wp-json\/wp\/v2\/comments?post=24281"}],"version-history":[{"count":1,"href":"https:\/\/www.campinglaguna.com\/fr\/wp-json\/wp\/v2\/pages\/24281\/revisions"}],"predecessor-version":[{"id":24295,"href":"https:\/\/www.campinglaguna.com\/fr\/wp-json\/wp\/v2\/pages\/24281\/revisions\/24295"}],"up":[{"embeddable":true,"href":"https:\/\/www.campinglaguna.com\/fr\/wp-json\/wp\/v2\/pages\/24156"}],"wp:featuredmedia":[{"embeddable":true,"href":"https:\/\/www.campinglaguna.com\/fr\/wp-json\/wp\/v2\/media\/20698"}],"wp:attachment":[{"href":"https:\/\/www.campinglaguna.com\/fr\/wp-json\/wp\/v2\/media?parent=24281"}],"curies":[{"name":"wp","href":"https:\/\/api.w.org\/{rel}","templated":true}]}}