{"id":24328,"date":"2017-03-14T13:26:47","date_gmt":"2017-03-14T12:26:47","guid":{"rendered":"https:\/\/www.campinglaguna.com\/que-faire\/activites\/loisirs\/empuriabrava\/"},"modified":"2017-03-14T13:26:58","modified_gmt":"2017-03-14T12:26:58","slug":"empuriabrava","status":"publish","type":"page","link":"https:\/\/www.campinglaguna.com\/fr\/que-faire\/activites\/loisirs\/empuriabrava\/","title":{"rendered":"Empuriabrava"},"content":{"rendered":"<p>Empuriabrava est la marina r\u00e9sidentielle la plus importante d\u2019Europe. Elle fut cr\u00e9\u00e9e en 1967 et compte 24 kilom\u00e8tres de canaux navigables. Elle s\u2019inspire de projets similaires surgis en Floride et de l\u2019id\u00e9al romantique de la Venise classique. Elle offre 5\u00a0000 amarres pour bateaux d\u2019une longueur pouvant aller jusqu\u2019\u00e0 26 m\u00e8tres, dont 700 sont destin\u00e9es aux visiteurs, et un \u00a0port de plaisance &#8211; a\u00e9rodrome de renomm\u00e9e internationale pour ses activit\u00e9s de pratique et comp\u00e9tition de parachutisme.<\/p>\n<p>Il est tr\u00e8s facile d\u2019aller \u00e0 la marina puisqu\u2019elle est situ\u00e9e \u00e0 c\u00f4t\u00e9 du camping dont elle n\u2019est s\u00e9par\u00e9e que par le fleuve Muga. Inutile de prendre la voiture, on peut y parvenir par la piste cyclable ou, \u00e9ventuellement, directement par la plage. Elle offre un grand \u00e9ventail de possibilit\u00e9s de loisirs pour tous les \u00e2ges\u00a0: tout type de sports nautiques, location de bateaux ou de voiliers, promenades en bateau sur les canaux, p\u00eache de loisir, parachutisme, vols d\u2019aviation l\u00e9g\u00e8re, t\u00fanel de viento (simulateur de chute libre), pitch&amp;putt, \u00a0gymnases, wellness, discoth\u00e8ques, bars, boutiques, de tr\u00e8s nombreux restaurants, un bowling, de grands supermarch\u00e9s, etc.<\/p>\n","protected":false},"excerpt":{"rendered":"<p>Empuriabrava est la marina r\u00e9sidentielle la plus importante d\u2019Europe. Elle fut cr\u00e9\u00e9e en 1967 et compte 24 kilom\u00e8tres de canaux navigables. Elle s\u2019inspire de projets similaires surgis en Floride et [&hellip;]<\/p>\n","protected":false},"author":2,"featured_media":20696,"parent":24310,"menu_order":1,"comment_status":"closed","ping_status":"closed","template":"","meta":{"_acf_changed":false,"footnotes":""},"class_list":["post-24328","page","type-page","status-publish","has-post-thumbnail","hentry"],"acf":[],"yoast_head":"<!-- This site is optimized with the Yoast SEO plugin v26.1.1 - https:\/\/yoast.com\/wordpress\/plugins\/seo\/ -->\n<title>Empuriabrava - Camping Laguna<\/title>\n<meta name=\"description\" content=\"Empuriabrava est la marina r\u00e9sidentielle la plus importante d\u2019Europe. Elle fut cr\u00e9\u00e9e en 1967 et compte 24 kilom\u00e8tres de canaux navigables. Elle s\u2019inspire\" \/>\n<meta name=\"robots\" content=\"index, follow, max-snippet:-1, max-image-preview:large, max-video-preview:-1\" \/>\n<link rel=\"canonical\" href=\"https:\/\/www.campinglaguna.com\/que-hacer\/actividades\/ocio\/ampuriabrava\/\" \/>\n<meta property=\"og:locale\" content=\"fr_FR\" \/>\n<meta property=\"og:type\" content=\"article\" \/>\n<meta property=\"og:title\" content=\"Empuriabrava - Camping Laguna\" \/>\n<meta property=\"og:description\" content=\"Empuriabrava est la marina r\u00e9sidentielle la plus importante d\u2019Europe. Elle fut cr\u00e9\u00e9e en 1967 et compte 24 kilom\u00e8tres de canaux navigables. Elle s\u2019inspire\" \/>\n<meta property=\"og:url\" content=\"https:\/\/www.campinglaguna.com\/que-hacer\/actividades\/ocio\/ampuriabrava\/\" \/>\n<meta property=\"og:site_name\" content=\"Camping Laguna\" \/>\n<meta property=\"article:modified_time\" content=\"2017-03-14T12:26:58+00:00\" \/>\n<meta property=\"og:image\" content=\"https:\/\/www.campinglaguna.com\/wp-content\/uploads\/ampuria01.jpg\" \/>\n\t<meta property=\"og:image:width\" content=\"1440\" \/>\n\t<meta property=\"og:image:height\" content=\"500\" \/>\n\t<meta property=\"og:image:type\" content=\"image\/jpeg\" \/>\n<meta name=\"twitter:card\" content=\"summary_large_image\" \/>\n<meta name=\"twitter:label1\" content=\"Dur\u00e9e de lecture estim\u00e9e\" \/>\n\t<meta name=\"twitter:data1\" content=\"1 minute\" \/>\n<script type=\"application\/ld+json\" class=\"yoast-schema-graph\">{\"@context\":\"https:\/\/schema.org\",\"@graph\":[{\"@type\":\"WebPage\",\"@id\":\"https:\/\/www.campinglaguna.com\/que-hacer\/actividades\/ocio\/ampuriabrava\/\",\"url\":\"https:\/\/www.campinglaguna.com\/que-hacer\/actividades\/ocio\/ampuriabrava\/\",\"name\":\"Empuriabrava - Camping Laguna\",\"isPartOf\":{\"@id\":\"https:\/\/www.campinglaguna.com\/#website\"},\"primaryImageOfPage\":{\"@id\":\"https:\/\/www.campinglaguna.com\/que-hacer\/actividades\/ocio\/ampuriabrava\/#primaryimage\"},\"image\":{\"@id\":\"https:\/\/www.campinglaguna.com\/que-hacer\/actividades\/ocio\/ampuriabrava\/#primaryimage\"},\"thumbnailUrl\":\"https:\/\/www.campinglaguna.com\/wp-content\/uploads\/ampuria01.jpg\",\"datePublished\":\"2017-03-14T12:26:47+00:00\",\"dateModified\":\"2017-03-14T12:26:58+00:00\",\"description\":\"Empuriabrava est la marina r\u00e9sidentielle la plus importante d\u2019Europe. Elle fut cr\u00e9\u00e9e en 1967 et compte 24 kilom\u00e8tres de canaux navigables. Elle s\u2019inspire\",\"breadcrumb\":{\"@id\":\"https:\/\/www.campinglaguna.com\/que-hacer\/actividades\/ocio\/ampuriabrava\/#breadcrumb\"},\"inLanguage\":\"fr-FR\",\"potentialAction\":[{\"@type\":\"ReadAction\",\"target\":[\"https:\/\/www.campinglaguna.com\/que-hacer\/actividades\/ocio\/ampuriabrava\/\"]}]},{\"@type\":\"ImageObject\",\"inLanguage\":\"fr-FR\",\"@id\":\"https:\/\/www.campinglaguna.com\/que-hacer\/actividades\/ocio\/ampuriabrava\/#primaryimage\",\"url\":\"https:\/\/www.campinglaguna.com\/wp-content\/uploads\/ampuria01.jpg\",\"contentUrl\":\"https:\/\/www.campinglaguna.com\/wp-content\/uploads\/ampuria01.jpg\",\"width\":1440,\"height\":500},{\"@type\":\"BreadcrumbList\",\"@id\":\"https:\/\/www.campinglaguna.com\/que-hacer\/actividades\/ocio\/ampuriabrava\/#breadcrumb\",\"itemListElement\":[{\"@type\":\"ListItem\",\"position\":1,\"name\":\"Camping Laguna\",\"item\":\"https:\/\/www.campinglaguna.com\/fr\/\"},{\"@type\":\"ListItem\",\"position\":2,\"name\":\"Que faire\",\"item\":\"https:\/\/www.campinglaguna.com\/fr\/que-faire\/\"},{\"@type\":\"ListItem\",\"position\":3,\"name\":\"Activit\u00e9s\",\"item\":\"https:\/\/www.campinglaguna.com\/fr\/que-faire\/activites\/\"},{\"@type\":\"ListItem\",\"position\":4,\"name\":\"Loisirs\",\"item\":\"https:\/\/www.campinglaguna.com\/que-hacer\/actividades\/ocio\/\"},{\"@type\":\"ListItem\",\"position\":5,\"name\":\"Empuriabrava\"}]},{\"@type\":\"WebSite\",\"@id\":\"https:\/\/www.campinglaguna.com\/#website\",\"url\":\"https:\/\/www.campinglaguna.com\/\",\"name\":\"Camping Laguna\",\"description\":\"Otro sitio realizado con WordPress\",\"publisher\":{\"@id\":\"https:\/\/www.campinglaguna.com\/#organization\"},\"potentialAction\":[{\"@type\":\"SearchAction\",\"target\":{\"@type\":\"EntryPoint\",\"urlTemplate\":\"https:\/\/www.campinglaguna.com\/?s={search_term_string}\"},\"query-input\":{\"@type\":\"PropertyValueSpecification\",\"valueRequired\":true,\"valueName\":\"search_term_string\"}}],\"inLanguage\":\"fr-FR\"},{\"@type\":\"Organization\",\"@id\":\"https:\/\/www.campinglaguna.com\/#organization\",\"name\":\"Camping Laguna\",\"url\":\"https:\/\/www.campinglaguna.com\/\",\"logo\":{\"@type\":\"ImageObject\",\"inLanguage\":\"fr-FR\",\"@id\":\"https:\/\/www.campinglaguna.com\/#\/schema\/logo\/image\/\",\"url\":\"https:\/\/www.campinglaguna.com\/wp-content\/uploads\/logo-laguna.png\",\"contentUrl\":\"https:\/\/www.campinglaguna.com\/wp-content\/uploads\/logo-laguna.png\",\"width\":263,\"height\":64,\"caption\":\"Camping Laguna\"},\"image\":{\"@id\":\"https:\/\/www.campinglaguna.com\/#\/schema\/logo\/image\/\"}}]}<\/script>\n<!-- \/ Yoast SEO plugin. -->","yoast_head_json":{"title":"Empuriabrava - Camping Laguna","description":"Empuriabrava est la marina r\u00e9sidentielle la plus importante d\u2019Europe. Elle fut cr\u00e9\u00e9e en 1967 et compte 24 kilom\u00e8tres de canaux navigables. Elle s\u2019inspire","robots":{"index":"index","follow":"follow","max-snippet":"max-snippet:-1","max-image-preview":"max-image-preview:large","max-video-preview":"max-video-preview:-1"},"canonical":"https:\/\/www.campinglaguna.com\/que-hacer\/actividades\/ocio\/ampuriabrava\/","og_locale":"fr_FR","og_type":"article","og_title":"Empuriabrava - Camping Laguna","og_description":"Empuriabrava est la marina r\u00e9sidentielle la plus importante d\u2019Europe. Elle fut cr\u00e9\u00e9e en 1967 et compte 24 kilom\u00e8tres de canaux navigables. Elle s\u2019inspire","og_url":"https:\/\/www.campinglaguna.com\/que-hacer\/actividades\/ocio\/ampuriabrava\/","og_site_name":"Camping Laguna","article_modified_time":"2017-03-14T12:26:58+00:00","og_image":[{"width":1440,"height":500,"url":"https:\/\/www.campinglaguna.com\/wp-content\/uploads\/ampuria01.jpg","type":"image\/jpeg"}],"twitter_card":"summary_large_image","twitter_misc":{"Dur\u00e9e de lecture estim\u00e9e":"1 minute"},"schema":{"@context":"https:\/\/schema.org","@graph":[{"@type":"WebPage","@id":"https:\/\/www.campinglaguna.com\/que-hacer\/actividades\/ocio\/ampuriabrava\/","url":"https:\/\/www.campinglaguna.com\/que-hacer\/actividades\/ocio\/ampuriabrava\/","name":"Empuriabrava - Camping Laguna","isPartOf":{"@id":"https:\/\/www.campinglaguna.com\/#website"},"primaryImageOfPage":{"@id":"https:\/\/www.campinglaguna.com\/que-hacer\/actividades\/ocio\/ampuriabrava\/#primaryimage"},"image":{"@id":"https:\/\/www.campinglaguna.com\/que-hacer\/actividades\/ocio\/ampuriabrava\/#primaryimage"},"thumbnailUrl":"https:\/\/www.campinglaguna.com\/wp-content\/uploads\/ampuria01.jpg","datePublished":"2017-03-14T12:26:47+00:00","dateModified":"2017-03-14T12:26:58+00:00","description":"Empuriabrava est la marina r\u00e9sidentielle la plus importante d\u2019Europe. Elle fut cr\u00e9\u00e9e en 1967 et compte 24 kilom\u00e8tres de canaux navigables. Elle s\u2019inspire","breadcrumb":{"@id":"https:\/\/www.campinglaguna.com\/que-hacer\/actividades\/ocio\/ampuriabrava\/#breadcrumb"},"inLanguage":"fr-FR","potentialAction":[{"@type":"ReadAction","target":["https:\/\/www.campinglaguna.com\/que-hacer\/actividades\/ocio\/ampuriabrava\/"]}]},{"@type":"ImageObject","inLanguage":"fr-FR","@id":"https:\/\/www.campinglaguna.com\/que-hacer\/actividades\/ocio\/ampuriabrava\/#primaryimage","url":"https:\/\/www.campinglaguna.com\/wp-content\/uploads\/ampuria01.jpg","contentUrl":"https:\/\/www.campinglaguna.com\/wp-content\/uploads\/ampuria01.jpg","width":1440,"height":500},{"@type":"BreadcrumbList","@id":"https:\/\/www.campinglaguna.com\/que-hacer\/actividades\/ocio\/ampuriabrava\/#breadcrumb","itemListElement":[{"@type":"ListItem","position":1,"name":"Camping Laguna","item":"https:\/\/www.campinglaguna.com\/fr\/"},{"@type":"ListItem","position":2,"name":"Que faire","item":"https:\/\/www.campinglaguna.com\/fr\/que-faire\/"},{"@type":"ListItem","position":3,"name":"Activit\u00e9s","item":"https:\/\/www.campinglaguna.com\/fr\/que-faire\/activites\/"},{"@type":"ListItem","position":4,"name":"Loisirs","item":"https:\/\/www.campinglaguna.com\/que-hacer\/actividades\/ocio\/"},{"@type":"ListItem","position":5,"name":"Empuriabrava"}]},{"@type":"WebSite","@id":"https:\/\/www.campinglaguna.com\/#website","url":"https:\/\/www.campinglaguna.com\/","name":"Camping Laguna","description":"Otro sitio realizado con WordPress","publisher":{"@id":"https:\/\/www.campinglaguna.com\/#organization"},"potentialAction":[{"@type":"SearchAction","target":{"@type":"EntryPoint","urlTemplate":"https:\/\/www.campinglaguna.com\/?s={search_term_string}"},"query-input":{"@type":"PropertyValueSpecification","valueRequired":true,"valueName":"search_term_string"}}],"inLanguage":"fr-FR"},{"@type":"Organization","@id":"https:\/\/www.campinglaguna.com\/#organization","name":"Camping Laguna","url":"https:\/\/www.campinglaguna.com\/","logo":{"@type":"ImageObject","inLanguage":"fr-FR","@id":"https:\/\/www.campinglaguna.com\/#\/schema\/logo\/image\/","url":"https:\/\/www.campinglaguna.com\/wp-content\/uploads\/logo-laguna.png","contentUrl":"https:\/\/www.campinglaguna.com\/wp-content\/uploads\/logo-laguna.png","width":263,"height":64,"caption":"Camping Laguna"},"image":{"@id":"https:\/\/www.campinglaguna.com\/#\/schema\/logo\/image\/"}}]}},"_links":{"self":[{"href":"https:\/\/www.campinglaguna.com\/fr\/wp-json\/wp\/v2\/pages\/24328","targetHints":{"allow":["GET"]}}],"collection":[{"href":"https:\/\/www.campinglaguna.com\/fr\/wp-json\/wp\/v2\/pages"}],"about":[{"href":"https:\/\/www.campinglaguna.com\/fr\/wp-json\/wp\/v2\/types\/page"}],"author":[{"embeddable":true,"href":"https:\/\/www.campinglaguna.com\/fr\/wp-json\/wp\/v2\/users\/2"}],"replies":[{"embeddable":true,"href":"https:\/\/www.campinglaguna.com\/fr\/wp-json\/wp\/v2\/comments?post=24328"}],"version-history":[{"count":1,"href":"https:\/\/www.campinglaguna.com\/fr\/wp-json\/wp\/v2\/pages\/24328\/revisions"}],"predecessor-version":[{"id":24329,"href":"https:\/\/www.campinglaguna.com\/fr\/wp-json\/wp\/v2\/pages\/24328\/revisions\/24329"}],"up":[{"embeddable":true,"href":"https:\/\/www.campinglaguna.com\/fr\/wp-json\/wp\/v2\/pages\/24310"}],"wp:featuredmedia":[{"embeddable":true,"href":"https:\/\/www.campinglaguna.com\/fr\/wp-json\/wp\/v2\/media\/20696"}],"wp:attachment":[{"href":"https:\/\/www.campinglaguna.com\/fr\/wp-json\/wp\/v2\/media?parent=24328"}],"curies":[{"name":"wp","href":"https:\/\/api.w.org\/{rel}","templated":true}]}}