{"id":24545,"date":"2017-03-15T10:13:56","date_gmt":"2017-03-15T09:13:56","guid":{"rendered":"https:\/\/www.campinglaguna.com\/camping\/services\/excursiones-turismo\/"},"modified":"2017-03-29T12:58:33","modified_gmt":"2017-03-29T10:58:33","slug":"excursiones-turismo","status":"publish","type":"page","link":"https:\/\/www.campinglaguna.com\/fr\/camping\/services\/excursiones-turismo\/","title":{"rendered":"Excursions &#038; Tourisme"},"content":{"rendered":"<p>La Costa Brava est l\u2019une des destinations touristiques plus importantes dans le monde.<\/p>\n<p>Si vous avez besoin d\u2019informations ou que vous voulez r\u00e9server une visite, le personnel de la Laguna de Camping vous pouvez aider et offrir de bons conseils. Vous y trouverez des plages et criques pour tous les go\u00fbts. Mais surtout, nous avons une histoire riche en art, de traditions, de gastronomie et de coutumes qui ont fa\u00e7onn\u00e9 un patrimoine unique que nous vous invitons \u00e0 d\u00e9couvrir. Notre kiosque d\u2019information est ouvert pendant les mois d\u2019\u00e9t\u00e9. Il peut r\u00e9server des excursions d\u2019une journ\u00e9e \u00e0 Barcelone, voyage en bateau \u00e0 fond de verre par le parc naturel du Cap de Creus, billets pour le parc de l\u2019eau de Roses et m\u00eame r\u00e9server un d\u00eener avec la musique flamenco.<\/p>\n<p>Si vous pr\u00e9f\u00e9rez une visite \u00e0 votre rythme, vous pouvez aider \u00e0 louer un v\u00e9hicule et vous fournir toutes sortes d\u2019informations, des brochures et des cartes. C\u2019est \u00e9galement un point de vente de timbres, billets de wifi ou de feuilles de r\u00e9servation de stationnement laveuse et r\u00e9frig\u00e9rateurs ou caravane. En dehors de la saison estivale nous vous offrons notre aide \u00e0 la r\u00e9ception du camping<\/p>\n","protected":false},"excerpt":{"rendered":"<p>La Costa Brava est l\u2019une des destinations touristiques plus importantes dans le monde. Si vous avez besoin d\u2019informations ou que vous voulez r\u00e9server une visite, le personnel de la Laguna [&hellip;]<\/p>\n","protected":false},"author":2,"featured_media":21607,"parent":24529,"menu_order":3,"comment_status":"closed","ping_status":"closed","template":"","meta":{"_acf_changed":false,"footnotes":""},"class_list":["post-24545","page","type-page","status-publish","has-post-thumbnail","hentry"],"acf":[],"yoast_head":"<!-- This site is optimized with the Yoast SEO plugin v26.1.1 - https:\/\/yoast.com\/wordpress\/plugins\/seo\/ -->\n<title>Excursions &amp; Tourisme - Camping Laguna<\/title>\n<meta name=\"description\" content=\"La Costa Brava est l\u2019une des destinations touristiques plus importantes dans le monde. Si vous avez besoin d\u2019informations ou que vous voulez r\u00e9server une\" \/>\n<meta name=\"robots\" content=\"index, follow, max-snippet:-1, max-image-preview:large, max-video-preview:-1\" \/>\n<link rel=\"canonical\" href=\"https:\/\/www.campinglaguna.com\/el-camping\/servicios\/excursiones\/\" \/>\n<meta property=\"og:locale\" content=\"fr_FR\" \/>\n<meta property=\"og:type\" content=\"article\" \/>\n<meta property=\"og:title\" content=\"Excursions &amp; Tourisme - Camping Laguna\" \/>\n<meta property=\"og:description\" content=\"La Costa Brava est l\u2019une des destinations touristiques plus importantes dans le monde. Si vous avez besoin d\u2019informations ou que vous voulez r\u00e9server une\" \/>\n<meta property=\"og:url\" content=\"https:\/\/www.campinglaguna.com\/el-camping\/servicios\/excursiones\/\" \/>\n<meta property=\"og:site_name\" content=\"Camping Laguna\" \/>\n<meta property=\"article:modified_time\" content=\"2017-03-29T10:58:33+00:00\" \/>\n<meta property=\"og:image\" content=\"https:\/\/www.campinglaguna.com\/wp-content\/uploads\/principal213.jpg\" \/>\n\t<meta property=\"og:image:width\" content=\"1440\" \/>\n\t<meta property=\"og:image:height\" content=\"500\" \/>\n\t<meta property=\"og:image:type\" content=\"image\/jpeg\" \/>\n<meta name=\"twitter:card\" content=\"summary_large_image\" \/>\n<meta name=\"twitter:label1\" content=\"Dur\u00e9e de lecture estim\u00e9e\" \/>\n\t<meta name=\"twitter:data1\" content=\"1 minute\" \/>\n<script type=\"application\/ld+json\" class=\"yoast-schema-graph\">{\"@context\":\"https:\/\/schema.org\",\"@graph\":[{\"@type\":\"WebPage\",\"@id\":\"https:\/\/www.campinglaguna.com\/el-camping\/servicios\/excursiones\/\",\"url\":\"https:\/\/www.campinglaguna.com\/el-camping\/servicios\/excursiones\/\",\"name\":\"Excursions & Tourisme - Camping Laguna\",\"isPartOf\":{\"@id\":\"https:\/\/www.campinglaguna.com\/#website\"},\"primaryImageOfPage\":{\"@id\":\"https:\/\/www.campinglaguna.com\/el-camping\/servicios\/excursiones\/#primaryimage\"},\"image\":{\"@id\":\"https:\/\/www.campinglaguna.com\/el-camping\/servicios\/excursiones\/#primaryimage\"},\"thumbnailUrl\":\"https:\/\/www.campinglaguna.com\/wp-content\/uploads\/principal213.jpg\",\"datePublished\":\"2017-03-15T09:13:56+00:00\",\"dateModified\":\"2017-03-29T10:58:33+00:00\",\"description\":\"La Costa Brava est l\u2019une des destinations touristiques plus importantes dans le monde. Si vous avez besoin d\u2019informations ou que vous voulez r\u00e9server une\",\"breadcrumb\":{\"@id\":\"https:\/\/www.campinglaguna.com\/el-camping\/servicios\/excursiones\/#breadcrumb\"},\"inLanguage\":\"fr-FR\",\"potentialAction\":[{\"@type\":\"ReadAction\",\"target\":[\"https:\/\/www.campinglaguna.com\/el-camping\/servicios\/excursiones\/\"]}]},{\"@type\":\"ImageObject\",\"inLanguage\":\"fr-FR\",\"@id\":\"https:\/\/www.campinglaguna.com\/el-camping\/servicios\/excursiones\/#primaryimage\",\"url\":\"https:\/\/www.campinglaguna.com\/wp-content\/uploads\/principal213.jpg\",\"contentUrl\":\"https:\/\/www.campinglaguna.com\/wp-content\/uploads\/principal213.jpg\",\"width\":1440,\"height\":500},{\"@type\":\"BreadcrumbList\",\"@id\":\"https:\/\/www.campinglaguna.com\/el-camping\/servicios\/excursiones\/#breadcrumb\",\"itemListElement\":[{\"@type\":\"ListItem\",\"position\":1,\"name\":\"Camping Laguna\",\"item\":\"https:\/\/www.campinglaguna.com\/fr\/\"},{\"@type\":\"ListItem\",\"position\":2,\"name\":\"Camping\",\"item\":\"https:\/\/www.campinglaguna.com\/fr\/camping\/\"},{\"@type\":\"ListItem\",\"position\":3,\"name\":\"Services\",\"item\":\"https:\/\/www.campinglaguna.com\/fr\/camping\/services\/\"},{\"@type\":\"ListItem\",\"position\":4,\"name\":\"Excursions &#038; Tourisme\"}]},{\"@type\":\"WebSite\",\"@id\":\"https:\/\/www.campinglaguna.com\/#website\",\"url\":\"https:\/\/www.campinglaguna.com\/\",\"name\":\"Camping Laguna\",\"description\":\"Otro sitio realizado con WordPress\",\"publisher\":{\"@id\":\"https:\/\/www.campinglaguna.com\/#organization\"},\"potentialAction\":[{\"@type\":\"SearchAction\",\"target\":{\"@type\":\"EntryPoint\",\"urlTemplate\":\"https:\/\/www.campinglaguna.com\/?s={search_term_string}\"},\"query-input\":{\"@type\":\"PropertyValueSpecification\",\"valueRequired\":true,\"valueName\":\"search_term_string\"}}],\"inLanguage\":\"fr-FR\"},{\"@type\":\"Organization\",\"@id\":\"https:\/\/www.campinglaguna.com\/#organization\",\"name\":\"Camping Laguna\",\"url\":\"https:\/\/www.campinglaguna.com\/\",\"logo\":{\"@type\":\"ImageObject\",\"inLanguage\":\"fr-FR\",\"@id\":\"https:\/\/www.campinglaguna.com\/#\/schema\/logo\/image\/\",\"url\":\"https:\/\/www.campinglaguna.com\/wp-content\/uploads\/logo-laguna.png\",\"contentUrl\":\"https:\/\/www.campinglaguna.com\/wp-content\/uploads\/logo-laguna.png\",\"width\":263,\"height\":64,\"caption\":\"Camping Laguna\"},\"image\":{\"@id\":\"https:\/\/www.campinglaguna.com\/#\/schema\/logo\/image\/\"}}]}<\/script>\n<!-- \/ Yoast SEO plugin. -->","yoast_head_json":{"title":"Excursions & Tourisme - Camping Laguna","description":"La Costa Brava est l\u2019une des destinations touristiques plus importantes dans le monde. Si vous avez besoin d\u2019informations ou que vous voulez r\u00e9server une","robots":{"index":"index","follow":"follow","max-snippet":"max-snippet:-1","max-image-preview":"max-image-preview:large","max-video-preview":"max-video-preview:-1"},"canonical":"https:\/\/www.campinglaguna.com\/el-camping\/servicios\/excursiones\/","og_locale":"fr_FR","og_type":"article","og_title":"Excursions & Tourisme - Camping Laguna","og_description":"La Costa Brava est l\u2019une des destinations touristiques plus importantes dans le monde. Si vous avez besoin d\u2019informations ou que vous voulez r\u00e9server une","og_url":"https:\/\/www.campinglaguna.com\/el-camping\/servicios\/excursiones\/","og_site_name":"Camping Laguna","article_modified_time":"2017-03-29T10:58:33+00:00","og_image":[{"width":1440,"height":500,"url":"https:\/\/www.campinglaguna.com\/wp-content\/uploads\/principal213.jpg","type":"image\/jpeg"}],"twitter_card":"summary_large_image","twitter_misc":{"Dur\u00e9e de lecture estim\u00e9e":"1 minute"},"schema":{"@context":"https:\/\/schema.org","@graph":[{"@type":"WebPage","@id":"https:\/\/www.campinglaguna.com\/el-camping\/servicios\/excursiones\/","url":"https:\/\/www.campinglaguna.com\/el-camping\/servicios\/excursiones\/","name":"Excursions & Tourisme - Camping Laguna","isPartOf":{"@id":"https:\/\/www.campinglaguna.com\/#website"},"primaryImageOfPage":{"@id":"https:\/\/www.campinglaguna.com\/el-camping\/servicios\/excursiones\/#primaryimage"},"image":{"@id":"https:\/\/www.campinglaguna.com\/el-camping\/servicios\/excursiones\/#primaryimage"},"thumbnailUrl":"https:\/\/www.campinglaguna.com\/wp-content\/uploads\/principal213.jpg","datePublished":"2017-03-15T09:13:56+00:00","dateModified":"2017-03-29T10:58:33+00:00","description":"La Costa Brava est l\u2019une des destinations touristiques plus importantes dans le monde. Si vous avez besoin d\u2019informations ou que vous voulez r\u00e9server une","breadcrumb":{"@id":"https:\/\/www.campinglaguna.com\/el-camping\/servicios\/excursiones\/#breadcrumb"},"inLanguage":"fr-FR","potentialAction":[{"@type":"ReadAction","target":["https:\/\/www.campinglaguna.com\/el-camping\/servicios\/excursiones\/"]}]},{"@type":"ImageObject","inLanguage":"fr-FR","@id":"https:\/\/www.campinglaguna.com\/el-camping\/servicios\/excursiones\/#primaryimage","url":"https:\/\/www.campinglaguna.com\/wp-content\/uploads\/principal213.jpg","contentUrl":"https:\/\/www.campinglaguna.com\/wp-content\/uploads\/principal213.jpg","width":1440,"height":500},{"@type":"BreadcrumbList","@id":"https:\/\/www.campinglaguna.com\/el-camping\/servicios\/excursiones\/#breadcrumb","itemListElement":[{"@type":"ListItem","position":1,"name":"Camping Laguna","item":"https:\/\/www.campinglaguna.com\/fr\/"},{"@type":"ListItem","position":2,"name":"Camping","item":"https:\/\/www.campinglaguna.com\/fr\/camping\/"},{"@type":"ListItem","position":3,"name":"Services","item":"https:\/\/www.campinglaguna.com\/fr\/camping\/services\/"},{"@type":"ListItem","position":4,"name":"Excursions &#038; Tourisme"}]},{"@type":"WebSite","@id":"https:\/\/www.campinglaguna.com\/#website","url":"https:\/\/www.campinglaguna.com\/","name":"Camping Laguna","description":"Otro sitio realizado con WordPress","publisher":{"@id":"https:\/\/www.campinglaguna.com\/#organization"},"potentialAction":[{"@type":"SearchAction","target":{"@type":"EntryPoint","urlTemplate":"https:\/\/www.campinglaguna.com\/?s={search_term_string}"},"query-input":{"@type":"PropertyValueSpecification","valueRequired":true,"valueName":"search_term_string"}}],"inLanguage":"fr-FR"},{"@type":"Organization","@id":"https:\/\/www.campinglaguna.com\/#organization","name":"Camping Laguna","url":"https:\/\/www.campinglaguna.com\/","logo":{"@type":"ImageObject","inLanguage":"fr-FR","@id":"https:\/\/www.campinglaguna.com\/#\/schema\/logo\/image\/","url":"https:\/\/www.campinglaguna.com\/wp-content\/uploads\/logo-laguna.png","contentUrl":"https:\/\/www.campinglaguna.com\/wp-content\/uploads\/logo-laguna.png","width":263,"height":64,"caption":"Camping Laguna"},"image":{"@id":"https:\/\/www.campinglaguna.com\/#\/schema\/logo\/image\/"}}]}},"_links":{"self":[{"href":"https:\/\/www.campinglaguna.com\/fr\/wp-json\/wp\/v2\/pages\/24545","targetHints":{"allow":["GET"]}}],"collection":[{"href":"https:\/\/www.campinglaguna.com\/fr\/wp-json\/wp\/v2\/pages"}],"about":[{"href":"https:\/\/www.campinglaguna.com\/fr\/wp-json\/wp\/v2\/types\/page"}],"author":[{"embeddable":true,"href":"https:\/\/www.campinglaguna.com\/fr\/wp-json\/wp\/v2\/users\/2"}],"replies":[{"embeddable":true,"href":"https:\/\/www.campinglaguna.com\/fr\/wp-json\/wp\/v2\/comments?post=24545"}],"version-history":[{"count":3,"href":"https:\/\/www.campinglaguna.com\/fr\/wp-json\/wp\/v2\/pages\/24545\/revisions"}],"predecessor-version":[{"id":25282,"href":"https:\/\/www.campinglaguna.com\/fr\/wp-json\/wp\/v2\/pages\/24545\/revisions\/25282"}],"up":[{"embeddable":true,"href":"https:\/\/www.campinglaguna.com\/fr\/wp-json\/wp\/v2\/pages\/24529"}],"wp:featuredmedia":[{"embeddable":true,"href":"https:\/\/www.campinglaguna.com\/fr\/wp-json\/wp\/v2\/media\/21607"}],"wp:attachment":[{"href":"https:\/\/www.campinglaguna.com\/fr\/wp-json\/wp\/v2\/media?parent=24545"}],"curies":[{"name":"wp","href":"https:\/\/api.w.org\/{rel}","templated":true}]}}