{"id":24549,"date":"2017-03-15T10:16:38","date_gmt":"2017-03-15T09:16:38","guid":{"rendered":"https:\/\/www.campinglaguna.com\/camping\/services\/sanitarios-y-lavanderia\/"},"modified":"2017-03-29T13:04:31","modified_gmt":"2017-03-29T11:04:31","slug":"sanitarios-y-lavanderia","status":"publish","type":"page","link":"https:\/\/www.campinglaguna.com\/fr\/camping\/services\/sanitarios-y-lavanderia\/","title":{"rendered":"Sanitaires"},"content":{"rendered":"<div class=\"columna-wrapper seccion-destacamos\">\n<div class=\"columna col1-2\">\n<h2>Le meilleur<\/h2>\n<ul>\n<li>5 bloques sanitaires.<\/li>\n<li>Installations impeccablement propres, modernes et confortables.<\/li>\n<li>Respectueux de l\u2019environnement.<\/li>\n<li>Accessible aux personnes handicap\u00e9es.<\/li>\n<\/ul>\n<\/div>\n<div class=\"columna col1-2 \">\n<h2>Quelques extras<\/h2>\n<ul>\n<li>Cabines individuelles.<\/li>\n<li>Salle de bains avec baignoire pour votre b\u00e9b\u00e9.<\/li>\n<li>Toilettes adapt\u00e9es aux enfants<\/li>\n<li>Sp\u00e9ciales point de nettoyage de chiens.<\/li>\n<li>Points\u00a0de drainage du d\u00e9p\u00f4ts des caravanes.<\/li>\n<\/ul>\n<\/div>\n<\/div>\n<hr \/>\n<h2>Pour votre confort<\/h2>\n<p>Nous avons cinq blocs sanitaires partout dans le camping afin que leur acc\u00e8s n\u2019est pas loin de n\u2019importe quel terrain. Dedans, vous vous sentirez \u00e0 la maison.<\/p>\n<p>Moderne, confortable et avec un niveau de propret\u00e9 impeccable. Nous nous soucions beaucoup du respect de l\u2019environnement. Tous les blocs sanitaires sont parfaitement int\u00e9gr\u00e9s dans le paysage qui les entoure et ont des panneaux solaires pour la production d\u2019eau chaude, \u00e9clairage et syst\u00e8mes d\u2019\u00e9conomie d\u2019eau. Il y a des toilettes adapt\u00e9es aux enfants, baignoires pour b\u00e9b\u00e9s et cabines individuelles. Bien s\u00fbr, \u00e9galement des toilettes pour les personnes handicap\u00e9es.<\/p>\n<p>\u00c0 l\u2019ext\u00e9rieur de chaque bloc sanitaire, vous trouverez des points de vidange des r\u00e9servoirs des eaux us\u00e9es des caravanes et dans certains d&rsquo;entre eux, points de nettoyage pour votre animal de compagnie.<\/p>\n","protected":false},"excerpt":{"rendered":"<p>Le meilleur 5 bloques sanitaires. Installations impeccablement propres, modernes et confortables. Respectueux de l\u2019environnement. Accessible aux personnes handicap\u00e9es. Quelques extras Cabines individuelles. Salle de bains avec baignoire pour votre b\u00e9b\u00e9. [&hellip;]<\/p>\n","protected":false},"author":2,"featured_media":21625,"parent":24529,"menu_order":4,"comment_status":"closed","ping_status":"closed","template":"","meta":{"_acf_changed":false,"footnotes":""},"class_list":["post-24549","page","type-page","status-publish","has-post-thumbnail","hentry"],"acf":[],"yoast_head":"<!-- This site is optimized with the Yoast SEO plugin v26.1.1 - https:\/\/yoast.com\/wordpress\/plugins\/seo\/ -->\n<title>Sanitaires - Camping Laguna<\/title>\n<meta name=\"description\" content=\"Le meilleur 5 bloques sanitaires. Installations impeccablement propres, modernes et confortables. Respectueux de l\u2019environnement. Accessible aux personnes\" \/>\n<meta name=\"robots\" content=\"index, follow, max-snippet:-1, max-image-preview:large, max-video-preview:-1\" \/>\n<link rel=\"canonical\" href=\"https:\/\/www.campinglaguna.com\/el-camping\/servicios\/sanitarios-y-lavanderia\/\" \/>\n<meta property=\"og:locale\" content=\"fr_FR\" \/>\n<meta property=\"og:type\" content=\"article\" \/>\n<meta property=\"og:title\" content=\"Sanitaires - Camping Laguna\" \/>\n<meta property=\"og:description\" content=\"Le meilleur 5 bloques sanitaires. Installations impeccablement propres, modernes et confortables. Respectueux de l\u2019environnement. Accessible aux personnes\" \/>\n<meta property=\"og:url\" content=\"https:\/\/www.campinglaguna.com\/el-camping\/servicios\/sanitarios-y-lavanderia\/\" \/>\n<meta property=\"og:site_name\" content=\"Camping Laguna\" \/>\n<meta property=\"article:modified_time\" content=\"2017-03-29T11:04:31+00:00\" \/>\n<meta property=\"og:image\" content=\"https:\/\/www.campinglaguna.com\/wp-content\/uploads\/Sanit3.jpg\" \/>\n\t<meta property=\"og:image:width\" content=\"1440\" \/>\n\t<meta property=\"og:image:height\" content=\"500\" \/>\n\t<meta property=\"og:image:type\" content=\"image\/jpeg\" \/>\n<meta name=\"twitter:card\" content=\"summary_large_image\" \/>\n<meta name=\"twitter:label1\" content=\"Dur\u00e9e de lecture estim\u00e9e\" \/>\n\t<meta name=\"twitter:data1\" content=\"1 minute\" \/>\n<script type=\"application\/ld+json\" class=\"yoast-schema-graph\">{\"@context\":\"https:\/\/schema.org\",\"@graph\":[{\"@type\":\"WebPage\",\"@id\":\"https:\/\/www.campinglaguna.com\/el-camping\/servicios\/sanitarios-y-lavanderia\/\",\"url\":\"https:\/\/www.campinglaguna.com\/el-camping\/servicios\/sanitarios-y-lavanderia\/\",\"name\":\"Sanitaires - Camping Laguna\",\"isPartOf\":{\"@id\":\"https:\/\/www.campinglaguna.com\/#website\"},\"primaryImageOfPage\":{\"@id\":\"https:\/\/www.campinglaguna.com\/el-camping\/servicios\/sanitarios-y-lavanderia\/#primaryimage\"},\"image\":{\"@id\":\"https:\/\/www.campinglaguna.com\/el-camping\/servicios\/sanitarios-y-lavanderia\/#primaryimage\"},\"thumbnailUrl\":\"https:\/\/www.campinglaguna.com\/wp-content\/uploads\/Sanit3.jpg\",\"datePublished\":\"2017-03-15T09:16:38+00:00\",\"dateModified\":\"2017-03-29T11:04:31+00:00\",\"description\":\"Le meilleur 5 bloques sanitaires. Installations impeccablement propres, modernes et confortables. Respectueux de l\u2019environnement. Accessible aux personnes\",\"breadcrumb\":{\"@id\":\"https:\/\/www.campinglaguna.com\/el-camping\/servicios\/sanitarios-y-lavanderia\/#breadcrumb\"},\"inLanguage\":\"fr-FR\",\"potentialAction\":[{\"@type\":\"ReadAction\",\"target\":[\"https:\/\/www.campinglaguna.com\/el-camping\/servicios\/sanitarios-y-lavanderia\/\"]}]},{\"@type\":\"ImageObject\",\"inLanguage\":\"fr-FR\",\"@id\":\"https:\/\/www.campinglaguna.com\/el-camping\/servicios\/sanitarios-y-lavanderia\/#primaryimage\",\"url\":\"https:\/\/www.campinglaguna.com\/wp-content\/uploads\/Sanit3.jpg\",\"contentUrl\":\"https:\/\/www.campinglaguna.com\/wp-content\/uploads\/Sanit3.jpg\",\"width\":1440,\"height\":500},{\"@type\":\"BreadcrumbList\",\"@id\":\"https:\/\/www.campinglaguna.com\/el-camping\/servicios\/sanitarios-y-lavanderia\/#breadcrumb\",\"itemListElement\":[{\"@type\":\"ListItem\",\"position\":1,\"name\":\"Camping Laguna\",\"item\":\"https:\/\/www.campinglaguna.com\/fr\/\"},{\"@type\":\"ListItem\",\"position\":2,\"name\":\"Camping\",\"item\":\"https:\/\/www.campinglaguna.com\/fr\/camping\/\"},{\"@type\":\"ListItem\",\"position\":3,\"name\":\"Services\",\"item\":\"https:\/\/www.campinglaguna.com\/fr\/camping\/services\/\"},{\"@type\":\"ListItem\",\"position\":4,\"name\":\"Sanitaires\"}]},{\"@type\":\"WebSite\",\"@id\":\"https:\/\/www.campinglaguna.com\/#website\",\"url\":\"https:\/\/www.campinglaguna.com\/\",\"name\":\"Camping Laguna\",\"description\":\"Otro sitio realizado con WordPress\",\"publisher\":{\"@id\":\"https:\/\/www.campinglaguna.com\/#organization\"},\"potentialAction\":[{\"@type\":\"SearchAction\",\"target\":{\"@type\":\"EntryPoint\",\"urlTemplate\":\"https:\/\/www.campinglaguna.com\/?s={search_term_string}\"},\"query-input\":{\"@type\":\"PropertyValueSpecification\",\"valueRequired\":true,\"valueName\":\"search_term_string\"}}],\"inLanguage\":\"fr-FR\"},{\"@type\":\"Organization\",\"@id\":\"https:\/\/www.campinglaguna.com\/#organization\",\"name\":\"Camping Laguna\",\"url\":\"https:\/\/www.campinglaguna.com\/\",\"logo\":{\"@type\":\"ImageObject\",\"inLanguage\":\"fr-FR\",\"@id\":\"https:\/\/www.campinglaguna.com\/#\/schema\/logo\/image\/\",\"url\":\"https:\/\/www.campinglaguna.com\/wp-content\/uploads\/logo-laguna.png\",\"contentUrl\":\"https:\/\/www.campinglaguna.com\/wp-content\/uploads\/logo-laguna.png\",\"width\":263,\"height\":64,\"caption\":\"Camping Laguna\"},\"image\":{\"@id\":\"https:\/\/www.campinglaguna.com\/#\/schema\/logo\/image\/\"}}]}<\/script>\n<!-- \/ Yoast SEO plugin. -->","yoast_head_json":{"title":"Sanitaires - Camping Laguna","description":"Le meilleur 5 bloques sanitaires. Installations impeccablement propres, modernes et confortables. Respectueux de l\u2019environnement. Accessible aux personnes","robots":{"index":"index","follow":"follow","max-snippet":"max-snippet:-1","max-image-preview":"max-image-preview:large","max-video-preview":"max-video-preview:-1"},"canonical":"https:\/\/www.campinglaguna.com\/el-camping\/servicios\/sanitarios-y-lavanderia\/","og_locale":"fr_FR","og_type":"article","og_title":"Sanitaires - Camping Laguna","og_description":"Le meilleur 5 bloques sanitaires. Installations impeccablement propres, modernes et confortables. Respectueux de l\u2019environnement. Accessible aux personnes","og_url":"https:\/\/www.campinglaguna.com\/el-camping\/servicios\/sanitarios-y-lavanderia\/","og_site_name":"Camping Laguna","article_modified_time":"2017-03-29T11:04:31+00:00","og_image":[{"width":1440,"height":500,"url":"https:\/\/www.campinglaguna.com\/wp-content\/uploads\/Sanit3.jpg","type":"image\/jpeg"}],"twitter_card":"summary_large_image","twitter_misc":{"Dur\u00e9e de lecture estim\u00e9e":"1 minute"},"schema":{"@context":"https:\/\/schema.org","@graph":[{"@type":"WebPage","@id":"https:\/\/www.campinglaguna.com\/el-camping\/servicios\/sanitarios-y-lavanderia\/","url":"https:\/\/www.campinglaguna.com\/el-camping\/servicios\/sanitarios-y-lavanderia\/","name":"Sanitaires - Camping Laguna","isPartOf":{"@id":"https:\/\/www.campinglaguna.com\/#website"},"primaryImageOfPage":{"@id":"https:\/\/www.campinglaguna.com\/el-camping\/servicios\/sanitarios-y-lavanderia\/#primaryimage"},"image":{"@id":"https:\/\/www.campinglaguna.com\/el-camping\/servicios\/sanitarios-y-lavanderia\/#primaryimage"},"thumbnailUrl":"https:\/\/www.campinglaguna.com\/wp-content\/uploads\/Sanit3.jpg","datePublished":"2017-03-15T09:16:38+00:00","dateModified":"2017-03-29T11:04:31+00:00","description":"Le meilleur 5 bloques sanitaires. Installations impeccablement propres, modernes et confortables. Respectueux de l\u2019environnement. Accessible aux personnes","breadcrumb":{"@id":"https:\/\/www.campinglaguna.com\/el-camping\/servicios\/sanitarios-y-lavanderia\/#breadcrumb"},"inLanguage":"fr-FR","potentialAction":[{"@type":"ReadAction","target":["https:\/\/www.campinglaguna.com\/el-camping\/servicios\/sanitarios-y-lavanderia\/"]}]},{"@type":"ImageObject","inLanguage":"fr-FR","@id":"https:\/\/www.campinglaguna.com\/el-camping\/servicios\/sanitarios-y-lavanderia\/#primaryimage","url":"https:\/\/www.campinglaguna.com\/wp-content\/uploads\/Sanit3.jpg","contentUrl":"https:\/\/www.campinglaguna.com\/wp-content\/uploads\/Sanit3.jpg","width":1440,"height":500},{"@type":"BreadcrumbList","@id":"https:\/\/www.campinglaguna.com\/el-camping\/servicios\/sanitarios-y-lavanderia\/#breadcrumb","itemListElement":[{"@type":"ListItem","position":1,"name":"Camping Laguna","item":"https:\/\/www.campinglaguna.com\/fr\/"},{"@type":"ListItem","position":2,"name":"Camping","item":"https:\/\/www.campinglaguna.com\/fr\/camping\/"},{"@type":"ListItem","position":3,"name":"Services","item":"https:\/\/www.campinglaguna.com\/fr\/camping\/services\/"},{"@type":"ListItem","position":4,"name":"Sanitaires"}]},{"@type":"WebSite","@id":"https:\/\/www.campinglaguna.com\/#website","url":"https:\/\/www.campinglaguna.com\/","name":"Camping Laguna","description":"Otro sitio realizado con WordPress","publisher":{"@id":"https:\/\/www.campinglaguna.com\/#organization"},"potentialAction":[{"@type":"SearchAction","target":{"@type":"EntryPoint","urlTemplate":"https:\/\/www.campinglaguna.com\/?s={search_term_string}"},"query-input":{"@type":"PropertyValueSpecification","valueRequired":true,"valueName":"search_term_string"}}],"inLanguage":"fr-FR"},{"@type":"Organization","@id":"https:\/\/www.campinglaguna.com\/#organization","name":"Camping Laguna","url":"https:\/\/www.campinglaguna.com\/","logo":{"@type":"ImageObject","inLanguage":"fr-FR","@id":"https:\/\/www.campinglaguna.com\/#\/schema\/logo\/image\/","url":"https:\/\/www.campinglaguna.com\/wp-content\/uploads\/logo-laguna.png","contentUrl":"https:\/\/www.campinglaguna.com\/wp-content\/uploads\/logo-laguna.png","width":263,"height":64,"caption":"Camping Laguna"},"image":{"@id":"https:\/\/www.campinglaguna.com\/#\/schema\/logo\/image\/"}}]}},"_links":{"self":[{"href":"https:\/\/www.campinglaguna.com\/fr\/wp-json\/wp\/v2\/pages\/24549","targetHints":{"allow":["GET"]}}],"collection":[{"href":"https:\/\/www.campinglaguna.com\/fr\/wp-json\/wp\/v2\/pages"}],"about":[{"href":"https:\/\/www.campinglaguna.com\/fr\/wp-json\/wp\/v2\/types\/page"}],"author":[{"embeddable":true,"href":"https:\/\/www.campinglaguna.com\/fr\/wp-json\/wp\/v2\/users\/2"}],"replies":[{"embeddable":true,"href":"https:\/\/www.campinglaguna.com\/fr\/wp-json\/wp\/v2\/comments?post=24549"}],"version-history":[{"count":2,"href":"https:\/\/www.campinglaguna.com\/fr\/wp-json\/wp\/v2\/pages\/24549\/revisions"}],"predecessor-version":[{"id":25284,"href":"https:\/\/www.campinglaguna.com\/fr\/wp-json\/wp\/v2\/pages\/24549\/revisions\/25284"}],"up":[{"embeddable":true,"href":"https:\/\/www.campinglaguna.com\/fr\/wp-json\/wp\/v2\/pages\/24529"}],"wp:featuredmedia":[{"embeddable":true,"href":"https:\/\/www.campinglaguna.com\/fr\/wp-json\/wp\/v2\/media\/21625"}],"wp:attachment":[{"href":"https:\/\/www.campinglaguna.com\/fr\/wp-json\/wp\/v2\/media?parent=24549"}],"curies":[{"name":"wp","href":"https:\/\/api.w.org\/{rel}","templated":true}]}}