{"id":24552,"date":"2017-03-15T10:18:39","date_gmt":"2017-03-15T09:18:39","guid":{"rendered":"https:\/\/www.campinglaguna.com\/camping\/services\/medecin\/"},"modified":"2017-03-15T10:18:39","modified_gmt":"2017-03-15T09:18:39","slug":"medecin","status":"publish","type":"page","link":"https:\/\/www.campinglaguna.com\/fr\/camping\/services\/medecin\/","title":{"rendered":"M\u00e9decin"},"content":{"rendered":"<p>Pendant la haute saison d\u2019\u00e9t\u00e9, un m\u00e9decin ouvre une consultation au camping 6 jours par semaine.<\/p>\n<p>Si l\u2019horaire de ses visites ne correspond pas au v\u00f4tre, le personnel de r\u00e9ception pourra vous renseigner sur le meilleur choix possible \u00e0 tout moment (m\u00e9decine publique ou priv\u00e9e).<\/p>\n","protected":false},"excerpt":{"rendered":"<p>Pendant la haute saison d\u2019\u00e9t\u00e9, un m\u00e9decin ouvre une consultation au camping 6 jours par semaine. Si l\u2019horaire de ses visites ne correspond pas au v\u00f4tre, le personnel de r\u00e9ception [&hellip;]<\/p>\n","protected":false},"author":2,"featured_media":20227,"parent":24529,"menu_order":5,"comment_status":"closed","ping_status":"closed","template":"","meta":{"_acf_changed":false,"footnotes":""},"class_list":["post-24552","page","type-page","status-publish","has-post-thumbnail","hentry"],"acf":[],"yoast_head":"<!-- This site is optimized with the Yoast SEO plugin v26.1.1 - https:\/\/yoast.com\/wordpress\/plugins\/seo\/ -->\n<title>M\u00e9decin - Camping Laguna<\/title>\n<meta name=\"description\" content=\"Pendant la haute saison d\u2019\u00e9t\u00e9, un m\u00e9decin ouvre une consultation au camping 6 jours par semaine. Si l\u2019horaire de ses visites ne correspond pas au v\u00f4tre,\" \/>\n<meta name=\"robots\" content=\"index, follow, max-snippet:-1, max-image-preview:large, max-video-preview:-1\" \/>\n<link rel=\"canonical\" href=\"https:\/\/www.campinglaguna.com\/fr\/camping\/services\/medecin\/\" \/>\n<meta property=\"og:locale\" content=\"fr_FR\" \/>\n<meta property=\"og:type\" content=\"article\" \/>\n<meta property=\"og:title\" content=\"M\u00e9decin - Camping Laguna\" \/>\n<meta property=\"og:description\" content=\"Pendant la haute saison d\u2019\u00e9t\u00e9, un m\u00e9decin ouvre une consultation au camping 6 jours par semaine. Si l\u2019horaire de ses visites ne correspond pas au v\u00f4tre,\" \/>\n<meta property=\"og:url\" content=\"https:\/\/www.campinglaguna.com\/fr\/camping\/services\/medecin\/\" \/>\n<meta property=\"og:site_name\" content=\"Camping Laguna\" \/>\n<meta property=\"og:image\" content=\"https:\/\/www.campinglaguna.com\/wp-content\/uploads\/Principal24.jpg\" \/>\n\t<meta property=\"og:image:width\" content=\"1440\" \/>\n\t<meta property=\"og:image:height\" content=\"500\" \/>\n\t<meta property=\"og:image:type\" content=\"image\/jpeg\" \/>\n<meta name=\"twitter:card\" content=\"summary_large_image\" \/>\n<script type=\"application\/ld+json\" class=\"yoast-schema-graph\">{\"@context\":\"https:\/\/schema.org\",\"@graph\":[{\"@type\":\"WebPage\",\"@id\":\"https:\/\/www.campinglaguna.com\/fr\/camping\/services\/medecin\/\",\"url\":\"https:\/\/www.campinglaguna.com\/fr\/camping\/services\/medecin\/\",\"name\":\"M\u00e9decin - Camping Laguna\",\"isPartOf\":{\"@id\":\"https:\/\/www.campinglaguna.com\/#website\"},\"primaryImageOfPage\":{\"@id\":\"https:\/\/www.campinglaguna.com\/fr\/camping\/services\/medecin\/#primaryimage\"},\"image\":{\"@id\":\"https:\/\/www.campinglaguna.com\/fr\/camping\/services\/medecin\/#primaryimage\"},\"thumbnailUrl\":\"https:\/\/www.campinglaguna.com\/wp-content\/uploads\/Principal24.jpg\",\"datePublished\":\"2017-03-15T09:18:39+00:00\",\"description\":\"Pendant la haute saison d\u2019\u00e9t\u00e9, un m\u00e9decin ouvre une consultation au camping 6 jours par semaine. Si l\u2019horaire de ses visites ne correspond pas au v\u00f4tre,\",\"breadcrumb\":{\"@id\":\"https:\/\/www.campinglaguna.com\/fr\/camping\/services\/medecin\/#breadcrumb\"},\"inLanguage\":\"fr-FR\",\"potentialAction\":[{\"@type\":\"ReadAction\",\"target\":[\"https:\/\/www.campinglaguna.com\/fr\/camping\/services\/medecin\/\"]}]},{\"@type\":\"ImageObject\",\"inLanguage\":\"fr-FR\",\"@id\":\"https:\/\/www.campinglaguna.com\/fr\/camping\/services\/medecin\/#primaryimage\",\"url\":\"https:\/\/www.campinglaguna.com\/wp-content\/uploads\/Principal24.jpg\",\"contentUrl\":\"https:\/\/www.campinglaguna.com\/wp-content\/uploads\/Principal24.jpg\",\"width\":1440,\"height\":500},{\"@type\":\"BreadcrumbList\",\"@id\":\"https:\/\/www.campinglaguna.com\/fr\/camping\/services\/medecin\/#breadcrumb\",\"itemListElement\":[{\"@type\":\"ListItem\",\"position\":1,\"name\":\"Camping Laguna\",\"item\":\"https:\/\/www.campinglaguna.com\/fr\/\"},{\"@type\":\"ListItem\",\"position\":2,\"name\":\"Camping\",\"item\":\"https:\/\/www.campinglaguna.com\/fr\/camping\/\"},{\"@type\":\"ListItem\",\"position\":3,\"name\":\"Services\",\"item\":\"https:\/\/www.campinglaguna.com\/fr\/camping\/services\/\"},{\"@type\":\"ListItem\",\"position\":4,\"name\":\"M\u00e9decin\"}]},{\"@type\":\"WebSite\",\"@id\":\"https:\/\/www.campinglaguna.com\/#website\",\"url\":\"https:\/\/www.campinglaguna.com\/\",\"name\":\"Camping Laguna\",\"description\":\"Otro sitio realizado con WordPress\",\"publisher\":{\"@id\":\"https:\/\/www.campinglaguna.com\/#organization\"},\"potentialAction\":[{\"@type\":\"SearchAction\",\"target\":{\"@type\":\"EntryPoint\",\"urlTemplate\":\"https:\/\/www.campinglaguna.com\/?s={search_term_string}\"},\"query-input\":{\"@type\":\"PropertyValueSpecification\",\"valueRequired\":true,\"valueName\":\"search_term_string\"}}],\"inLanguage\":\"fr-FR\"},{\"@type\":\"Organization\",\"@id\":\"https:\/\/www.campinglaguna.com\/#organization\",\"name\":\"Camping Laguna\",\"url\":\"https:\/\/www.campinglaguna.com\/\",\"logo\":{\"@type\":\"ImageObject\",\"inLanguage\":\"fr-FR\",\"@id\":\"https:\/\/www.campinglaguna.com\/#\/schema\/logo\/image\/\",\"url\":\"https:\/\/www.campinglaguna.com\/wp-content\/uploads\/logo-laguna.png\",\"contentUrl\":\"https:\/\/www.campinglaguna.com\/wp-content\/uploads\/logo-laguna.png\",\"width\":263,\"height\":64,\"caption\":\"Camping Laguna\"},\"image\":{\"@id\":\"https:\/\/www.campinglaguna.com\/#\/schema\/logo\/image\/\"}}]}<\/script>\n<!-- \/ Yoast SEO plugin. -->","yoast_head_json":{"title":"M\u00e9decin - Camping Laguna","description":"Pendant la haute saison d\u2019\u00e9t\u00e9, un m\u00e9decin ouvre une consultation au camping 6 jours par semaine. Si l\u2019horaire de ses visites ne correspond pas au v\u00f4tre,","robots":{"index":"index","follow":"follow","max-snippet":"max-snippet:-1","max-image-preview":"max-image-preview:large","max-video-preview":"max-video-preview:-1"},"canonical":"https:\/\/www.campinglaguna.com\/fr\/camping\/services\/medecin\/","og_locale":"fr_FR","og_type":"article","og_title":"M\u00e9decin - Camping Laguna","og_description":"Pendant la haute saison d\u2019\u00e9t\u00e9, un m\u00e9decin ouvre une consultation au camping 6 jours par semaine. Si l\u2019horaire de ses visites ne correspond pas au v\u00f4tre,","og_url":"https:\/\/www.campinglaguna.com\/fr\/camping\/services\/medecin\/","og_site_name":"Camping Laguna","og_image":[{"width":1440,"height":500,"url":"https:\/\/www.campinglaguna.com\/wp-content\/uploads\/Principal24.jpg","type":"image\/jpeg"}],"twitter_card":"summary_large_image","schema":{"@context":"https:\/\/schema.org","@graph":[{"@type":"WebPage","@id":"https:\/\/www.campinglaguna.com\/fr\/camping\/services\/medecin\/","url":"https:\/\/www.campinglaguna.com\/fr\/camping\/services\/medecin\/","name":"M\u00e9decin - Camping Laguna","isPartOf":{"@id":"https:\/\/www.campinglaguna.com\/#website"},"primaryImageOfPage":{"@id":"https:\/\/www.campinglaguna.com\/fr\/camping\/services\/medecin\/#primaryimage"},"image":{"@id":"https:\/\/www.campinglaguna.com\/fr\/camping\/services\/medecin\/#primaryimage"},"thumbnailUrl":"https:\/\/www.campinglaguna.com\/wp-content\/uploads\/Principal24.jpg","datePublished":"2017-03-15T09:18:39+00:00","description":"Pendant la haute saison d\u2019\u00e9t\u00e9, un m\u00e9decin ouvre une consultation au camping 6 jours par semaine. Si l\u2019horaire de ses visites ne correspond pas au v\u00f4tre,","breadcrumb":{"@id":"https:\/\/www.campinglaguna.com\/fr\/camping\/services\/medecin\/#breadcrumb"},"inLanguage":"fr-FR","potentialAction":[{"@type":"ReadAction","target":["https:\/\/www.campinglaguna.com\/fr\/camping\/services\/medecin\/"]}]},{"@type":"ImageObject","inLanguage":"fr-FR","@id":"https:\/\/www.campinglaguna.com\/fr\/camping\/services\/medecin\/#primaryimage","url":"https:\/\/www.campinglaguna.com\/wp-content\/uploads\/Principal24.jpg","contentUrl":"https:\/\/www.campinglaguna.com\/wp-content\/uploads\/Principal24.jpg","width":1440,"height":500},{"@type":"BreadcrumbList","@id":"https:\/\/www.campinglaguna.com\/fr\/camping\/services\/medecin\/#breadcrumb","itemListElement":[{"@type":"ListItem","position":1,"name":"Camping Laguna","item":"https:\/\/www.campinglaguna.com\/fr\/"},{"@type":"ListItem","position":2,"name":"Camping","item":"https:\/\/www.campinglaguna.com\/fr\/camping\/"},{"@type":"ListItem","position":3,"name":"Services","item":"https:\/\/www.campinglaguna.com\/fr\/camping\/services\/"},{"@type":"ListItem","position":4,"name":"M\u00e9decin"}]},{"@type":"WebSite","@id":"https:\/\/www.campinglaguna.com\/#website","url":"https:\/\/www.campinglaguna.com\/","name":"Camping Laguna","description":"Otro sitio realizado con WordPress","publisher":{"@id":"https:\/\/www.campinglaguna.com\/#organization"},"potentialAction":[{"@type":"SearchAction","target":{"@type":"EntryPoint","urlTemplate":"https:\/\/www.campinglaguna.com\/?s={search_term_string}"},"query-input":{"@type":"PropertyValueSpecification","valueRequired":true,"valueName":"search_term_string"}}],"inLanguage":"fr-FR"},{"@type":"Organization","@id":"https:\/\/www.campinglaguna.com\/#organization","name":"Camping Laguna","url":"https:\/\/www.campinglaguna.com\/","logo":{"@type":"ImageObject","inLanguage":"fr-FR","@id":"https:\/\/www.campinglaguna.com\/#\/schema\/logo\/image\/","url":"https:\/\/www.campinglaguna.com\/wp-content\/uploads\/logo-laguna.png","contentUrl":"https:\/\/www.campinglaguna.com\/wp-content\/uploads\/logo-laguna.png","width":263,"height":64,"caption":"Camping Laguna"},"image":{"@id":"https:\/\/www.campinglaguna.com\/#\/schema\/logo\/image\/"}}]}},"_links":{"self":[{"href":"https:\/\/www.campinglaguna.com\/fr\/wp-json\/wp\/v2\/pages\/24552","targetHints":{"allow":["GET"]}}],"collection":[{"href":"https:\/\/www.campinglaguna.com\/fr\/wp-json\/wp\/v2\/pages"}],"about":[{"href":"https:\/\/www.campinglaguna.com\/fr\/wp-json\/wp\/v2\/types\/page"}],"author":[{"embeddable":true,"href":"https:\/\/www.campinglaguna.com\/fr\/wp-json\/wp\/v2\/users\/2"}],"replies":[{"embeddable":true,"href":"https:\/\/www.campinglaguna.com\/fr\/wp-json\/wp\/v2\/comments?post=24552"}],"version-history":[{"count":0,"href":"https:\/\/www.campinglaguna.com\/fr\/wp-json\/wp\/v2\/pages\/24552\/revisions"}],"up":[{"embeddable":true,"href":"https:\/\/www.campinglaguna.com\/fr\/wp-json\/wp\/v2\/pages\/24529"}],"wp:featuredmedia":[{"embeddable":true,"href":"https:\/\/www.campinglaguna.com\/fr\/wp-json\/wp\/v2\/media\/20227"}],"wp:attachment":[{"href":"https:\/\/www.campinglaguna.com\/fr\/wp-json\/wp\/v2\/media?parent=24552"}],"curies":[{"name":"wp","href":"https:\/\/api.w.org\/{rel}","templated":true}]}}