{"id":24554,"date":"2017-03-15T10:21:45","date_gmt":"2017-03-15T09:21:45","guid":{"rendered":"https:\/\/www.campinglaguna.com\/camping\/services\/servicios-adicionales\/"},"modified":"2017-03-29T13:06:06","modified_gmt":"2017-03-29T11:06:06","slug":"servicios-adicionales","status":"publish","type":"page","link":"https:\/\/www.campinglaguna.com\/fr\/camping\/services\/servicios-adicionales\/","title":{"rendered":"Services suppl\u00e9mentaires"},"content":{"rendered":"<p>En outre, la liste suivante vous trouverez autre gamme de services que nous offrons. Si vous ne trouvez pas ce que vous cherchez dans la liste, demandez-nous\u00a0!<\/p>\n<p>Location de coffrets de s\u00fbret\u00e9<br \/>\nPaiement par carte de cr\u00e9dit<br \/>\nATM<br \/>\nS\u00e9curit\u00e9 24 heures par jour<br \/>\nSur la plage, les douches et les passerelles d\u2019acc\u00e8s pour votre confort<br \/>\nCabines de t\u00e9l\u00e9phone et de t\u00e9l\u00e9copieur (\u00e0 la r\u00e9ception)<br \/>\nLocation de v\u00e9los<br \/>\nLave-auto<br \/>\nStation de service pour camping-cars<br \/>\nBains pour chiens<br \/>\nCorbeilles chien<br \/>\nCollecte s\u00e9lective des d\u00e9chets<br \/>\nNettoyage de la plage de notre personnel<br \/>\nEt bien d\u2019autres&#8230;<\/p>\n","protected":false},"excerpt":{"rendered":"<p>En outre, la liste suivante vous trouverez autre gamme de services que nous offrons. Si vous ne trouvez pas ce que vous cherchez dans la liste, demandez-nous\u00a0! Location de coffrets [&hellip;]<\/p>\n","protected":false},"author":2,"featured_media":21659,"parent":24529,"menu_order":6,"comment_status":"closed","ping_status":"closed","template":"","meta":{"_acf_changed":false,"footnotes":""},"class_list":["post-24554","page","type-page","status-publish","has-post-thumbnail","hentry"],"acf":[],"yoast_head":"<!-- This site is optimized with the Yoast SEO plugin v26.1.1 - https:\/\/yoast.com\/wordpress\/plugins\/seo\/ -->\n<title>Services suppl\u00e9mentaires - Camping Laguna<\/title>\n<meta name=\"description\" content=\"En outre, la liste suivante vous trouverez autre gamme de services que nous offrons. Si vous ne trouvez pas ce que vous cherchez dans la liste,\" \/>\n<meta name=\"robots\" content=\"index, follow, max-snippet:-1, max-image-preview:large, max-video-preview:-1\" \/>\n<link rel=\"canonical\" href=\"https:\/\/www.campinglaguna.com\/el-camping\/servicios\/otros\/\" \/>\n<meta property=\"og:locale\" content=\"fr_FR\" \/>\n<meta property=\"og:type\" content=\"article\" \/>\n<meta property=\"og:title\" content=\"Services suppl\u00e9mentaires - Camping Laguna\" \/>\n<meta property=\"og:description\" content=\"En outre, la liste suivante vous trouverez autre gamme de services que nous offrons. Si vous ne trouvez pas ce que vous cherchez dans la liste,\" \/>\n<meta property=\"og:url\" content=\"https:\/\/www.campinglaguna.com\/el-camping\/servicios\/otros\/\" \/>\n<meta property=\"og:site_name\" content=\"Camping Laguna\" \/>\n<meta property=\"article:modified_time\" content=\"2017-03-29T11:06:06+00:00\" \/>\n<meta property=\"og:image\" content=\"https:\/\/www.campinglaguna.com\/wp-content\/uploads\/principal31.jpg\" \/>\n\t<meta property=\"og:image:width\" content=\"1440\" \/>\n\t<meta property=\"og:image:height\" content=\"500\" \/>\n\t<meta property=\"og:image:type\" content=\"image\/jpeg\" \/>\n<meta name=\"twitter:card\" content=\"summary_large_image\" \/>\n<meta name=\"twitter:label1\" content=\"Dur\u00e9e de lecture estim\u00e9e\" \/>\n\t<meta name=\"twitter:data1\" content=\"1 minute\" \/>\n<script type=\"application\/ld+json\" class=\"yoast-schema-graph\">{\"@context\":\"https:\/\/schema.org\",\"@graph\":[{\"@type\":\"WebPage\",\"@id\":\"https:\/\/www.campinglaguna.com\/el-camping\/servicios\/otros\/\",\"url\":\"https:\/\/www.campinglaguna.com\/el-camping\/servicios\/otros\/\",\"name\":\"Services suppl\u00e9mentaires - Camping Laguna\",\"isPartOf\":{\"@id\":\"https:\/\/www.campinglaguna.com\/#website\"},\"primaryImageOfPage\":{\"@id\":\"https:\/\/www.campinglaguna.com\/el-camping\/servicios\/otros\/#primaryimage\"},\"image\":{\"@id\":\"https:\/\/www.campinglaguna.com\/el-camping\/servicios\/otros\/#primaryimage\"},\"thumbnailUrl\":\"https:\/\/www.campinglaguna.com\/wp-content\/uploads\/principal31.jpg\",\"datePublished\":\"2017-03-15T09:21:45+00:00\",\"dateModified\":\"2017-03-29T11:06:06+00:00\",\"description\":\"En outre, la liste suivante vous trouverez autre gamme de services que nous offrons. Si vous ne trouvez pas ce que vous cherchez dans la liste,\",\"breadcrumb\":{\"@id\":\"https:\/\/www.campinglaguna.com\/el-camping\/servicios\/otros\/#breadcrumb\"},\"inLanguage\":\"fr-FR\",\"potentialAction\":[{\"@type\":\"ReadAction\",\"target\":[\"https:\/\/www.campinglaguna.com\/el-camping\/servicios\/otros\/\"]}]},{\"@type\":\"ImageObject\",\"inLanguage\":\"fr-FR\",\"@id\":\"https:\/\/www.campinglaguna.com\/el-camping\/servicios\/otros\/#primaryimage\",\"url\":\"https:\/\/www.campinglaguna.com\/wp-content\/uploads\/principal31.jpg\",\"contentUrl\":\"https:\/\/www.campinglaguna.com\/wp-content\/uploads\/principal31.jpg\",\"width\":1440,\"height\":500},{\"@type\":\"BreadcrumbList\",\"@id\":\"https:\/\/www.campinglaguna.com\/el-camping\/servicios\/otros\/#breadcrumb\",\"itemListElement\":[{\"@type\":\"ListItem\",\"position\":1,\"name\":\"Camping Laguna\",\"item\":\"https:\/\/www.campinglaguna.com\/fr\/\"},{\"@type\":\"ListItem\",\"position\":2,\"name\":\"Camping\",\"item\":\"https:\/\/www.campinglaguna.com\/fr\/camping\/\"},{\"@type\":\"ListItem\",\"position\":3,\"name\":\"Services\",\"item\":\"https:\/\/www.campinglaguna.com\/fr\/camping\/services\/\"},{\"@type\":\"ListItem\",\"position\":4,\"name\":\"Services suppl\u00e9mentaires\"}]},{\"@type\":\"WebSite\",\"@id\":\"https:\/\/www.campinglaguna.com\/#website\",\"url\":\"https:\/\/www.campinglaguna.com\/\",\"name\":\"Camping Laguna\",\"description\":\"Otro sitio realizado con WordPress\",\"publisher\":{\"@id\":\"https:\/\/www.campinglaguna.com\/#organization\"},\"potentialAction\":[{\"@type\":\"SearchAction\",\"target\":{\"@type\":\"EntryPoint\",\"urlTemplate\":\"https:\/\/www.campinglaguna.com\/?s={search_term_string}\"},\"query-input\":{\"@type\":\"PropertyValueSpecification\",\"valueRequired\":true,\"valueName\":\"search_term_string\"}}],\"inLanguage\":\"fr-FR\"},{\"@type\":\"Organization\",\"@id\":\"https:\/\/www.campinglaguna.com\/#organization\",\"name\":\"Camping Laguna\",\"url\":\"https:\/\/www.campinglaguna.com\/\",\"logo\":{\"@type\":\"ImageObject\",\"inLanguage\":\"fr-FR\",\"@id\":\"https:\/\/www.campinglaguna.com\/#\/schema\/logo\/image\/\",\"url\":\"https:\/\/www.campinglaguna.com\/wp-content\/uploads\/logo-laguna.png\",\"contentUrl\":\"https:\/\/www.campinglaguna.com\/wp-content\/uploads\/logo-laguna.png\",\"width\":263,\"height\":64,\"caption\":\"Camping Laguna\"},\"image\":{\"@id\":\"https:\/\/www.campinglaguna.com\/#\/schema\/logo\/image\/\"}}]}<\/script>\n<!-- \/ Yoast SEO plugin. -->","yoast_head_json":{"title":"Services suppl\u00e9mentaires - Camping Laguna","description":"En outre, la liste suivante vous trouverez autre gamme de services que nous offrons. Si vous ne trouvez pas ce que vous cherchez dans la liste,","robots":{"index":"index","follow":"follow","max-snippet":"max-snippet:-1","max-image-preview":"max-image-preview:large","max-video-preview":"max-video-preview:-1"},"canonical":"https:\/\/www.campinglaguna.com\/el-camping\/servicios\/otros\/","og_locale":"fr_FR","og_type":"article","og_title":"Services suppl\u00e9mentaires - Camping Laguna","og_description":"En outre, la liste suivante vous trouverez autre gamme de services que nous offrons. Si vous ne trouvez pas ce que vous cherchez dans la liste,","og_url":"https:\/\/www.campinglaguna.com\/el-camping\/servicios\/otros\/","og_site_name":"Camping Laguna","article_modified_time":"2017-03-29T11:06:06+00:00","og_image":[{"width":1440,"height":500,"url":"https:\/\/www.campinglaguna.com\/wp-content\/uploads\/principal31.jpg","type":"image\/jpeg"}],"twitter_card":"summary_large_image","twitter_misc":{"Dur\u00e9e de lecture estim\u00e9e":"1 minute"},"schema":{"@context":"https:\/\/schema.org","@graph":[{"@type":"WebPage","@id":"https:\/\/www.campinglaguna.com\/el-camping\/servicios\/otros\/","url":"https:\/\/www.campinglaguna.com\/el-camping\/servicios\/otros\/","name":"Services suppl\u00e9mentaires - Camping Laguna","isPartOf":{"@id":"https:\/\/www.campinglaguna.com\/#website"},"primaryImageOfPage":{"@id":"https:\/\/www.campinglaguna.com\/el-camping\/servicios\/otros\/#primaryimage"},"image":{"@id":"https:\/\/www.campinglaguna.com\/el-camping\/servicios\/otros\/#primaryimage"},"thumbnailUrl":"https:\/\/www.campinglaguna.com\/wp-content\/uploads\/principal31.jpg","datePublished":"2017-03-15T09:21:45+00:00","dateModified":"2017-03-29T11:06:06+00:00","description":"En outre, la liste suivante vous trouverez autre gamme de services que nous offrons. Si vous ne trouvez pas ce que vous cherchez dans la liste,","breadcrumb":{"@id":"https:\/\/www.campinglaguna.com\/el-camping\/servicios\/otros\/#breadcrumb"},"inLanguage":"fr-FR","potentialAction":[{"@type":"ReadAction","target":["https:\/\/www.campinglaguna.com\/el-camping\/servicios\/otros\/"]}]},{"@type":"ImageObject","inLanguage":"fr-FR","@id":"https:\/\/www.campinglaguna.com\/el-camping\/servicios\/otros\/#primaryimage","url":"https:\/\/www.campinglaguna.com\/wp-content\/uploads\/principal31.jpg","contentUrl":"https:\/\/www.campinglaguna.com\/wp-content\/uploads\/principal31.jpg","width":1440,"height":500},{"@type":"BreadcrumbList","@id":"https:\/\/www.campinglaguna.com\/el-camping\/servicios\/otros\/#breadcrumb","itemListElement":[{"@type":"ListItem","position":1,"name":"Camping Laguna","item":"https:\/\/www.campinglaguna.com\/fr\/"},{"@type":"ListItem","position":2,"name":"Camping","item":"https:\/\/www.campinglaguna.com\/fr\/camping\/"},{"@type":"ListItem","position":3,"name":"Services","item":"https:\/\/www.campinglaguna.com\/fr\/camping\/services\/"},{"@type":"ListItem","position":4,"name":"Services suppl\u00e9mentaires"}]},{"@type":"WebSite","@id":"https:\/\/www.campinglaguna.com\/#website","url":"https:\/\/www.campinglaguna.com\/","name":"Camping Laguna","description":"Otro sitio realizado con WordPress","publisher":{"@id":"https:\/\/www.campinglaguna.com\/#organization"},"potentialAction":[{"@type":"SearchAction","target":{"@type":"EntryPoint","urlTemplate":"https:\/\/www.campinglaguna.com\/?s={search_term_string}"},"query-input":{"@type":"PropertyValueSpecification","valueRequired":true,"valueName":"search_term_string"}}],"inLanguage":"fr-FR"},{"@type":"Organization","@id":"https:\/\/www.campinglaguna.com\/#organization","name":"Camping Laguna","url":"https:\/\/www.campinglaguna.com\/","logo":{"@type":"ImageObject","inLanguage":"fr-FR","@id":"https:\/\/www.campinglaguna.com\/#\/schema\/logo\/image\/","url":"https:\/\/www.campinglaguna.com\/wp-content\/uploads\/logo-laguna.png","contentUrl":"https:\/\/www.campinglaguna.com\/wp-content\/uploads\/logo-laguna.png","width":263,"height":64,"caption":"Camping Laguna"},"image":{"@id":"https:\/\/www.campinglaguna.com\/#\/schema\/logo\/image\/"}}]}},"_links":{"self":[{"href":"https:\/\/www.campinglaguna.com\/fr\/wp-json\/wp\/v2\/pages\/24554","targetHints":{"allow":["GET"]}}],"collection":[{"href":"https:\/\/www.campinglaguna.com\/fr\/wp-json\/wp\/v2\/pages"}],"about":[{"href":"https:\/\/www.campinglaguna.com\/fr\/wp-json\/wp\/v2\/types\/page"}],"author":[{"embeddable":true,"href":"https:\/\/www.campinglaguna.com\/fr\/wp-json\/wp\/v2\/users\/2"}],"replies":[{"embeddable":true,"href":"https:\/\/www.campinglaguna.com\/fr\/wp-json\/wp\/v2\/comments?post=24554"}],"version-history":[{"count":1,"href":"https:\/\/www.campinglaguna.com\/fr\/wp-json\/wp\/v2\/pages\/24554\/revisions"}],"predecessor-version":[{"id":25285,"href":"https:\/\/www.campinglaguna.com\/fr\/wp-json\/wp\/v2\/pages\/24554\/revisions\/25285"}],"up":[{"embeddable":true,"href":"https:\/\/www.campinglaguna.com\/fr\/wp-json\/wp\/v2\/pages\/24529"}],"wp:featuredmedia":[{"embeddable":true,"href":"https:\/\/www.campinglaguna.com\/fr\/wp-json\/wp\/v2\/media\/21659"}],"wp:attachment":[{"href":"https:\/\/www.campinglaguna.com\/fr\/wp-json\/wp\/v2\/media?parent=24554"}],"curies":[{"name":"wp","href":"https:\/\/api.w.org\/{rel}","templated":true}]}}