{"id":37763,"date":"2023-05-24T11:18:20","date_gmt":"2023-05-24T09:18:20","guid":{"rendered":"https:\/\/www.campinglaguna.com\/camping\/services\/vehicules-electriques\/"},"modified":"2023-05-24T12:10:08","modified_gmt":"2023-05-24T10:10:08","slug":"vehicules-electriques","status":"publish","type":"page","link":"https:\/\/www.campinglaguna.com\/fr\/camping\/services\/vehicules-electriques\/","title":{"rendered":"V\u00e9hicules \u00c9lectriques"},"content":{"rendered":"<p>Nous avons 2 bornes de recharge pour v\u00e9hicules \u00e9lectriques (4 sorties). Ils sont situ\u00e9s sur le parking \u00e0 l&rsquo;entr\u00e9e du camping et fonctionnent avec l&rsquo;application <a href=\"https:\/\/placetoplug.com\/fr\" target=\"_blank\" rel=\"noopener\">PlaceToPlug<\/a>.<\/p>\n<p>Nous vous rappelons qu&rsquo;il est interdit de recharger votre voiture \u00e9lectrique sur votre emplacement. Merci.<\/p>\n","protected":false},"excerpt":{"rendered":"<p>Nous avons 2 bornes de recharge pour v\u00e9hicules \u00e9lectriques (4 sorties). Ils sont situ\u00e9s sur le parking \u00e0 l&rsquo;entr\u00e9e du camping et fonctionnent avec l&rsquo;application PlaceToPlug. Nous vous rappelons qu&rsquo;il [&hellip;]<\/p>\n","protected":false},"author":2,"featured_media":37766,"parent":24529,"menu_order":1,"comment_status":"closed","ping_status":"closed","template":"","meta":{"_acf_changed":false,"footnotes":""},"class_list":["post-37763","page","type-page","status-publish","has-post-thumbnail","hentry"],"acf":[],"yoast_head":"<!-- This site is optimized with the Yoast SEO plugin v26.1.1 - https:\/\/yoast.com\/wordpress\/plugins\/seo\/ -->\n<title>V\u00e9hicules \u00c9lectriques - Camping Laguna<\/title>\n<meta name=\"description\" content=\"Nous avons 2 bornes de recharge pour v\u00e9hicules \u00e9lectriques (4 sorties). Ils sont situ\u00e9s sur le parking \u00e0 l&#039;entr\u00e9e du camping et fonctionnent avec\" \/>\n<meta name=\"robots\" content=\"index, follow, max-snippet:-1, max-image-preview:large, max-video-preview:-1\" \/>\n<link rel=\"canonical\" href=\"https:\/\/www.campinglaguna.com\/fr\/camping\/services\/vehicules-electriques\/\" \/>\n<meta property=\"og:locale\" content=\"fr_FR\" \/>\n<meta property=\"og:type\" content=\"article\" \/>\n<meta property=\"og:title\" content=\"V\u00e9hicules \u00c9lectriques - Camping Laguna\" \/>\n<meta property=\"og:description\" content=\"Nous avons 2 bornes de recharge pour v\u00e9hicules \u00e9lectriques (4 sorties). Ils sont situ\u00e9s sur le parking \u00e0 l&#039;entr\u00e9e du camping et fonctionnent avec\" \/>\n<meta property=\"og:url\" content=\"https:\/\/www.campinglaguna.com\/fr\/camping\/services\/vehicules-electriques\/\" \/>\n<meta property=\"og:site_name\" content=\"Camping Laguna\" \/>\n<meta property=\"article:modified_time\" content=\"2023-05-24T10:10:08+00:00\" \/>\n<meta property=\"og:image\" content=\"https:\/\/www.campinglaguna.com\/wp-content\/uploads\/output-onlinejpgtools.jpg\" \/>\n\t<meta property=\"og:image:width\" content=\"2016\" \/>\n\t<meta property=\"og:image:height\" content=\"1512\" \/>\n\t<meta property=\"og:image:type\" content=\"image\/jpeg\" \/>\n<meta name=\"twitter:card\" content=\"summary_large_image\" \/>\n<meta name=\"twitter:label1\" content=\"Dur\u00e9e de lecture estim\u00e9e\" \/>\n\t<meta name=\"twitter:data1\" content=\"1 minute\" \/>\n<script type=\"application\/ld+json\" class=\"yoast-schema-graph\">{\"@context\":\"https:\/\/schema.org\",\"@graph\":[{\"@type\":\"WebPage\",\"@id\":\"https:\/\/www.campinglaguna.com\/fr\/camping\/services\/vehicules-electriques\/\",\"url\":\"https:\/\/www.campinglaguna.com\/fr\/camping\/services\/vehicules-electriques\/\",\"name\":\"V\u00e9hicules \u00c9lectriques - Camping Laguna\",\"isPartOf\":{\"@id\":\"https:\/\/www.campinglaguna.com\/#website\"},\"primaryImageOfPage\":{\"@id\":\"https:\/\/www.campinglaguna.com\/fr\/camping\/services\/vehicules-electriques\/#primaryimage\"},\"image\":{\"@id\":\"https:\/\/www.campinglaguna.com\/fr\/camping\/services\/vehicules-electriques\/#primaryimage\"},\"thumbnailUrl\":\"https:\/\/www.campinglaguna.com\/wp-content\/uploads\/output-onlinejpgtools.jpg\",\"datePublished\":\"2023-05-24T09:18:20+00:00\",\"dateModified\":\"2023-05-24T10:10:08+00:00\",\"description\":\"Nous avons 2 bornes de recharge pour v\u00e9hicules \u00e9lectriques (4 sorties). Ils sont situ\u00e9s sur le parking \u00e0 l'entr\u00e9e du camping et fonctionnent avec\",\"breadcrumb\":{\"@id\":\"https:\/\/www.campinglaguna.com\/fr\/camping\/services\/vehicules-electriques\/#breadcrumb\"},\"inLanguage\":\"fr-FR\",\"potentialAction\":[{\"@type\":\"ReadAction\",\"target\":[\"https:\/\/www.campinglaguna.com\/fr\/camping\/services\/vehicules-electriques\/\"]}]},{\"@type\":\"ImageObject\",\"inLanguage\":\"fr-FR\",\"@id\":\"https:\/\/www.campinglaguna.com\/fr\/camping\/services\/vehicules-electriques\/#primaryimage\",\"url\":\"https:\/\/www.campinglaguna.com\/wp-content\/uploads\/output-onlinejpgtools.jpg\",\"contentUrl\":\"https:\/\/www.campinglaguna.com\/wp-content\/uploads\/output-onlinejpgtools.jpg\",\"width\":2016,\"height\":1512},{\"@type\":\"BreadcrumbList\",\"@id\":\"https:\/\/www.campinglaguna.com\/fr\/camping\/services\/vehicules-electriques\/#breadcrumb\",\"itemListElement\":[{\"@type\":\"ListItem\",\"position\":1,\"name\":\"Camping Laguna\",\"item\":\"https:\/\/www.campinglaguna.com\/fr\/\"},{\"@type\":\"ListItem\",\"position\":2,\"name\":\"Camping\",\"item\":\"https:\/\/www.campinglaguna.com\/fr\/camping\/\"},{\"@type\":\"ListItem\",\"position\":3,\"name\":\"Services\",\"item\":\"https:\/\/www.campinglaguna.com\/fr\/camping\/services\/\"},{\"@type\":\"ListItem\",\"position\":4,\"name\":\"V\u00e9hicules \u00c9lectriques\"}]},{\"@type\":\"WebSite\",\"@id\":\"https:\/\/www.campinglaguna.com\/#website\",\"url\":\"https:\/\/www.campinglaguna.com\/\",\"name\":\"Camping Laguna\",\"description\":\"Otro sitio realizado con WordPress\",\"publisher\":{\"@id\":\"https:\/\/www.campinglaguna.com\/#organization\"},\"potentialAction\":[{\"@type\":\"SearchAction\",\"target\":{\"@type\":\"EntryPoint\",\"urlTemplate\":\"https:\/\/www.campinglaguna.com\/?s={search_term_string}\"},\"query-input\":{\"@type\":\"PropertyValueSpecification\",\"valueRequired\":true,\"valueName\":\"search_term_string\"}}],\"inLanguage\":\"fr-FR\"},{\"@type\":\"Organization\",\"@id\":\"https:\/\/www.campinglaguna.com\/#organization\",\"name\":\"Camping Laguna\",\"url\":\"https:\/\/www.campinglaguna.com\/\",\"logo\":{\"@type\":\"ImageObject\",\"inLanguage\":\"fr-FR\",\"@id\":\"https:\/\/www.campinglaguna.com\/#\/schema\/logo\/image\/\",\"url\":\"https:\/\/www.campinglaguna.com\/wp-content\/uploads\/logo-laguna.png\",\"contentUrl\":\"https:\/\/www.campinglaguna.com\/wp-content\/uploads\/logo-laguna.png\",\"width\":263,\"height\":64,\"caption\":\"Camping Laguna\"},\"image\":{\"@id\":\"https:\/\/www.campinglaguna.com\/#\/schema\/logo\/image\/\"}}]}<\/script>\n<!-- \/ Yoast SEO plugin. -->","yoast_head_json":{"title":"V\u00e9hicules \u00c9lectriques - Camping Laguna","description":"Nous avons 2 bornes de recharge pour v\u00e9hicules \u00e9lectriques (4 sorties). Ils sont situ\u00e9s sur le parking \u00e0 l'entr\u00e9e du camping et fonctionnent avec","robots":{"index":"index","follow":"follow","max-snippet":"max-snippet:-1","max-image-preview":"max-image-preview:large","max-video-preview":"max-video-preview:-1"},"canonical":"https:\/\/www.campinglaguna.com\/fr\/camping\/services\/vehicules-electriques\/","og_locale":"fr_FR","og_type":"article","og_title":"V\u00e9hicules \u00c9lectriques - Camping Laguna","og_description":"Nous avons 2 bornes de recharge pour v\u00e9hicules \u00e9lectriques (4 sorties). Ils sont situ\u00e9s sur le parking \u00e0 l'entr\u00e9e du camping et fonctionnent avec","og_url":"https:\/\/www.campinglaguna.com\/fr\/camping\/services\/vehicules-electriques\/","og_site_name":"Camping Laguna","article_modified_time":"2023-05-24T10:10:08+00:00","og_image":[{"width":2016,"height":1512,"url":"https:\/\/www.campinglaguna.com\/wp-content\/uploads\/output-onlinejpgtools.jpg","type":"image\/jpeg"}],"twitter_card":"summary_large_image","twitter_misc":{"Dur\u00e9e de lecture estim\u00e9e":"1 minute"},"schema":{"@context":"https:\/\/schema.org","@graph":[{"@type":"WebPage","@id":"https:\/\/www.campinglaguna.com\/fr\/camping\/services\/vehicules-electriques\/","url":"https:\/\/www.campinglaguna.com\/fr\/camping\/services\/vehicules-electriques\/","name":"V\u00e9hicules \u00c9lectriques - Camping Laguna","isPartOf":{"@id":"https:\/\/www.campinglaguna.com\/#website"},"primaryImageOfPage":{"@id":"https:\/\/www.campinglaguna.com\/fr\/camping\/services\/vehicules-electriques\/#primaryimage"},"image":{"@id":"https:\/\/www.campinglaguna.com\/fr\/camping\/services\/vehicules-electriques\/#primaryimage"},"thumbnailUrl":"https:\/\/www.campinglaguna.com\/wp-content\/uploads\/output-onlinejpgtools.jpg","datePublished":"2023-05-24T09:18:20+00:00","dateModified":"2023-05-24T10:10:08+00:00","description":"Nous avons 2 bornes de recharge pour v\u00e9hicules \u00e9lectriques (4 sorties). Ils sont situ\u00e9s sur le parking \u00e0 l'entr\u00e9e du camping et fonctionnent avec","breadcrumb":{"@id":"https:\/\/www.campinglaguna.com\/fr\/camping\/services\/vehicules-electriques\/#breadcrumb"},"inLanguage":"fr-FR","potentialAction":[{"@type":"ReadAction","target":["https:\/\/www.campinglaguna.com\/fr\/camping\/services\/vehicules-electriques\/"]}]},{"@type":"ImageObject","inLanguage":"fr-FR","@id":"https:\/\/www.campinglaguna.com\/fr\/camping\/services\/vehicules-electriques\/#primaryimage","url":"https:\/\/www.campinglaguna.com\/wp-content\/uploads\/output-onlinejpgtools.jpg","contentUrl":"https:\/\/www.campinglaguna.com\/wp-content\/uploads\/output-onlinejpgtools.jpg","width":2016,"height":1512},{"@type":"BreadcrumbList","@id":"https:\/\/www.campinglaguna.com\/fr\/camping\/services\/vehicules-electriques\/#breadcrumb","itemListElement":[{"@type":"ListItem","position":1,"name":"Camping Laguna","item":"https:\/\/www.campinglaguna.com\/fr\/"},{"@type":"ListItem","position":2,"name":"Camping","item":"https:\/\/www.campinglaguna.com\/fr\/camping\/"},{"@type":"ListItem","position":3,"name":"Services","item":"https:\/\/www.campinglaguna.com\/fr\/camping\/services\/"},{"@type":"ListItem","position":4,"name":"V\u00e9hicules \u00c9lectriques"}]},{"@type":"WebSite","@id":"https:\/\/www.campinglaguna.com\/#website","url":"https:\/\/www.campinglaguna.com\/","name":"Camping Laguna","description":"Otro sitio realizado con WordPress","publisher":{"@id":"https:\/\/www.campinglaguna.com\/#organization"},"potentialAction":[{"@type":"SearchAction","target":{"@type":"EntryPoint","urlTemplate":"https:\/\/www.campinglaguna.com\/?s={search_term_string}"},"query-input":{"@type":"PropertyValueSpecification","valueRequired":true,"valueName":"search_term_string"}}],"inLanguage":"fr-FR"},{"@type":"Organization","@id":"https:\/\/www.campinglaguna.com\/#organization","name":"Camping Laguna","url":"https:\/\/www.campinglaguna.com\/","logo":{"@type":"ImageObject","inLanguage":"fr-FR","@id":"https:\/\/www.campinglaguna.com\/#\/schema\/logo\/image\/","url":"https:\/\/www.campinglaguna.com\/wp-content\/uploads\/logo-laguna.png","contentUrl":"https:\/\/www.campinglaguna.com\/wp-content\/uploads\/logo-laguna.png","width":263,"height":64,"caption":"Camping Laguna"},"image":{"@id":"https:\/\/www.campinglaguna.com\/#\/schema\/logo\/image\/"}}]}},"_links":{"self":[{"href":"https:\/\/www.campinglaguna.com\/fr\/wp-json\/wp\/v2\/pages\/37763","targetHints":{"allow":["GET"]}}],"collection":[{"href":"https:\/\/www.campinglaguna.com\/fr\/wp-json\/wp\/v2\/pages"}],"about":[{"href":"https:\/\/www.campinglaguna.com\/fr\/wp-json\/wp\/v2\/types\/page"}],"author":[{"embeddable":true,"href":"https:\/\/www.campinglaguna.com\/fr\/wp-json\/wp\/v2\/users\/2"}],"replies":[{"embeddable":true,"href":"https:\/\/www.campinglaguna.com\/fr\/wp-json\/wp\/v2\/comments?post=37763"}],"version-history":[{"count":4,"href":"https:\/\/www.campinglaguna.com\/fr\/wp-json\/wp\/v2\/pages\/37763\/revisions"}],"predecessor-version":[{"id":37773,"href":"https:\/\/www.campinglaguna.com\/fr\/wp-json\/wp\/v2\/pages\/37763\/revisions\/37773"}],"up":[{"embeddable":true,"href":"https:\/\/www.campinglaguna.com\/fr\/wp-json\/wp\/v2\/pages\/24529"}],"wp:featuredmedia":[{"embeddable":true,"href":"https:\/\/www.campinglaguna.com\/fr\/wp-json\/wp\/v2\/media\/37766"}],"wp:attachment":[{"href":"https:\/\/www.campinglaguna.com\/fr\/wp-json\/wp\/v2\/media?parent=37763"}],"curies":[{"name":"wp","href":"https:\/\/api.w.org\/{rel}","templated":true}]}}