{"id":38503,"date":"2024-09-30T13:41:28","date_gmt":"2024-09-30T11:41:28","guid":{"rendered":"https:\/\/www.campinglaguna.com\/un-espacio-natural-protegido-de-gran-valor\/"},"modified":"2024-10-30T11:51:06","modified_gmt":"2024-10-30T10:51:06","slug":"un-espacio-natural-protegido-de-gran-valor","status":"publish","type":"page","link":"https:\/\/www.campinglaguna.com\/fr\/que-faire\/parque-natural\/un-espacio-natural-protegido-de-gran-valor\/","title":{"rendered":"Un espace naturel prot\u00e9g\u00e9 de grandes valeurs"},"content":{"rendered":"<p>Les \u00ab\u00a0Aiguamolls de l\u00a0\u00bbEmpord\u00e0\u00a0\u00bb (marais de l&rsquo;Empord\u00e0) sont l&rsquo;une des principales zones humides de Catalogne, r\u00e9sultat de l&rsquo;interaction des rivi\u00e8res et de la mer. Le parc naturel, cr\u00e9\u00e9 en 1983, est une mosa\u00efque d&rsquo;\u00e9cosyst\u00e8mes interd\u00e9pendants, mais \u00e0 la fois tr\u00e8s diff\u00e9renci\u00e9 : un ensemble de marais, lagunes et rivi\u00e8res, cultures et canaux d&rsquo;irrigation et avec des plages et un important syst\u00e8me de dunes qui prot\u00e8gent la c\u00f4te des temp\u00eates.<\/p>\n<p>Cet espace naturel prot\u00e9g\u00e9 est une zone de reproduction et un refuge migratoire pour de nombreuses esp\u00e8ces en danger d&rsquo;extinction. Les oiseaux font de cet espace leur refuge et leur lieu de repos et plus de 300 esp\u00e8ces y vivent, dont beaucoup sont prot\u00e9g\u00e9es et d&rsquo;une grande beaut\u00e9. Son bon \u00e9tat est \u00e9galement essentiel pour r\u00e9duire les effets du changement climatique dans la r\u00e9gion puisqu&rsquo;il am\u00e9liore la qualit\u00e9 de l&rsquo;eau, recharge les aquif\u00e8res et stoppe l&rsquo;entr\u00e9e de l&rsquo;eau sal\u00e9e de la mer vers l&rsquo;int\u00e9rieur.<\/p>\n<p>La fertilit\u00e9 du sol facilite le d\u00e9veloppement de l&rsquo;agriculture et la complexit\u00e9 de ses habitats ainsi que sa richesse biologique favorisent la p\u00eache dans la baie. Historiquement, ce territoire a g\u00e9n\u00e9r\u00e9 un riche patrimoine culturel et constitue aujourd&rsquo;hui une ressource pour l&rsquo;\u00e9ducation et la recherche environnementales et, en m\u00eame temps, un p\u00f4le important d&rsquo;attraction touristique.<\/p>\n<p>Vous pouvez trouver plus d&rsquo;informations sur le <a href=\"https:\/\/parcsnaturals.gencat.cat\/es\/xarxa-de-parcs\/aiguamolls-emporda\/inici\/index.html\"><span style=\"color: #3366ff;\">site du Parc Naturel.<\/span><\/a><\/p>\n<div class=\"two-columns\">\n<div id=\"attachment_38103\" style=\"width: 507px\" class=\"wp-caption aligncenter\"><img loading=\"lazy\" decoding=\"async\" aria-describedby=\"caption-attachment-38103\" class=\" wp-image-38103\" src=\"https:\/\/www.campinglaguna.com\/wp-content\/uploads\/1-flamencs-500x375.jpg\" alt=\"\" width=\"497\" height=\"373\" srcset=\"https:\/\/www.campinglaguna.com\/wp-content\/uploads\/1-flamencs-500x375.jpg 500w, https:\/\/www.campinglaguna.com\/wp-content\/uploads\/1-flamencs-1000x750.jpg 1000w, https:\/\/www.campinglaguna.com\/wp-content\/uploads\/1-flamencs-150x113.jpg 150w, https:\/\/www.campinglaguna.com\/wp-content\/uploads\/1-flamencs-768x576.jpg 768w, https:\/\/www.campinglaguna.com\/wp-content\/uploads\/1-flamencs-1536x1152.jpg 1536w, https:\/\/www.campinglaguna.com\/wp-content\/uploads\/1-flamencs-2048x1536.jpg 2048w, https:\/\/www.campinglaguna.com\/wp-content\/uploads\/1-flamencs-1400x1050.jpg 1400w\" sizes=\"auto, (max-width: 497px) 100vw, 497px\" \/><p id=\"caption-attachment-38103\" class=\"wp-caption-text\">329 esp\u00e8ces d&rsquo;oiseaux ont \u00e9t\u00e9 observ\u00e9es dans le parc naturel.<\/p><\/div>\n<div id=\"attachment_38109\" style=\"width: 510px\" class=\"wp-caption aligncenter\"><img loading=\"lazy\" decoding=\"async\" aria-describedby=\"caption-attachment-38109\" class=\"size-medium wp-image-38109\" src=\"https:\/\/www.campinglaguna.com\/wp-content\/uploads\/2-jonquera-500x374.jpg\" alt=\"\" width=\"500\" height=\"374\" srcset=\"https:\/\/www.campinglaguna.com\/wp-content\/uploads\/2-jonquera-500x374.jpg 500w, https:\/\/www.campinglaguna.com\/wp-content\/uploads\/2-jonquera-1000x748.jpg 1000w, https:\/\/www.campinglaguna.com\/wp-content\/uploads\/2-jonquera-150x112.jpg 150w, https:\/\/www.campinglaguna.com\/wp-content\/uploads\/2-jonquera-768x574.jpg 768w, https:\/\/www.campinglaguna.com\/wp-content\/uploads\/2-jonquera-1536x1149.jpg 1536w, https:\/\/www.campinglaguna.com\/wp-content\/uploads\/2-jonquera-2048x1532.jpg 2048w, https:\/\/www.campinglaguna.com\/wp-content\/uploads\/2-jonquera-1400x1047.jpg 1400w\" sizes=\"auto, (max-width: 500px) 100vw, 500px\" \/><p id=\"caption-attachment-38109\" class=\"wp-caption-text\">863 esp\u00e8ces de plantes sauvages sont pr\u00e9sentes dans le Parc.<\/p><\/div>\n<\/div>\n","protected":false},"excerpt":{"rendered":"<p>Les \u00ab\u00a0Aiguamolls de l\u00a0\u00bbEmpord\u00e0\u00a0\u00bb (marais de l&rsquo;Empord\u00e0) sont l&rsquo;une des principales zones humides de Catalogne, r\u00e9sultat de l&rsquo;interaction des rivi\u00e8res et de la mer. Le parc naturel, cr\u00e9\u00e9 en 1983, [&hellip;]<\/p>\n","protected":false},"author":8,"featured_media":38103,"parent":38516,"menu_order":0,"comment_status":"closed","ping_status":"closed","template":"","meta":{"_acf_changed":false,"footnotes":""},"class_list":["post-38503","page","type-page","status-publish","has-post-thumbnail","hentry"],"acf":[],"yoast_head":"<!-- This site is optimized with the Yoast SEO plugin v26.1.1 - https:\/\/yoast.com\/wordpress\/plugins\/seo\/ -->\n<title>Un espace naturel prot\u00e9g\u00e9 de grandes valeurs - Camping Laguna<\/title>\n<meta name=\"description\" content=\"Les &quot;Aiguamolls de l&quot;Empord\u00e0&quot; (marais de l&#039;Empord\u00e0) sont l&#039;une des principales zones humides de Catalogne, r\u00e9sultat de l&#039;interaction des rivi\u00e8res et de la\" \/>\n<meta name=\"robots\" content=\"index, follow, max-snippet:-1, max-image-preview:large, max-video-preview:-1\" \/>\n<link rel=\"canonical\" href=\"https:\/\/www.campinglaguna.com\/fr\/que-faire\/parque-natural\/un-espacio-natural-protegido-de-gran-valor\/\" \/>\n<meta property=\"og:locale\" content=\"fr_FR\" \/>\n<meta property=\"og:type\" content=\"article\" \/>\n<meta property=\"og:title\" content=\"Un espace naturel prot\u00e9g\u00e9 de grandes valeurs - Camping Laguna\" \/>\n<meta property=\"og:description\" content=\"Les &quot;Aiguamolls de l&quot;Empord\u00e0&quot; (marais de l&#039;Empord\u00e0) sont l&#039;une des principales zones humides de Catalogne, r\u00e9sultat de l&#039;interaction des rivi\u00e8res et de la\" \/>\n<meta property=\"og:url\" content=\"https:\/\/www.campinglaguna.com\/fr\/que-faire\/parque-natural\/un-espacio-natural-protegido-de-gran-valor\/\" \/>\n<meta property=\"og:site_name\" content=\"Camping Laguna\" \/>\n<meta property=\"article:modified_time\" content=\"2024-10-30T10:51:06+00:00\" \/>\n<meta property=\"og:image\" content=\"https:\/\/www.campinglaguna.com\/wp-content\/uploads\/1-flamencs-scaled.jpg\" \/>\n\t<meta property=\"og:image:width\" content=\"2560\" \/>\n\t<meta property=\"og:image:height\" content=\"1920\" \/>\n\t<meta property=\"og:image:type\" content=\"image\/jpeg\" \/>\n<meta name=\"twitter:card\" content=\"summary_large_image\" \/>\n<meta name=\"twitter:label1\" content=\"Dur\u00e9e de lecture estim\u00e9e\" \/>\n\t<meta name=\"twitter:data1\" content=\"2 minutes\" \/>\n<script type=\"application\/ld+json\" class=\"yoast-schema-graph\">{\"@context\":\"https:\/\/schema.org\",\"@graph\":[{\"@type\":\"WebPage\",\"@id\":\"https:\/\/www.campinglaguna.com\/fr\/que-faire\/parque-natural\/un-espacio-natural-protegido-de-gran-valor\/\",\"url\":\"https:\/\/www.campinglaguna.com\/fr\/que-faire\/parque-natural\/un-espacio-natural-protegido-de-gran-valor\/\",\"name\":\"Un espace naturel prot\u00e9g\u00e9 de grandes valeurs - Camping Laguna\",\"isPartOf\":{\"@id\":\"https:\/\/www.campinglaguna.com\/#website\"},\"primaryImageOfPage\":{\"@id\":\"https:\/\/www.campinglaguna.com\/fr\/que-faire\/parque-natural\/un-espacio-natural-protegido-de-gran-valor\/#primaryimage\"},\"image\":{\"@id\":\"https:\/\/www.campinglaguna.com\/fr\/que-faire\/parque-natural\/un-espacio-natural-protegido-de-gran-valor\/#primaryimage\"},\"thumbnailUrl\":\"https:\/\/www.campinglaguna.com\/wp-content\/uploads\/1-flamencs-scaled.jpg\",\"datePublished\":\"2024-09-30T11:41:28+00:00\",\"dateModified\":\"2024-10-30T10:51:06+00:00\",\"description\":\"Les \\\"Aiguamolls de l\\\"Empord\u00e0\\\" (marais de l'Empord\u00e0) sont l'une des principales zones humides de Catalogne, r\u00e9sultat de l'interaction des rivi\u00e8res et de la\",\"breadcrumb\":{\"@id\":\"https:\/\/www.campinglaguna.com\/fr\/que-faire\/parque-natural\/un-espacio-natural-protegido-de-gran-valor\/#breadcrumb\"},\"inLanguage\":\"fr-FR\",\"potentialAction\":[{\"@type\":\"ReadAction\",\"target\":[\"https:\/\/www.campinglaguna.com\/fr\/que-faire\/parque-natural\/un-espacio-natural-protegido-de-gran-valor\/\"]}]},{\"@type\":\"ImageObject\",\"inLanguage\":\"fr-FR\",\"@id\":\"https:\/\/www.campinglaguna.com\/fr\/que-faire\/parque-natural\/un-espacio-natural-protegido-de-gran-valor\/#primaryimage\",\"url\":\"https:\/\/www.campinglaguna.com\/wp-content\/uploads\/1-flamencs-scaled.jpg\",\"contentUrl\":\"https:\/\/www.campinglaguna.com\/wp-content\/uploads\/1-flamencs-scaled.jpg\",\"width\":2560,\"height\":1920,\"caption\":\"En el Parque Natural se han visto 329 especies de aves.\"},{\"@type\":\"BreadcrumbList\",\"@id\":\"https:\/\/www.campinglaguna.com\/fr\/que-faire\/parque-natural\/un-espacio-natural-protegido-de-gran-valor\/#breadcrumb\",\"itemListElement\":[{\"@type\":\"ListItem\",\"position\":1,\"name\":\"Camping Laguna\",\"item\":\"https:\/\/www.campinglaguna.com\/fr\/\"},{\"@type\":\"ListItem\",\"position\":2,\"name\":\"Que faire\",\"item\":\"https:\/\/www.campinglaguna.com\/fr\/que-faire\/\"},{\"@type\":\"ListItem\",\"position\":3,\"name\":\"Parc Naturel\",\"item\":\"https:\/\/www.campinglaguna.com\/fr\/que-faire\/parque-natural\/\"},{\"@type\":\"ListItem\",\"position\":4,\"name\":\"Un espace naturel prot\u00e9g\u00e9 de grandes valeurs\"}]},{\"@type\":\"WebSite\",\"@id\":\"https:\/\/www.campinglaguna.com\/#website\",\"url\":\"https:\/\/www.campinglaguna.com\/\",\"name\":\"Camping Laguna\",\"description\":\"Otro sitio realizado con WordPress\",\"publisher\":{\"@id\":\"https:\/\/www.campinglaguna.com\/#organization\"},\"potentialAction\":[{\"@type\":\"SearchAction\",\"target\":{\"@type\":\"EntryPoint\",\"urlTemplate\":\"https:\/\/www.campinglaguna.com\/?s={search_term_string}\"},\"query-input\":{\"@type\":\"PropertyValueSpecification\",\"valueRequired\":true,\"valueName\":\"search_term_string\"}}],\"inLanguage\":\"fr-FR\"},{\"@type\":\"Organization\",\"@id\":\"https:\/\/www.campinglaguna.com\/#organization\",\"name\":\"Camping Laguna\",\"url\":\"https:\/\/www.campinglaguna.com\/\",\"logo\":{\"@type\":\"ImageObject\",\"inLanguage\":\"fr-FR\",\"@id\":\"https:\/\/www.campinglaguna.com\/#\/schema\/logo\/image\/\",\"url\":\"https:\/\/www.campinglaguna.com\/wp-content\/uploads\/logo-laguna.png\",\"contentUrl\":\"https:\/\/www.campinglaguna.com\/wp-content\/uploads\/logo-laguna.png\",\"width\":263,\"height\":64,\"caption\":\"Camping Laguna\"},\"image\":{\"@id\":\"https:\/\/www.campinglaguna.com\/#\/schema\/logo\/image\/\"}}]}<\/script>\n<!-- \/ Yoast SEO plugin. -->","yoast_head_json":{"title":"Un espace naturel prot\u00e9g\u00e9 de grandes valeurs - Camping Laguna","description":"Les \"Aiguamolls de l\"Empord\u00e0\" (marais de l'Empord\u00e0) sont l'une des principales zones humides de Catalogne, r\u00e9sultat de l'interaction des rivi\u00e8res et de la","robots":{"index":"index","follow":"follow","max-snippet":"max-snippet:-1","max-image-preview":"max-image-preview:large","max-video-preview":"max-video-preview:-1"},"canonical":"https:\/\/www.campinglaguna.com\/fr\/que-faire\/parque-natural\/un-espacio-natural-protegido-de-gran-valor\/","og_locale":"fr_FR","og_type":"article","og_title":"Un espace naturel prot\u00e9g\u00e9 de grandes valeurs - Camping Laguna","og_description":"Les \"Aiguamolls de l\"Empord\u00e0\" (marais de l'Empord\u00e0) sont l'une des principales zones humides de Catalogne, r\u00e9sultat de l'interaction des rivi\u00e8res et de la","og_url":"https:\/\/www.campinglaguna.com\/fr\/que-faire\/parque-natural\/un-espacio-natural-protegido-de-gran-valor\/","og_site_name":"Camping Laguna","article_modified_time":"2024-10-30T10:51:06+00:00","og_image":[{"width":2560,"height":1920,"url":"https:\/\/www.campinglaguna.com\/wp-content\/uploads\/1-flamencs-scaled.jpg","type":"image\/jpeg"}],"twitter_card":"summary_large_image","twitter_misc":{"Dur\u00e9e de lecture estim\u00e9e":"2 minutes"},"schema":{"@context":"https:\/\/schema.org","@graph":[{"@type":"WebPage","@id":"https:\/\/www.campinglaguna.com\/fr\/que-faire\/parque-natural\/un-espacio-natural-protegido-de-gran-valor\/","url":"https:\/\/www.campinglaguna.com\/fr\/que-faire\/parque-natural\/un-espacio-natural-protegido-de-gran-valor\/","name":"Un espace naturel prot\u00e9g\u00e9 de grandes valeurs - Camping Laguna","isPartOf":{"@id":"https:\/\/www.campinglaguna.com\/#website"},"primaryImageOfPage":{"@id":"https:\/\/www.campinglaguna.com\/fr\/que-faire\/parque-natural\/un-espacio-natural-protegido-de-gran-valor\/#primaryimage"},"image":{"@id":"https:\/\/www.campinglaguna.com\/fr\/que-faire\/parque-natural\/un-espacio-natural-protegido-de-gran-valor\/#primaryimage"},"thumbnailUrl":"https:\/\/www.campinglaguna.com\/wp-content\/uploads\/1-flamencs-scaled.jpg","datePublished":"2024-09-30T11:41:28+00:00","dateModified":"2024-10-30T10:51:06+00:00","description":"Les \"Aiguamolls de l\"Empord\u00e0\" (marais de l'Empord\u00e0) sont l'une des principales zones humides de Catalogne, r\u00e9sultat de l'interaction des rivi\u00e8res et de la","breadcrumb":{"@id":"https:\/\/www.campinglaguna.com\/fr\/que-faire\/parque-natural\/un-espacio-natural-protegido-de-gran-valor\/#breadcrumb"},"inLanguage":"fr-FR","potentialAction":[{"@type":"ReadAction","target":["https:\/\/www.campinglaguna.com\/fr\/que-faire\/parque-natural\/un-espacio-natural-protegido-de-gran-valor\/"]}]},{"@type":"ImageObject","inLanguage":"fr-FR","@id":"https:\/\/www.campinglaguna.com\/fr\/que-faire\/parque-natural\/un-espacio-natural-protegido-de-gran-valor\/#primaryimage","url":"https:\/\/www.campinglaguna.com\/wp-content\/uploads\/1-flamencs-scaled.jpg","contentUrl":"https:\/\/www.campinglaguna.com\/wp-content\/uploads\/1-flamencs-scaled.jpg","width":2560,"height":1920,"caption":"En el Parque Natural se han visto 329 especies de aves."},{"@type":"BreadcrumbList","@id":"https:\/\/www.campinglaguna.com\/fr\/que-faire\/parque-natural\/un-espacio-natural-protegido-de-gran-valor\/#breadcrumb","itemListElement":[{"@type":"ListItem","position":1,"name":"Camping Laguna","item":"https:\/\/www.campinglaguna.com\/fr\/"},{"@type":"ListItem","position":2,"name":"Que faire","item":"https:\/\/www.campinglaguna.com\/fr\/que-faire\/"},{"@type":"ListItem","position":3,"name":"Parc Naturel","item":"https:\/\/www.campinglaguna.com\/fr\/que-faire\/parque-natural\/"},{"@type":"ListItem","position":4,"name":"Un espace naturel prot\u00e9g\u00e9 de grandes valeurs"}]},{"@type":"WebSite","@id":"https:\/\/www.campinglaguna.com\/#website","url":"https:\/\/www.campinglaguna.com\/","name":"Camping Laguna","description":"Otro sitio realizado con WordPress","publisher":{"@id":"https:\/\/www.campinglaguna.com\/#organization"},"potentialAction":[{"@type":"SearchAction","target":{"@type":"EntryPoint","urlTemplate":"https:\/\/www.campinglaguna.com\/?s={search_term_string}"},"query-input":{"@type":"PropertyValueSpecification","valueRequired":true,"valueName":"search_term_string"}}],"inLanguage":"fr-FR"},{"@type":"Organization","@id":"https:\/\/www.campinglaguna.com\/#organization","name":"Camping Laguna","url":"https:\/\/www.campinglaguna.com\/","logo":{"@type":"ImageObject","inLanguage":"fr-FR","@id":"https:\/\/www.campinglaguna.com\/#\/schema\/logo\/image\/","url":"https:\/\/www.campinglaguna.com\/wp-content\/uploads\/logo-laguna.png","contentUrl":"https:\/\/www.campinglaguna.com\/wp-content\/uploads\/logo-laguna.png","width":263,"height":64,"caption":"Camping Laguna"},"image":{"@id":"https:\/\/www.campinglaguna.com\/#\/schema\/logo\/image\/"}}]}},"_links":{"self":[{"href":"https:\/\/www.campinglaguna.com\/fr\/wp-json\/wp\/v2\/pages\/38503","targetHints":{"allow":["GET"]}}],"collection":[{"href":"https:\/\/www.campinglaguna.com\/fr\/wp-json\/wp\/v2\/pages"}],"about":[{"href":"https:\/\/www.campinglaguna.com\/fr\/wp-json\/wp\/v2\/types\/page"}],"author":[{"embeddable":true,"href":"https:\/\/www.campinglaguna.com\/fr\/wp-json\/wp\/v2\/users\/8"}],"replies":[{"embeddable":true,"href":"https:\/\/www.campinglaguna.com\/fr\/wp-json\/wp\/v2\/comments?post=38503"}],"version-history":[{"count":8,"href":"https:\/\/www.campinglaguna.com\/fr\/wp-json\/wp\/v2\/pages\/38503\/revisions"}],"predecessor-version":[{"id":38544,"href":"https:\/\/www.campinglaguna.com\/fr\/wp-json\/wp\/v2\/pages\/38503\/revisions\/38544"}],"up":[{"embeddable":true,"href":"https:\/\/www.campinglaguna.com\/fr\/wp-json\/wp\/v2\/pages\/38516"}],"wp:featuredmedia":[{"embeddable":true,"href":"https:\/\/www.campinglaguna.com\/fr\/wp-json\/wp\/v2\/media\/38103"}],"wp:attachment":[{"href":"https:\/\/www.campinglaguna.com\/fr\/wp-json\/wp\/v2\/media?parent=38503"}],"curies":[{"name":"wp","href":"https:\/\/api.w.org\/{rel}","templated":true}]}}