{"id":38507,"date":"2024-09-30T13:42:03","date_gmt":"2024-09-30T11:42:03","guid":{"rendered":"https:\/\/www.campinglaguna.com\/descubre-un-parque-natural-cambiante\/"},"modified":"2024-10-29T09:47:29","modified_gmt":"2024-10-29T08:47:29","slug":"descubre-un-parque-natural-cambiante","status":"publish","type":"page","link":"https:\/\/www.campinglaguna.com\/fr\/que-faire\/parque-natural\/descubre-un-parque-natural-cambiante\/","title":{"rendered":"D\u00e9couvrez un parc naturel changeant"},"content":{"rendered":"<p>Le Parc Naturel dispose de plusieurs itin\u00e9raires \u00e9quip\u00e9s d&rsquo;observatoires qui nous permettent de\u00a0 nous rapprocher de la nature. Tous sont accessibles \u00e0 pied et certains, d\u00fbment autoris\u00e9s, \u00e9galement \u00e0 v\u00e9lo.<\/p>\n<p>Tout\u00a0au\u00a0long\u00a0de\u00a0l&rsquo;ann\u00e9e,\u00a0le\u00a0Parc\u00a0\u00e9volue\u00a0selon\u00a0les\u00a0changements\u00a0saisonniers\u00a0propres\u00a0au\u00a0climat\u00a0\u00a0\u00a0 m\u00e9diterran\u00e9en\u00a0et\u00a0nous\u00a0offre\u00a0des\u00a0paysages\u00a0et\u00a0des\u00a0situations\u00a0tr\u00e8s\u00a0changeants :<\/p>\n<p style=\"padding-left: 40px;\"><strong>Printemps<\/strong>\u00a0:\u00a0Le\u00a0parc\u00a0devient\u00a0un\u00a0refuge\u00a0pour\u00a0les\u00a0oiseaux\u00a0migrateurs\u00a0du\u00a0sud\u00a0vers\u00a0le\u00a0nord.\u00a0Parmi celles-ci, jusqu\u2019\u00e0 82 esp\u00e8ces nichent r\u00e9guli\u00e8rement, ce qui rend les r\u00e8glements de visite beaucoup plus stricte.\u00a0C\u2019est aussi le meilleur moment pour appr\u00e9cier les diff\u00e9rents types de v\u00e9g\u00e9tation qui existent. Fin juin, le niveau de l\u2019eau baisse d\u00e9j\u00e0 et le paysage change radicalement.<\/p>\n<p style=\"padding-left: 40px;\"><strong>\u00c9t\u00e9<\/strong>\u00a0:\u00a0\u00c0\u00a0la mi-juillet, les marais et les \u00e9tangs s\u2019ass\u00e8chent\u00a0: seules les lagunes saum\u00e2tres au-dessous du niveau de la mer sont inond\u00e9es. Les animaux et les plantes ont des strat\u00e9gies de survie comme laisser des \u0153ufs et des graines pour la saison suivante.<\/p>\n<p style=\"padding-left: 40px;\"><strong>Automne<\/strong> : Lorsque les pluies inondent \u00e0 nouveau la r\u00e9gion, elles ouvrent la voie aux poissons et fournissent un abri et de la nourriture aux animaux migrateurs, qu&rsquo;ils restent ici tout l&rsquo;hiver ou qu&rsquo;ils poursuivent leur voyage vers l&rsquo;Afrique. \u00c0 la fin du mois d&rsquo;octobre, les gamins entrent en chaleur.<\/p>\n<p style=\"padding-left: 40px;\"><strong>Hiver<\/strong>: Pendant les mois les plus froids, des milliers d\u2019oiseaux d\u2019eau venant du nord ont leur s\u00e9jour. En f\u00e9vrier et mars, ils co\u00efncideront avec les oiseaux qui reviennent du sud pour se reproduire.<\/p>\n<p>Gardez \u00e0 l&rsquo;esprit tous ces changements et ajustez vos attentes. Vous pouvez vous rendre au <a href=\"https:\/\/maps.app.goo.gl\/RVyQjGyoVi2s1Bp98\"><span style=\"color: #3366ff;\">centre d&rsquo;information de El Cortalet<\/span><\/a>\u00a0pour mieux planifier votre visite.<\/p>\n<p>Vous avez aussi plus d&rsquo;informations sur le <span style=\"color: #3366ff;\"><a style=\"color: #3366ff;\" href=\"https:\/\/parcsnaturals.gencat.cat\/web\/.content\/Xarxa-de-parcs\/aiguamolls-emporda\/el_parc\/mapa-parc\/plano-guia-en-fr.pdf\">plan-guide du Parc.<\/a><\/span><\/p>\n<div class=\"two-columns\">\n<div id=\"attachment_38123\" style=\"width: 510px\" class=\"wp-caption alignnone\"><img loading=\"lazy\" decoding=\"async\" aria-describedby=\"caption-attachment-38123\" class=\"wp-image-38123 size-medium\" src=\"https:\/\/www.campinglaguna.com\/wp-content\/uploads\/5-primavera-abalisament-corriol-500x375.jpg\" alt=\"\" width=\"500\" height=\"375\" srcset=\"https:\/\/www.campinglaguna.com\/wp-content\/uploads\/5-primavera-abalisament-corriol-500x375.jpg 500w, https:\/\/www.campinglaguna.com\/wp-content\/uploads\/5-primavera-abalisament-corriol-150x112.jpg 150w, https:\/\/www.campinglaguna.com\/wp-content\/uploads\/5-primavera-abalisament-corriol-768x576.jpg 768w, https:\/\/www.campinglaguna.com\/wp-content\/uploads\/5-primavera-abalisament-corriol.jpg 826w\" sizes=\"auto, (max-width: 500px) 100vw, 500px\" \/><p id=\"caption-attachment-38123\" class=\"wp-caption-text\">Printemps: La plage de Can Comes est ferm\u00e9e pour prot\u00e9ger la nidification du Pluvier \u00e0 collier interrompu.<\/p><\/div>\n<div id=\"attachment_38129\" style=\"width: 510px\" class=\"wp-caption alignnone\"><img loading=\"lazy\" decoding=\"async\" aria-describedby=\"caption-attachment-38129\" class=\"wp-image-38129 size-medium\" src=\"https:\/\/www.campinglaguna.com\/wp-content\/uploads\/6-estiu-estany-sec-500x375.jpg\" alt=\"\" width=\"500\" height=\"375\" srcset=\"https:\/\/www.campinglaguna.com\/wp-content\/uploads\/6-estiu-estany-sec-500x375.jpg 500w, https:\/\/www.campinglaguna.com\/wp-content\/uploads\/6-estiu-estany-sec-1000x750.jpg 1000w, https:\/\/www.campinglaguna.com\/wp-content\/uploads\/6-estiu-estany-sec-150x113.jpg 150w, https:\/\/www.campinglaguna.com\/wp-content\/uploads\/6-estiu-estany-sec-768x576.jpg 768w, https:\/\/www.campinglaguna.com\/wp-content\/uploads\/6-estiu-estany-sec-1536x1152.jpg 1536w, https:\/\/www.campinglaguna.com\/wp-content\/uploads\/6-estiu-estany-sec-2048x1536.jpg 2048w, https:\/\/www.campinglaguna.com\/wp-content\/uploads\/6-estiu-estany-sec-1400x1050.jpg 1400w\" sizes=\"auto, (max-width: 500px) 100vw, 500px\" \/><p id=\"caption-attachment-38129\" class=\"wp-caption-text\">\u00c9t\u00e9: \u00c0 la mi-juillet, les marais et les \u00e9tangs s&rsquo;ass\u00e8chent et il ne reste plus d&rsquo;eau que dans les lagunes saum\u00e2tres les plus proches de la mer.<\/p><\/div>\n<div id=\"attachment_38111\" style=\"width: 510px\" class=\"wp-caption alignnone\"><img loading=\"lazy\" decoding=\"async\" aria-describedby=\"caption-attachment-38111\" class=\"wp-image-38111 size-medium\" src=\"https:\/\/www.campinglaguna.com\/wp-content\/uploads\/3-tardor-daina-500x375.jpg\" alt=\"\" width=\"500\" height=\"375\" srcset=\"https:\/\/www.campinglaguna.com\/wp-content\/uploads\/3-tardor-daina-500x375.jpg 500w, https:\/\/www.campinglaguna.com\/wp-content\/uploads\/3-tardor-daina-1000x750.jpg 1000w, https:\/\/www.campinglaguna.com\/wp-content\/uploads\/3-tardor-daina-150x113.jpg 150w, https:\/\/www.campinglaguna.com\/wp-content\/uploads\/3-tardor-daina-768x576.jpg 768w, https:\/\/www.campinglaguna.com\/wp-content\/uploads\/3-tardor-daina-1536x1152.jpg 1536w, https:\/\/www.campinglaguna.com\/wp-content\/uploads\/3-tardor-daina-2048x1536.jpg 2048w, https:\/\/www.campinglaguna.com\/wp-content\/uploads\/3-tardor-daina-1400x1050.jpg 1400w\" sizes=\"auto, (max-width: 500px) 100vw, 500px\" \/><p id=\"caption-attachment-38111\" class=\"wp-caption-text\">Automne: Les pluies inondent \u00e0 nouveau la r\u00e9gion.<\/p><\/div>\n<div id=\"attachment_38117\" style=\"width: 510px\" class=\"wp-caption alignnone\"><img loading=\"lazy\" decoding=\"async\" aria-describedby=\"caption-attachment-38117\" class=\"wp-image-38117 size-medium\" src=\"https:\/\/www.campinglaguna.com\/wp-content\/uploads\/4-hivern-concentracio-d-aus-hivernants-500x380.jpg\" alt=\"\" width=\"500\" height=\"380\" srcset=\"https:\/\/www.campinglaguna.com\/wp-content\/uploads\/4-hivern-concentracio-d-aus-hivernants-500x380.jpg 500w, https:\/\/www.campinglaguna.com\/wp-content\/uploads\/4-hivern-concentracio-d-aus-hivernants-1000x760.jpg 1000w, https:\/\/www.campinglaguna.com\/wp-content\/uploads\/4-hivern-concentracio-d-aus-hivernants-150x114.jpg 150w, https:\/\/www.campinglaguna.com\/wp-content\/uploads\/4-hivern-concentracio-d-aus-hivernants-768x584.jpg 768w, https:\/\/www.campinglaguna.com\/wp-content\/uploads\/4-hivern-concentracio-d-aus-hivernants-1536x1168.jpg 1536w, https:\/\/www.campinglaguna.com\/wp-content\/uploads\/4-hivern-concentracio-d-aus-hivernants-2048x1557.jpg 2048w, https:\/\/www.campinglaguna.com\/wp-content\/uploads\/4-hivern-concentracio-d-aus-hivernants-1400x1065.jpg 1400w\" sizes=\"auto, (max-width: 500px) 100vw, 500px\" \/><p id=\"caption-attachment-38117\" class=\"wp-caption-text\">Hiver: Pendant les mois froids, des milliers d&rsquo;oiseaux aquatiques venus du nord ont leur s\u00e9jour.<\/p><\/div>\n<\/div>\n","protected":false},"excerpt":{"rendered":"<p>Le Parc Naturel dispose de plusieurs itin\u00e9raires \u00e9quip\u00e9s d&rsquo;observatoires qui nous permettent de\u00a0 nous rapprocher de la nature. Tous sont accessibles \u00e0 pied et certains, d\u00fbment autoris\u00e9s, \u00e9galement \u00e0 v\u00e9lo. [&hellip;]<\/p>\n","protected":false},"author":8,"featured_media":38133,"parent":38516,"menu_order":1,"comment_status":"closed","ping_status":"closed","template":"","meta":{"_acf_changed":false,"footnotes":""},"class_list":["post-38507","page","type-page","status-publish","has-post-thumbnail","hentry"],"acf":[],"yoast_head":"<!-- This site is optimized with the Yoast SEO plugin v26.1.1 - https:\/\/yoast.com\/wordpress\/plugins\/seo\/ -->\n<title>D\u00e9couvrez un parc naturel changeant - Camping Laguna<\/title>\n<meta name=\"description\" content=\"Le Parc Naturel dispose de plusieurs itin\u00e9raires \u00e9quip\u00e9s d&#039;observatoires qui nous permettent de\u00a0 nous rapprocher de la nature. Tous sont accessibles \u00e0\" \/>\n<meta name=\"robots\" content=\"index, follow, max-snippet:-1, max-image-preview:large, max-video-preview:-1\" \/>\n<link rel=\"canonical\" href=\"https:\/\/www.campinglaguna.com\/fr\/que-faire\/parque-natural\/descubre-un-parque-natural-cambiante\/\" \/>\n<meta property=\"og:locale\" content=\"fr_FR\" \/>\n<meta property=\"og:type\" content=\"article\" \/>\n<meta property=\"og:title\" content=\"D\u00e9couvrez un parc naturel changeant - Camping Laguna\" \/>\n<meta property=\"og:description\" content=\"Le Parc Naturel dispose de plusieurs itin\u00e9raires \u00e9quip\u00e9s d&#039;observatoires qui nous permettent de\u00a0 nous rapprocher de la nature. Tous sont accessibles \u00e0\" \/>\n<meta property=\"og:url\" content=\"https:\/\/www.campinglaguna.com\/fr\/que-faire\/parque-natural\/descubre-un-parque-natural-cambiante\/\" \/>\n<meta property=\"og:site_name\" content=\"Camping Laguna\" \/>\n<meta property=\"article:modified_time\" content=\"2024-10-29T08:47:29+00:00\" \/>\n<meta property=\"og:image\" content=\"https:\/\/www.campinglaguna.com\/wp-content\/uploads\/6-estiu-estany-sec-scaled.jpg\" \/>\n\t<meta property=\"og:image:width\" content=\"2560\" \/>\n\t<meta property=\"og:image:height\" content=\"1920\" \/>\n\t<meta property=\"og:image:type\" content=\"image\/jpeg\" \/>\n<meta name=\"twitter:card\" content=\"summary_large_image\" \/>\n<meta name=\"twitter:label1\" content=\"Dur\u00e9e de lecture estim\u00e9e\" \/>\n\t<meta name=\"twitter:data1\" content=\"3 minutes\" \/>\n<script type=\"application\/ld+json\" class=\"yoast-schema-graph\">{\"@context\":\"https:\/\/schema.org\",\"@graph\":[{\"@type\":\"WebPage\",\"@id\":\"https:\/\/www.campinglaguna.com\/fr\/que-faire\/parque-natural\/descubre-un-parque-natural-cambiante\/\",\"url\":\"https:\/\/www.campinglaguna.com\/fr\/que-faire\/parque-natural\/descubre-un-parque-natural-cambiante\/\",\"name\":\"D\u00e9couvrez un parc naturel changeant - Camping Laguna\",\"isPartOf\":{\"@id\":\"https:\/\/www.campinglaguna.com\/#website\"},\"primaryImageOfPage\":{\"@id\":\"https:\/\/www.campinglaguna.com\/fr\/que-faire\/parque-natural\/descubre-un-parque-natural-cambiante\/#primaryimage\"},\"image\":{\"@id\":\"https:\/\/www.campinglaguna.com\/fr\/que-faire\/parque-natural\/descubre-un-parque-natural-cambiante\/#primaryimage\"},\"thumbnailUrl\":\"https:\/\/www.campinglaguna.com\/wp-content\/uploads\/6-estiu-estany-sec-scaled.jpg\",\"datePublished\":\"2024-09-30T11:42:03+00:00\",\"dateModified\":\"2024-10-29T08:47:29+00:00\",\"description\":\"Le Parc Naturel dispose de plusieurs itin\u00e9raires \u00e9quip\u00e9s d'observatoires qui nous permettent de\u00a0 nous rapprocher de la nature. Tous sont accessibles \u00e0\",\"breadcrumb\":{\"@id\":\"https:\/\/www.campinglaguna.com\/fr\/que-faire\/parque-natural\/descubre-un-parque-natural-cambiante\/#breadcrumb\"},\"inLanguage\":\"fr-FR\",\"potentialAction\":[{\"@type\":\"ReadAction\",\"target\":[\"https:\/\/www.campinglaguna.com\/fr\/que-faire\/parque-natural\/descubre-un-parque-natural-cambiante\/\"]}]},{\"@type\":\"ImageObject\",\"inLanguage\":\"fr-FR\",\"@id\":\"https:\/\/www.campinglaguna.com\/fr\/que-faire\/parque-natural\/descubre-un-parque-natural-cambiante\/#primaryimage\",\"url\":\"https:\/\/www.campinglaguna.com\/wp-content\/uploads\/6-estiu-estany-sec-scaled.jpg\",\"contentUrl\":\"https:\/\/www.campinglaguna.com\/wp-content\/uploads\/6-estiu-estany-sec-scaled.jpg\",\"width\":2560,\"height\":1920},{\"@type\":\"BreadcrumbList\",\"@id\":\"https:\/\/www.campinglaguna.com\/fr\/que-faire\/parque-natural\/descubre-un-parque-natural-cambiante\/#breadcrumb\",\"itemListElement\":[{\"@type\":\"ListItem\",\"position\":1,\"name\":\"Camping Laguna\",\"item\":\"https:\/\/www.campinglaguna.com\/fr\/\"},{\"@type\":\"ListItem\",\"position\":2,\"name\":\"Que faire\",\"item\":\"https:\/\/www.campinglaguna.com\/fr\/que-faire\/\"},{\"@type\":\"ListItem\",\"position\":3,\"name\":\"Parc Naturel\",\"item\":\"https:\/\/www.campinglaguna.com\/fr\/que-faire\/parque-natural\/\"},{\"@type\":\"ListItem\",\"position\":4,\"name\":\"D\u00e9couvrez un parc naturel changeant\"}]},{\"@type\":\"WebSite\",\"@id\":\"https:\/\/www.campinglaguna.com\/#website\",\"url\":\"https:\/\/www.campinglaguna.com\/\",\"name\":\"Camping Laguna\",\"description\":\"Otro sitio realizado con WordPress\",\"publisher\":{\"@id\":\"https:\/\/www.campinglaguna.com\/#organization\"},\"potentialAction\":[{\"@type\":\"SearchAction\",\"target\":{\"@type\":\"EntryPoint\",\"urlTemplate\":\"https:\/\/www.campinglaguna.com\/?s={search_term_string}\"},\"query-input\":{\"@type\":\"PropertyValueSpecification\",\"valueRequired\":true,\"valueName\":\"search_term_string\"}}],\"inLanguage\":\"fr-FR\"},{\"@type\":\"Organization\",\"@id\":\"https:\/\/www.campinglaguna.com\/#organization\",\"name\":\"Camping Laguna\",\"url\":\"https:\/\/www.campinglaguna.com\/\",\"logo\":{\"@type\":\"ImageObject\",\"inLanguage\":\"fr-FR\",\"@id\":\"https:\/\/www.campinglaguna.com\/#\/schema\/logo\/image\/\",\"url\":\"https:\/\/www.campinglaguna.com\/wp-content\/uploads\/logo-laguna.png\",\"contentUrl\":\"https:\/\/www.campinglaguna.com\/wp-content\/uploads\/logo-laguna.png\",\"width\":263,\"height\":64,\"caption\":\"Camping Laguna\"},\"image\":{\"@id\":\"https:\/\/www.campinglaguna.com\/#\/schema\/logo\/image\/\"}}]}<\/script>\n<!-- \/ Yoast SEO plugin. -->","yoast_head_json":{"title":"D\u00e9couvrez un parc naturel changeant - Camping Laguna","description":"Le Parc Naturel dispose de plusieurs itin\u00e9raires \u00e9quip\u00e9s d'observatoires qui nous permettent de\u00a0 nous rapprocher de la nature. Tous sont accessibles \u00e0","robots":{"index":"index","follow":"follow","max-snippet":"max-snippet:-1","max-image-preview":"max-image-preview:large","max-video-preview":"max-video-preview:-1"},"canonical":"https:\/\/www.campinglaguna.com\/fr\/que-faire\/parque-natural\/descubre-un-parque-natural-cambiante\/","og_locale":"fr_FR","og_type":"article","og_title":"D\u00e9couvrez un parc naturel changeant - Camping Laguna","og_description":"Le Parc Naturel dispose de plusieurs itin\u00e9raires \u00e9quip\u00e9s d'observatoires qui nous permettent de\u00a0 nous rapprocher de la nature. Tous sont accessibles \u00e0","og_url":"https:\/\/www.campinglaguna.com\/fr\/que-faire\/parque-natural\/descubre-un-parque-natural-cambiante\/","og_site_name":"Camping Laguna","article_modified_time":"2024-10-29T08:47:29+00:00","og_image":[{"width":2560,"height":1920,"url":"https:\/\/www.campinglaguna.com\/wp-content\/uploads\/6-estiu-estany-sec-scaled.jpg","type":"image\/jpeg"}],"twitter_card":"summary_large_image","twitter_misc":{"Dur\u00e9e de lecture estim\u00e9e":"3 minutes"},"schema":{"@context":"https:\/\/schema.org","@graph":[{"@type":"WebPage","@id":"https:\/\/www.campinglaguna.com\/fr\/que-faire\/parque-natural\/descubre-un-parque-natural-cambiante\/","url":"https:\/\/www.campinglaguna.com\/fr\/que-faire\/parque-natural\/descubre-un-parque-natural-cambiante\/","name":"D\u00e9couvrez un parc naturel changeant - Camping Laguna","isPartOf":{"@id":"https:\/\/www.campinglaguna.com\/#website"},"primaryImageOfPage":{"@id":"https:\/\/www.campinglaguna.com\/fr\/que-faire\/parque-natural\/descubre-un-parque-natural-cambiante\/#primaryimage"},"image":{"@id":"https:\/\/www.campinglaguna.com\/fr\/que-faire\/parque-natural\/descubre-un-parque-natural-cambiante\/#primaryimage"},"thumbnailUrl":"https:\/\/www.campinglaguna.com\/wp-content\/uploads\/6-estiu-estany-sec-scaled.jpg","datePublished":"2024-09-30T11:42:03+00:00","dateModified":"2024-10-29T08:47:29+00:00","description":"Le Parc Naturel dispose de plusieurs itin\u00e9raires \u00e9quip\u00e9s d'observatoires qui nous permettent de\u00a0 nous rapprocher de la nature. Tous sont accessibles \u00e0","breadcrumb":{"@id":"https:\/\/www.campinglaguna.com\/fr\/que-faire\/parque-natural\/descubre-un-parque-natural-cambiante\/#breadcrumb"},"inLanguage":"fr-FR","potentialAction":[{"@type":"ReadAction","target":["https:\/\/www.campinglaguna.com\/fr\/que-faire\/parque-natural\/descubre-un-parque-natural-cambiante\/"]}]},{"@type":"ImageObject","inLanguage":"fr-FR","@id":"https:\/\/www.campinglaguna.com\/fr\/que-faire\/parque-natural\/descubre-un-parque-natural-cambiante\/#primaryimage","url":"https:\/\/www.campinglaguna.com\/wp-content\/uploads\/6-estiu-estany-sec-scaled.jpg","contentUrl":"https:\/\/www.campinglaguna.com\/wp-content\/uploads\/6-estiu-estany-sec-scaled.jpg","width":2560,"height":1920},{"@type":"BreadcrumbList","@id":"https:\/\/www.campinglaguna.com\/fr\/que-faire\/parque-natural\/descubre-un-parque-natural-cambiante\/#breadcrumb","itemListElement":[{"@type":"ListItem","position":1,"name":"Camping Laguna","item":"https:\/\/www.campinglaguna.com\/fr\/"},{"@type":"ListItem","position":2,"name":"Que faire","item":"https:\/\/www.campinglaguna.com\/fr\/que-faire\/"},{"@type":"ListItem","position":3,"name":"Parc Naturel","item":"https:\/\/www.campinglaguna.com\/fr\/que-faire\/parque-natural\/"},{"@type":"ListItem","position":4,"name":"D\u00e9couvrez un parc naturel changeant"}]},{"@type":"WebSite","@id":"https:\/\/www.campinglaguna.com\/#website","url":"https:\/\/www.campinglaguna.com\/","name":"Camping Laguna","description":"Otro sitio realizado con WordPress","publisher":{"@id":"https:\/\/www.campinglaguna.com\/#organization"},"potentialAction":[{"@type":"SearchAction","target":{"@type":"EntryPoint","urlTemplate":"https:\/\/www.campinglaguna.com\/?s={search_term_string}"},"query-input":{"@type":"PropertyValueSpecification","valueRequired":true,"valueName":"search_term_string"}}],"inLanguage":"fr-FR"},{"@type":"Organization","@id":"https:\/\/www.campinglaguna.com\/#organization","name":"Camping Laguna","url":"https:\/\/www.campinglaguna.com\/","logo":{"@type":"ImageObject","inLanguage":"fr-FR","@id":"https:\/\/www.campinglaguna.com\/#\/schema\/logo\/image\/","url":"https:\/\/www.campinglaguna.com\/wp-content\/uploads\/logo-laguna.png","contentUrl":"https:\/\/www.campinglaguna.com\/wp-content\/uploads\/logo-laguna.png","width":263,"height":64,"caption":"Camping Laguna"},"image":{"@id":"https:\/\/www.campinglaguna.com\/#\/schema\/logo\/image\/"}}]}},"_links":{"self":[{"href":"https:\/\/www.campinglaguna.com\/fr\/wp-json\/wp\/v2\/pages\/38507","targetHints":{"allow":["GET"]}}],"collection":[{"href":"https:\/\/www.campinglaguna.com\/fr\/wp-json\/wp\/v2\/pages"}],"about":[{"href":"https:\/\/www.campinglaguna.com\/fr\/wp-json\/wp\/v2\/types\/page"}],"author":[{"embeddable":true,"href":"https:\/\/www.campinglaguna.com\/fr\/wp-json\/wp\/v2\/users\/8"}],"replies":[{"embeddable":true,"href":"https:\/\/www.campinglaguna.com\/fr\/wp-json\/wp\/v2\/comments?post=38507"}],"version-history":[{"count":6,"href":"https:\/\/www.campinglaguna.com\/fr\/wp-json\/wp\/v2\/pages\/38507\/revisions"}],"predecessor-version":[{"id":38526,"href":"https:\/\/www.campinglaguna.com\/fr\/wp-json\/wp\/v2\/pages\/38507\/revisions\/38526"}],"up":[{"embeddable":true,"href":"https:\/\/www.campinglaguna.com\/fr\/wp-json\/wp\/v2\/pages\/38516"}],"wp:featuredmedia":[{"embeddable":true,"href":"https:\/\/www.campinglaguna.com\/fr\/wp-json\/wp\/v2\/media\/38133"}],"wp:attachment":[{"href":"https:\/\/www.campinglaguna.com\/fr\/wp-json\/wp\/v2\/media?parent=38507"}],"curies":[{"name":"wp","href":"https:\/\/api.w.org\/{rel}","templated":true}]}}