{"id":38512,"date":"2024-09-30T13:42:27","date_gmt":"2024-09-30T11:42:27","guid":{"rendered":"https:\/\/www.campinglaguna.com\/consejos-y-normas-de-visita\/"},"modified":"2024-10-28T12:30:46","modified_gmt":"2024-10-28T11:30:46","slug":"consejos-y-normas-de-visita","status":"publish","type":"page","link":"https:\/\/www.campinglaguna.com\/fr\/que-faire\/parque-natural\/consejos-y-normas-de-visita\/","title":{"rendered":"Conseils et r\u00e8gles de visite"},"content":{"rendered":"<p>Lorsque nous visitons l&rsquo;environnement naturel, toutes les activit\u00e9s que nous effectuons ont un impact sur l&rsquo;environnement. Nous devons essayer de minimiser cet impact, de ne pas faire remarquer que nous avons effectu\u00e9 la visite. En suivant ces simples recommandations, nous pouvons aider \u00e0 maintenir l&rsquo;\u00e9quilibre et le bon \u00e9tat de l\u2019environnement :<\/p>\n<ul>\n<li>Votre visite commence \u00e0 la maison. <span style=\"color: #ff0000;\">Planifiez<\/span> vos activit\u00e9s, consultez les services de l&rsquo;espace, r\u00e9servez au besoin et d\u00e9couvrez le patrimoine naturel et culturel dont vous pouvez profiter.<\/li>\n<li>Pour mieux observer la faune, apportez des <span style=\"color: #ff0000;\">jumelles<\/span>. Vous pouvez \u00e9galement les louer au <span style=\"color: #3366ff;\"><a style=\"color: #3366ff;\" href=\"https:\/\/maps.app.goo.gl\/RVyQjGyoVi2s1Bp98\">centre d&rsquo;information d&rsquo;El Cortalet.<\/a><\/span><\/li>\n<li>Essayez de visiter le Parc Naturel en compagnie d&rsquo;un <span style=\"color: #ff0000;\">guide<\/span>, l&rsquo;exp\u00e9rience sera beaucoup plus enrichissante. Le parc naturel ne dispose pas de ses propres guides, mais il existe des entreprises sur le territoire qui offrent ce service.<\/li>\n<li>Apportez de la <span style=\"color: #ff0000;\">cr\u00e8me solaire et de l&rsquo;eau<\/span>. Gardez \u00e0 l&rsquo;esprit que dans les milieux sal\u00e9s, il n&rsquo;y a pas toujours d&rsquo;ombre.<\/li>\n<li>N&rsquo;oubliez pas le r\u00e9pulsif <span style=\"color: #ff0000;\">antimoustiques<\/span>, il y en a toute l&rsquo;ann\u00e9e. Achetez-le sans picaridine, c&rsquo;est tr\u00e8s toxique pour les amphibiens.<\/li>\n<li>\u00c9vitez d&rsquo;amener des <span style=\"color: #ff0000;\">chiens<\/span> et autres animaux de compagnie. Dans tous les cas, ils doivent \u00eatre attach\u00e9s et ne peuvent acc\u00e9der aux plages et \u00e0 certains itin\u00e9raires. La collecte des excr\u00e9ments est obligatoire, car ils ont un impact important sur la faune invert\u00e9br\u00e9e.<\/li>\n<li><span style=\"color: #ff0000;\">Respecte les r\u00e8gles<\/span> du parc naturel, existe pour pr\u00e9server les valeurs et permettre la r\u00e9alisation d&rsquo;activit\u00e9s. La r\u00e9glementation affecte \u00e9galement les itin\u00e9raires et les plages et peut varier tout au long de l&rsquo;ann\u00e9e.<\/li>\n<\/ul>\n<p>Faites attention aux indications sur les panneaux et renseignez-vous aupr\u00e8s du centre d&rsquo;information. Vous pouvez \u00e9galement consulter cette<span style=\"color: #3366ff;\"> <a style=\"color: #3366ff;\" href=\"https:\/\/www.google.com\/maps\/d\/embed?mid=1quXyo4YiyWU_RcGo8Ku0i4GMzaNASwc&amp;hl=ca&amp;ehbc=2E312F&amp;ll=42.21759871803255%2C3.0959602789038865&amp;z=12\">carte<\/a><\/span> pour vous faire une id\u00e9e.<\/p>\n<p>Enfin, nous vous invitons \u00e0 visiter le site <span style=\"color: #3366ff;\"><a style=\"color: #3366ff;\" href=\"https:\/\/espaisnaturals.cat\/fr\/\">Equilibri Natural<\/a><\/span>, o\u00f9 vous trouverez des conseils pour visiter les espaces naturels de Catalogne.<\/p>\n<div class=\"two-columns\">\n<div id=\"attachment_38135\" style=\"width: 510px\" class=\"wp-caption aligncenter\"><img loading=\"lazy\" decoding=\"async\" aria-describedby=\"caption-attachment-38135\" class=\"wp-image-38135 size-medium\" src=\"https:\/\/www.campinglaguna.com\/wp-content\/uploads\/7-aguait-500x336.jpg\" alt=\"\" width=\"500\" height=\"336\" srcset=\"https:\/\/www.campinglaguna.com\/wp-content\/uploads\/7-aguait-500x336.jpg 500w, https:\/\/www.campinglaguna.com\/wp-content\/uploads\/7-aguait-1000x671.jpg 1000w, https:\/\/www.campinglaguna.com\/wp-content\/uploads\/7-aguait-150x101.jpg 150w, https:\/\/www.campinglaguna.com\/wp-content\/uploads\/7-aguait-768x516.jpg 768w, https:\/\/www.campinglaguna.com\/wp-content\/uploads\/7-aguait-1536x1031.jpg 1536w, https:\/\/www.campinglaguna.com\/wp-content\/uploads\/7-aguait-2048x1375.jpg 2048w, https:\/\/www.campinglaguna.com\/wp-content\/uploads\/7-aguait-90x60.jpg 90w, https:\/\/www.campinglaguna.com\/wp-content\/uploads\/7-aguait-1400x940.jpg 1400w\" sizes=\"auto, (max-width: 500px) 100vw, 500px\" \/><p id=\"caption-attachment-38135\" class=\"wp-caption-text\">De nombreux itin\u00e9raires ont des observatoires o\u00f9 vous pourrez profiter de la faune sans la d\u00e9ranger.<\/p><\/div>\n<div id=\"attachment_38141\" style=\"width: 510px\" class=\"wp-caption aligncenter\"><img loading=\"lazy\" decoding=\"async\" aria-describedby=\"caption-attachment-38141\" class=\"wp-image-38141 size-medium\" src=\"https:\/\/www.campinglaguna.com\/wp-content\/uploads\/8-gossos-500x375.jpg\" alt=\"\" width=\"500\" height=\"375\" srcset=\"https:\/\/www.campinglaguna.com\/wp-content\/uploads\/8-gossos-500x375.jpg 500w, https:\/\/www.campinglaguna.com\/wp-content\/uploads\/8-gossos-1000x750.jpg 1000w, https:\/\/www.campinglaguna.com\/wp-content\/uploads\/8-gossos-150x113.jpg 150w, https:\/\/www.campinglaguna.com\/wp-content\/uploads\/8-gossos-768x576.jpg 768w, https:\/\/www.campinglaguna.com\/wp-content\/uploads\/8-gossos-1400x1050.jpg 1400w, https:\/\/www.campinglaguna.com\/wp-content\/uploads\/8-gossos.jpg 1500w\" sizes=\"auto, (max-width: 500px) 100vw, 500px\" \/><p id=\"caption-attachment-38141\" class=\"wp-caption-text\">M\u00eame si leur comportement est correct, l&rsquo;impact des chiens sur la faune est important.<\/p><\/div>\n<\/div>\n<p>&nbsp;<\/p>\n<p>&nbsp;<\/p>\n<p>&nbsp;<\/p>\n<p>&nbsp;<\/p>\n","protected":false},"excerpt":{"rendered":"<p>Lorsque nous visitons l&rsquo;environnement naturel, toutes les activit\u00e9s que nous effectuons ont un impact sur l&rsquo;environnement. Nous devons essayer de minimiser cet impact, de ne pas faire remarquer que nous [&hellip;]<\/p>\n","protected":false},"author":8,"featured_media":38176,"parent":38516,"menu_order":2,"comment_status":"closed","ping_status":"closed","template":"","meta":{"_acf_changed":false,"footnotes":""},"class_list":["post-38512","page","type-page","status-publish","has-post-thumbnail","hentry"],"acf":[],"yoast_head":"<!-- This site is optimized with the Yoast SEO plugin v26.1.1 - https:\/\/yoast.com\/wordpress\/plugins\/seo\/ -->\n<title>Conseils et r\u00e8gles de visite - Camping Laguna<\/title>\n<meta name=\"description\" content=\"Lorsque nous visitons l&#039;environnement naturel, toutes les activit\u00e9s que nous effectuons ont un impact sur l&#039;environnement. Nous devons essayer de\" \/>\n<meta name=\"robots\" content=\"index, follow, max-snippet:-1, max-image-preview:large, max-video-preview:-1\" \/>\n<link rel=\"canonical\" href=\"https:\/\/www.campinglaguna.com\/fr\/consejos-y-normas-de-visita\/\" \/>\n<meta property=\"og:locale\" content=\"fr_FR\" \/>\n<meta property=\"og:type\" content=\"article\" \/>\n<meta property=\"og:title\" content=\"Conseils et r\u00e8gles de visite - Camping Laguna\" \/>\n<meta property=\"og:description\" content=\"Lorsque nous visitons l&#039;environnement naturel, toutes les activit\u00e9s que nous effectuons ont un impact sur l&#039;environnement. Nous devons essayer de\" \/>\n<meta property=\"og:url\" content=\"https:\/\/www.campinglaguna.com\/fr\/consejos-y-normas-de-visita\/\" \/>\n<meta property=\"og:site_name\" content=\"Camping Laguna\" \/>\n<meta property=\"article:modified_time\" content=\"2024-10-28T11:30:46+00:00\" \/>\n<meta property=\"og:image\" content=\"https:\/\/www.campinglaguna.com\/wp-content\/uploads\/89599189-icono-de-informacion-aislado-en-la-ilustracion-abstracta-de-boton-redondo-verde-especial.jpg\" \/>\n\t<meta property=\"og:image:width\" content=\"1300\" \/>\n\t<meta property=\"og:image:height\" content=\"1300\" \/>\n\t<meta property=\"og:image:type\" content=\"image\/jpeg\" \/>\n<meta name=\"twitter:card\" content=\"summary_large_image\" \/>\n<meta name=\"twitter:label1\" content=\"Dur\u00e9e de lecture estim\u00e9e\" \/>\n\t<meta name=\"twitter:data1\" content=\"3 minutes\" \/>\n<script type=\"application\/ld+json\" class=\"yoast-schema-graph\">{\"@context\":\"https:\/\/schema.org\",\"@graph\":[{\"@type\":\"WebPage\",\"@id\":\"https:\/\/www.campinglaguna.com\/fr\/consejos-y-normas-de-visita\/\",\"url\":\"https:\/\/www.campinglaguna.com\/fr\/consejos-y-normas-de-visita\/\",\"name\":\"Conseils et r\u00e8gles de visite - Camping Laguna\",\"isPartOf\":{\"@id\":\"https:\/\/www.campinglaguna.com\/#website\"},\"primaryImageOfPage\":{\"@id\":\"https:\/\/www.campinglaguna.com\/fr\/consejos-y-normas-de-visita\/#primaryimage\"},\"image\":{\"@id\":\"https:\/\/www.campinglaguna.com\/fr\/consejos-y-normas-de-visita\/#primaryimage\"},\"thumbnailUrl\":\"https:\/\/www.campinglaguna.com\/wp-content\/uploads\/89599189-icono-de-informacion-aislado-en-la-ilustracion-abstracta-de-boton-redondo-verde-especial.jpg\",\"datePublished\":\"2024-09-30T11:42:27+00:00\",\"dateModified\":\"2024-10-28T11:30:46+00:00\",\"description\":\"Lorsque nous visitons l'environnement naturel, toutes les activit\u00e9s que nous effectuons ont un impact sur l'environnement. Nous devons essayer de\",\"breadcrumb\":{\"@id\":\"https:\/\/www.campinglaguna.com\/fr\/consejos-y-normas-de-visita\/#breadcrumb\"},\"inLanguage\":\"fr-FR\",\"potentialAction\":[{\"@type\":\"ReadAction\",\"target\":[\"https:\/\/www.campinglaguna.com\/fr\/consejos-y-normas-de-visita\/\"]}]},{\"@type\":\"ImageObject\",\"inLanguage\":\"fr-FR\",\"@id\":\"https:\/\/www.campinglaguna.com\/fr\/consejos-y-normas-de-visita\/#primaryimage\",\"url\":\"https:\/\/www.campinglaguna.com\/wp-content\/uploads\/89599189-icono-de-informacion-aislado-en-la-ilustracion-abstracta-de-boton-redondo-verde-especial.jpg\",\"contentUrl\":\"https:\/\/www.campinglaguna.com\/wp-content\/uploads\/89599189-icono-de-informacion-aislado-en-la-ilustracion-abstracta-de-boton-redondo-verde-especial.jpg\",\"width\":1300,\"height\":1300,\"caption\":\"Info icon isolated on special green round button abstract illustration\"},{\"@type\":\"BreadcrumbList\",\"@id\":\"https:\/\/www.campinglaguna.com\/fr\/consejos-y-normas-de-visita\/#breadcrumb\",\"itemListElement\":[{\"@type\":\"ListItem\",\"position\":1,\"name\":\"Camping Laguna\",\"item\":\"https:\/\/www.campinglaguna.com\/fr\/\"},{\"@type\":\"ListItem\",\"position\":2,\"name\":\"Conseils et r\u00e8gles de visite\"}]},{\"@type\":\"WebSite\",\"@id\":\"https:\/\/www.campinglaguna.com\/#website\",\"url\":\"https:\/\/www.campinglaguna.com\/\",\"name\":\"Camping Laguna\",\"description\":\"Otro sitio realizado con WordPress\",\"publisher\":{\"@id\":\"https:\/\/www.campinglaguna.com\/#organization\"},\"potentialAction\":[{\"@type\":\"SearchAction\",\"target\":{\"@type\":\"EntryPoint\",\"urlTemplate\":\"https:\/\/www.campinglaguna.com\/?s={search_term_string}\"},\"query-input\":{\"@type\":\"PropertyValueSpecification\",\"valueRequired\":true,\"valueName\":\"search_term_string\"}}],\"inLanguage\":\"fr-FR\"},{\"@type\":\"Organization\",\"@id\":\"https:\/\/www.campinglaguna.com\/#organization\",\"name\":\"Camping Laguna\",\"url\":\"https:\/\/www.campinglaguna.com\/\",\"logo\":{\"@type\":\"ImageObject\",\"inLanguage\":\"fr-FR\",\"@id\":\"https:\/\/www.campinglaguna.com\/#\/schema\/logo\/image\/\",\"url\":\"https:\/\/www.campinglaguna.com\/wp-content\/uploads\/logo-laguna.png\",\"contentUrl\":\"https:\/\/www.campinglaguna.com\/wp-content\/uploads\/logo-laguna.png\",\"width\":263,\"height\":64,\"caption\":\"Camping Laguna\"},\"image\":{\"@id\":\"https:\/\/www.campinglaguna.com\/#\/schema\/logo\/image\/\"}}]}<\/script>\n<!-- \/ Yoast SEO plugin. -->","yoast_head_json":{"title":"Conseils et r\u00e8gles de visite - Camping Laguna","description":"Lorsque nous visitons l'environnement naturel, toutes les activit\u00e9s que nous effectuons ont un impact sur l'environnement. Nous devons essayer de","robots":{"index":"index","follow":"follow","max-snippet":"max-snippet:-1","max-image-preview":"max-image-preview:large","max-video-preview":"max-video-preview:-1"},"canonical":"https:\/\/www.campinglaguna.com\/fr\/consejos-y-normas-de-visita\/","og_locale":"fr_FR","og_type":"article","og_title":"Conseils et r\u00e8gles de visite - Camping Laguna","og_description":"Lorsque nous visitons l'environnement naturel, toutes les activit\u00e9s que nous effectuons ont un impact sur l'environnement. Nous devons essayer de","og_url":"https:\/\/www.campinglaguna.com\/fr\/consejos-y-normas-de-visita\/","og_site_name":"Camping Laguna","article_modified_time":"2024-10-28T11:30:46+00:00","og_image":[{"width":1300,"height":1300,"url":"https:\/\/www.campinglaguna.com\/wp-content\/uploads\/89599189-icono-de-informacion-aislado-en-la-ilustracion-abstracta-de-boton-redondo-verde-especial.jpg","type":"image\/jpeg"}],"twitter_card":"summary_large_image","twitter_misc":{"Dur\u00e9e de lecture estim\u00e9e":"3 minutes"},"schema":{"@context":"https:\/\/schema.org","@graph":[{"@type":"WebPage","@id":"https:\/\/www.campinglaguna.com\/fr\/consejos-y-normas-de-visita\/","url":"https:\/\/www.campinglaguna.com\/fr\/consejos-y-normas-de-visita\/","name":"Conseils et r\u00e8gles de visite - Camping Laguna","isPartOf":{"@id":"https:\/\/www.campinglaguna.com\/#website"},"primaryImageOfPage":{"@id":"https:\/\/www.campinglaguna.com\/fr\/consejos-y-normas-de-visita\/#primaryimage"},"image":{"@id":"https:\/\/www.campinglaguna.com\/fr\/consejos-y-normas-de-visita\/#primaryimage"},"thumbnailUrl":"https:\/\/www.campinglaguna.com\/wp-content\/uploads\/89599189-icono-de-informacion-aislado-en-la-ilustracion-abstracta-de-boton-redondo-verde-especial.jpg","datePublished":"2024-09-30T11:42:27+00:00","dateModified":"2024-10-28T11:30:46+00:00","description":"Lorsque nous visitons l'environnement naturel, toutes les activit\u00e9s que nous effectuons ont un impact sur l'environnement. Nous devons essayer de","breadcrumb":{"@id":"https:\/\/www.campinglaguna.com\/fr\/consejos-y-normas-de-visita\/#breadcrumb"},"inLanguage":"fr-FR","potentialAction":[{"@type":"ReadAction","target":["https:\/\/www.campinglaguna.com\/fr\/consejos-y-normas-de-visita\/"]}]},{"@type":"ImageObject","inLanguage":"fr-FR","@id":"https:\/\/www.campinglaguna.com\/fr\/consejos-y-normas-de-visita\/#primaryimage","url":"https:\/\/www.campinglaguna.com\/wp-content\/uploads\/89599189-icono-de-informacion-aislado-en-la-ilustracion-abstracta-de-boton-redondo-verde-especial.jpg","contentUrl":"https:\/\/www.campinglaguna.com\/wp-content\/uploads\/89599189-icono-de-informacion-aislado-en-la-ilustracion-abstracta-de-boton-redondo-verde-especial.jpg","width":1300,"height":1300,"caption":"Info icon isolated on special green round button abstract illustration"},{"@type":"BreadcrumbList","@id":"https:\/\/www.campinglaguna.com\/fr\/consejos-y-normas-de-visita\/#breadcrumb","itemListElement":[{"@type":"ListItem","position":1,"name":"Camping Laguna","item":"https:\/\/www.campinglaguna.com\/fr\/"},{"@type":"ListItem","position":2,"name":"Conseils et r\u00e8gles de visite"}]},{"@type":"WebSite","@id":"https:\/\/www.campinglaguna.com\/#website","url":"https:\/\/www.campinglaguna.com\/","name":"Camping Laguna","description":"Otro sitio realizado con WordPress","publisher":{"@id":"https:\/\/www.campinglaguna.com\/#organization"},"potentialAction":[{"@type":"SearchAction","target":{"@type":"EntryPoint","urlTemplate":"https:\/\/www.campinglaguna.com\/?s={search_term_string}"},"query-input":{"@type":"PropertyValueSpecification","valueRequired":true,"valueName":"search_term_string"}}],"inLanguage":"fr-FR"},{"@type":"Organization","@id":"https:\/\/www.campinglaguna.com\/#organization","name":"Camping Laguna","url":"https:\/\/www.campinglaguna.com\/","logo":{"@type":"ImageObject","inLanguage":"fr-FR","@id":"https:\/\/www.campinglaguna.com\/#\/schema\/logo\/image\/","url":"https:\/\/www.campinglaguna.com\/wp-content\/uploads\/logo-laguna.png","contentUrl":"https:\/\/www.campinglaguna.com\/wp-content\/uploads\/logo-laguna.png","width":263,"height":64,"caption":"Camping Laguna"},"image":{"@id":"https:\/\/www.campinglaguna.com\/#\/schema\/logo\/image\/"}}]}},"_links":{"self":[{"href":"https:\/\/www.campinglaguna.com\/fr\/wp-json\/wp\/v2\/pages\/38512","targetHints":{"allow":["GET"]}}],"collection":[{"href":"https:\/\/www.campinglaguna.com\/fr\/wp-json\/wp\/v2\/pages"}],"about":[{"href":"https:\/\/www.campinglaguna.com\/fr\/wp-json\/wp\/v2\/types\/page"}],"author":[{"embeddable":true,"href":"https:\/\/www.campinglaguna.com\/fr\/wp-json\/wp\/v2\/users\/8"}],"replies":[{"embeddable":true,"href":"https:\/\/www.campinglaguna.com\/fr\/wp-json\/wp\/v2\/comments?post=38512"}],"version-history":[{"count":2,"href":"https:\/\/www.campinglaguna.com\/fr\/wp-json\/wp\/v2\/pages\/38512\/revisions"}],"predecessor-version":[{"id":38514,"href":"https:\/\/www.campinglaguna.com\/fr\/wp-json\/wp\/v2\/pages\/38512\/revisions\/38514"}],"up":[{"embeddable":true,"href":"https:\/\/www.campinglaguna.com\/fr\/wp-json\/wp\/v2\/pages\/38516"}],"wp:featuredmedia":[{"embeddable":true,"href":"https:\/\/www.campinglaguna.com\/fr\/wp-json\/wp\/v2\/media\/38176"}],"wp:attachment":[{"href":"https:\/\/www.campinglaguna.com\/fr\/wp-json\/wp\/v2\/media?parent=38512"}],"curies":[{"name":"wp","href":"https:\/\/api.w.org\/{rel}","templated":true}]}}