{"id":24189,"date":"2017-03-14T11:37:13","date_gmt":"2017-03-14T10:37:13","guid":{"rendered":"https:\/\/www.campinglaguna.com\/que-hacer\/playas-naturaleza\/parque-natural-cap-de-creus\/"},"modified":"2017-04-06T16:43:38","modified_gmt":"2017-04-06T14:43:38","slug":"parque-natural-cap-de-creus","status":"publish","type":"page","link":"https:\/\/www.campinglaguna.com\/nl\/que-hacer\/playas-naturaleza\/parque-natural-cap-de-creus\/","title":{"rendered":"Natuurpark &#8216;Cap de Creus&#8217;"},"content":{"rendered":"<p>Cap de Creus is het eerste maritiem natuurpark in Spanje, en bestaat sinds\u00a01998, waardoor\u00a0het schiereiland Cap de Creus en haar maritieme milieu beschermt werden.<\/p>\n<p>De totale oppervlakte van het Park is 13.886 ha. Het land-deel bestaat uit 3 natuurlijke beschermde gebieden, en deze van nationaal belang. Ten noorden Cabo de Creus; Punta Falconera-Norfeu met in het zuiden en westen de Sierra de Rodes; dezelfde voorwaarde hebben alle eilanden en eilandjes die zijn gelegen binnen het maritieme milieu in het natuurpark.<\/p>\n<p>Naast de onbetwistbaare biologische en geologische waarde van het gebied, ook belicht in de uitzonderlijke schoonheid van het landschap hetwelke een\u00a0wild, gevarieerd en gekleurd palet biedt. Steile kliffen, donkere rotsen uitgehouwen door de wind en verborgen inhammen.<\/p>\n<p>De steden die deel uitmaken van het gehele park zijn: Cadaqu\u00e9s, Port de la Selva, Selva de Mar, Llan\u00e7\u00e0, Vilaju\u00efga, Pau, Palau-Saverdera en Rosas.<\/p>\n<p>Het is een sterk aanbevolen bezoek en vanaf de camping bent u bij\u00a0de vuurtoren (het hoogste punt) in 45 minuten met de auto, waar u een prachtig uitzicht op de gehele omgeving heeft.<\/p>\n","protected":false},"excerpt":{"rendered":"<p>Cap de Creus is het eerste maritiem natuurpark in Spanje, en bestaat sinds\u00a01998, waardoor\u00a0het schiereiland Cap de Creus en haar maritieme milieu beschermt werden. De totale oppervlakte van het Park [&hellip;]<\/p>\n","protected":false},"author":1,"featured_media":20922,"parent":24177,"menu_order":3,"comment_status":"closed","ping_status":"closed","template":"","meta":{"_acf_changed":false,"footnotes":""},"class_list":["post-24189","page","type-page","status-publish","has-post-thumbnail","hentry"],"acf":[],"yoast_head":"<!-- This site is optimized with the Yoast SEO plugin v26.1.1 - https:\/\/yoast.com\/wordpress\/plugins\/seo\/ -->\n<title>Natuurpark &#039;Cap de Creus&#039; - Camping Laguna<\/title>\n<meta name=\"description\" content=\"Cap de Creus is het eerste maritiem natuurpark in Spanje, en bestaat sinds\u00a01998, waardoor\u00a0het schiereiland Cap de Creus en haar maritieme milieu beschermt\" \/>\n<meta name=\"robots\" content=\"index, follow, max-snippet:-1, max-image-preview:large, max-video-preview:-1\" \/>\n<link rel=\"canonical\" href=\"https:\/\/www.campinglaguna.com\/que-hacer\/playas-naturaleza\/parc-natural-cap-de-creus\/\" \/>\n<meta property=\"og:locale\" content=\"nl_NL\" \/>\n<meta property=\"og:type\" content=\"article\" \/>\n<meta property=\"og:title\" content=\"Natuurpark &#039;Cap de Creus&#039; - Camping Laguna\" \/>\n<meta property=\"og:description\" content=\"Cap de Creus is het eerste maritiem natuurpark in Spanje, en bestaat sinds\u00a01998, waardoor\u00a0het schiereiland Cap de Creus en haar maritieme milieu beschermt\" \/>\n<meta property=\"og:url\" content=\"https:\/\/www.campinglaguna.com\/que-hacer\/playas-naturaleza\/parc-natural-cap-de-creus\/\" \/>\n<meta property=\"og:site_name\" content=\"Camping Laguna\" \/>\n<meta property=\"article:modified_time\" content=\"2017-04-06T14:43:38+00:00\" \/>\n<meta property=\"og:image\" content=\"https:\/\/www.campinglaguna.com\/wp-content\/uploads\/capdecreus.jpg\" \/>\n\t<meta property=\"og:image:width\" content=\"1440\" \/>\n\t<meta property=\"og:image:height\" content=\"500\" \/>\n\t<meta property=\"og:image:type\" content=\"image\/jpeg\" \/>\n<meta name=\"twitter:card\" content=\"summary_large_image\" \/>\n<meta name=\"twitter:label1\" content=\"Geschatte leestijd\" \/>\n\t<meta name=\"twitter:data1\" content=\"1 minuut\" \/>\n<script type=\"application\/ld+json\" class=\"yoast-schema-graph\">{\"@context\":\"https:\/\/schema.org\",\"@graph\":[{\"@type\":\"WebPage\",\"@id\":\"https:\/\/www.campinglaguna.com\/que-hacer\/playas-naturaleza\/parc-natural-cap-de-creus\/\",\"url\":\"https:\/\/www.campinglaguna.com\/que-hacer\/playas-naturaleza\/parc-natural-cap-de-creus\/\",\"name\":\"Natuurpark 'Cap de Creus' - Camping Laguna\",\"isPartOf\":{\"@id\":\"https:\/\/www.campinglaguna.com\/#website\"},\"primaryImageOfPage\":{\"@id\":\"https:\/\/www.campinglaguna.com\/que-hacer\/playas-naturaleza\/parc-natural-cap-de-creus\/#primaryimage\"},\"image\":{\"@id\":\"https:\/\/www.campinglaguna.com\/que-hacer\/playas-naturaleza\/parc-natural-cap-de-creus\/#primaryimage\"},\"thumbnailUrl\":\"https:\/\/www.campinglaguna.com\/wp-content\/uploads\/capdecreus.jpg\",\"datePublished\":\"2017-03-14T10:37:13+00:00\",\"dateModified\":\"2017-04-06T14:43:38+00:00\",\"description\":\"Cap de Creus is het eerste maritiem natuurpark in Spanje, en bestaat sinds\u00a01998, waardoor\u00a0het schiereiland Cap de Creus en haar maritieme milieu beschermt\",\"breadcrumb\":{\"@id\":\"https:\/\/www.campinglaguna.com\/que-hacer\/playas-naturaleza\/parc-natural-cap-de-creus\/#breadcrumb\"},\"inLanguage\":\"nl-NL\",\"potentialAction\":[{\"@type\":\"ReadAction\",\"target\":[\"https:\/\/www.campinglaguna.com\/que-hacer\/playas-naturaleza\/parc-natural-cap-de-creus\/\"]}]},{\"@type\":\"ImageObject\",\"inLanguage\":\"nl-NL\",\"@id\":\"https:\/\/www.campinglaguna.com\/que-hacer\/playas-naturaleza\/parc-natural-cap-de-creus\/#primaryimage\",\"url\":\"https:\/\/www.campinglaguna.com\/wp-content\/uploads\/capdecreus.jpg\",\"contentUrl\":\"https:\/\/www.campinglaguna.com\/wp-content\/uploads\/capdecreus.jpg\",\"width\":1440,\"height\":500},{\"@type\":\"BreadcrumbList\",\"@id\":\"https:\/\/www.campinglaguna.com\/que-hacer\/playas-naturaleza\/parc-natural-cap-de-creus\/#breadcrumb\",\"itemListElement\":[{\"@type\":\"ListItem\",\"position\":1,\"name\":\"Camping Laguna\",\"item\":\"https:\/\/www.campinglaguna.com\/nl\/\"},{\"@type\":\"ListItem\",\"position\":2,\"name\":\"Wat wil je doen?\",\"item\":\"https:\/\/www.campinglaguna.com\/nl\/que-hacer\/\"},{\"@type\":\"ListItem\",\"position\":3,\"name\":\"Strand &#038; Natuur\",\"item\":\"https:\/\/www.campinglaguna.com\/que-hacer\/playas-naturaleza\/\"},{\"@type\":\"ListItem\",\"position\":4,\"name\":\"Natuurpark &#8216;Cap de Creus&#8217;\"}]},{\"@type\":\"WebSite\",\"@id\":\"https:\/\/www.campinglaguna.com\/#website\",\"url\":\"https:\/\/www.campinglaguna.com\/\",\"name\":\"Camping Laguna\",\"description\":\"Otro sitio realizado con WordPress\",\"publisher\":{\"@id\":\"https:\/\/www.campinglaguna.com\/#organization\"},\"potentialAction\":[{\"@type\":\"SearchAction\",\"target\":{\"@type\":\"EntryPoint\",\"urlTemplate\":\"https:\/\/www.campinglaguna.com\/?s={search_term_string}\"},\"query-input\":{\"@type\":\"PropertyValueSpecification\",\"valueRequired\":true,\"valueName\":\"search_term_string\"}}],\"inLanguage\":\"nl-NL\"},{\"@type\":\"Organization\",\"@id\":\"https:\/\/www.campinglaguna.com\/#organization\",\"name\":\"Camping Laguna\",\"url\":\"https:\/\/www.campinglaguna.com\/\",\"logo\":{\"@type\":\"ImageObject\",\"inLanguage\":\"nl-NL\",\"@id\":\"https:\/\/www.campinglaguna.com\/#\/schema\/logo\/image\/\",\"url\":\"https:\/\/www.campinglaguna.com\/wp-content\/uploads\/logo-laguna.png\",\"contentUrl\":\"https:\/\/www.campinglaguna.com\/wp-content\/uploads\/logo-laguna.png\",\"width\":263,\"height\":64,\"caption\":\"Camping Laguna\"},\"image\":{\"@id\":\"https:\/\/www.campinglaguna.com\/#\/schema\/logo\/image\/\"}}]}<\/script>\n<!-- \/ Yoast SEO plugin. -->","yoast_head_json":{"title":"Natuurpark 'Cap de Creus' - Camping Laguna","description":"Cap de Creus is het eerste maritiem natuurpark in Spanje, en bestaat sinds\u00a01998, waardoor\u00a0het schiereiland Cap de Creus en haar maritieme milieu beschermt","robots":{"index":"index","follow":"follow","max-snippet":"max-snippet:-1","max-image-preview":"max-image-preview:large","max-video-preview":"max-video-preview:-1"},"canonical":"https:\/\/www.campinglaguna.com\/que-hacer\/playas-naturaleza\/parc-natural-cap-de-creus\/","og_locale":"nl_NL","og_type":"article","og_title":"Natuurpark 'Cap de Creus' - Camping Laguna","og_description":"Cap de Creus is het eerste maritiem natuurpark in Spanje, en bestaat sinds\u00a01998, waardoor\u00a0het schiereiland Cap de Creus en haar maritieme milieu beschermt","og_url":"https:\/\/www.campinglaguna.com\/que-hacer\/playas-naturaleza\/parc-natural-cap-de-creus\/","og_site_name":"Camping Laguna","article_modified_time":"2017-04-06T14:43:38+00:00","og_image":[{"width":1440,"height":500,"url":"https:\/\/www.campinglaguna.com\/wp-content\/uploads\/capdecreus.jpg","type":"image\/jpeg"}],"twitter_card":"summary_large_image","twitter_misc":{"Geschatte leestijd":"1 minuut"},"schema":{"@context":"https:\/\/schema.org","@graph":[{"@type":"WebPage","@id":"https:\/\/www.campinglaguna.com\/que-hacer\/playas-naturaleza\/parc-natural-cap-de-creus\/","url":"https:\/\/www.campinglaguna.com\/que-hacer\/playas-naturaleza\/parc-natural-cap-de-creus\/","name":"Natuurpark 'Cap de Creus' - Camping Laguna","isPartOf":{"@id":"https:\/\/www.campinglaguna.com\/#website"},"primaryImageOfPage":{"@id":"https:\/\/www.campinglaguna.com\/que-hacer\/playas-naturaleza\/parc-natural-cap-de-creus\/#primaryimage"},"image":{"@id":"https:\/\/www.campinglaguna.com\/que-hacer\/playas-naturaleza\/parc-natural-cap-de-creus\/#primaryimage"},"thumbnailUrl":"https:\/\/www.campinglaguna.com\/wp-content\/uploads\/capdecreus.jpg","datePublished":"2017-03-14T10:37:13+00:00","dateModified":"2017-04-06T14:43:38+00:00","description":"Cap de Creus is het eerste maritiem natuurpark in Spanje, en bestaat sinds\u00a01998, waardoor\u00a0het schiereiland Cap de Creus en haar maritieme milieu beschermt","breadcrumb":{"@id":"https:\/\/www.campinglaguna.com\/que-hacer\/playas-naturaleza\/parc-natural-cap-de-creus\/#breadcrumb"},"inLanguage":"nl-NL","potentialAction":[{"@type":"ReadAction","target":["https:\/\/www.campinglaguna.com\/que-hacer\/playas-naturaleza\/parc-natural-cap-de-creus\/"]}]},{"@type":"ImageObject","inLanguage":"nl-NL","@id":"https:\/\/www.campinglaguna.com\/que-hacer\/playas-naturaleza\/parc-natural-cap-de-creus\/#primaryimage","url":"https:\/\/www.campinglaguna.com\/wp-content\/uploads\/capdecreus.jpg","contentUrl":"https:\/\/www.campinglaguna.com\/wp-content\/uploads\/capdecreus.jpg","width":1440,"height":500},{"@type":"BreadcrumbList","@id":"https:\/\/www.campinglaguna.com\/que-hacer\/playas-naturaleza\/parc-natural-cap-de-creus\/#breadcrumb","itemListElement":[{"@type":"ListItem","position":1,"name":"Camping Laguna","item":"https:\/\/www.campinglaguna.com\/nl\/"},{"@type":"ListItem","position":2,"name":"Wat wil je doen?","item":"https:\/\/www.campinglaguna.com\/nl\/que-hacer\/"},{"@type":"ListItem","position":3,"name":"Strand &#038; Natuur","item":"https:\/\/www.campinglaguna.com\/que-hacer\/playas-naturaleza\/"},{"@type":"ListItem","position":4,"name":"Natuurpark &#8216;Cap de Creus&#8217;"}]},{"@type":"WebSite","@id":"https:\/\/www.campinglaguna.com\/#website","url":"https:\/\/www.campinglaguna.com\/","name":"Camping Laguna","description":"Otro sitio realizado con WordPress","publisher":{"@id":"https:\/\/www.campinglaguna.com\/#organization"},"potentialAction":[{"@type":"SearchAction","target":{"@type":"EntryPoint","urlTemplate":"https:\/\/www.campinglaguna.com\/?s={search_term_string}"},"query-input":{"@type":"PropertyValueSpecification","valueRequired":true,"valueName":"search_term_string"}}],"inLanguage":"nl-NL"},{"@type":"Organization","@id":"https:\/\/www.campinglaguna.com\/#organization","name":"Camping Laguna","url":"https:\/\/www.campinglaguna.com\/","logo":{"@type":"ImageObject","inLanguage":"nl-NL","@id":"https:\/\/www.campinglaguna.com\/#\/schema\/logo\/image\/","url":"https:\/\/www.campinglaguna.com\/wp-content\/uploads\/logo-laguna.png","contentUrl":"https:\/\/www.campinglaguna.com\/wp-content\/uploads\/logo-laguna.png","width":263,"height":64,"caption":"Camping Laguna"},"image":{"@id":"https:\/\/www.campinglaguna.com\/#\/schema\/logo\/image\/"}}]}},"_links":{"self":[{"href":"https:\/\/www.campinglaguna.com\/nl\/wp-json\/wp\/v2\/pages\/24189","targetHints":{"allow":["GET"]}}],"collection":[{"href":"https:\/\/www.campinglaguna.com\/nl\/wp-json\/wp\/v2\/pages"}],"about":[{"href":"https:\/\/www.campinglaguna.com\/nl\/wp-json\/wp\/v2\/types\/page"}],"author":[{"embeddable":true,"href":"https:\/\/www.campinglaguna.com\/nl\/wp-json\/wp\/v2\/users\/1"}],"replies":[{"embeddable":true,"href":"https:\/\/www.campinglaguna.com\/nl\/wp-json\/wp\/v2\/comments?post=24189"}],"version-history":[{"count":3,"href":"https:\/\/www.campinglaguna.com\/nl\/wp-json\/wp\/v2\/pages\/24189\/revisions"}],"predecessor-version":[{"id":25685,"href":"https:\/\/www.campinglaguna.com\/nl\/wp-json\/wp\/v2\/pages\/24189\/revisions\/25685"}],"up":[{"embeddable":true,"href":"https:\/\/www.campinglaguna.com\/nl\/wp-json\/wp\/v2\/pages\/24177"}],"wp:featuredmedia":[{"embeddable":true,"href":"https:\/\/www.campinglaguna.com\/nl\/wp-json\/wp\/v2\/media\/20922"}],"wp:attachment":[{"href":"https:\/\/www.campinglaguna.com\/nl\/wp-json\/wp\/v2\/media?parent=24189"}],"curies":[{"name":"wp","href":"https:\/\/api.w.org\/{rel}","templated":true}]}}