{"id":38487,"date":"2024-09-30T13:41:28","date_gmt":"2024-09-30T11:41:28","guid":{"rendered":"https:\/\/www.campinglaguna.com\/un-espacio-natural-protegido-de-gran-valor\/"},"modified":"2024-10-25T10:20:34","modified_gmt":"2024-10-25T08:20:34","slug":"un-espacio-natural-protegido-de-gran-valor","status":"publish","type":"page","link":"https:\/\/www.campinglaguna.com\/nl\/que-hacer\/parque-natural\/un-espacio-natural-protegido-de-gran-valor\/","title":{"rendered":"Een beschermd natuurgebied van grote waarde"},"content":{"rendered":"<p>De &#8220;Aiguamolls de l\u2019Empord\u00e0&#8221; (Moerasgebied van Empord\u00e0) is \u00e9\u00e9n van de belangrijkste wetlands in Cataloni\u00eb, het resultaat van de interactie tussen rivieren en de zee. Het natuurpark, aangelegd in 1983, is een moza\u00efek van onderling afhankelijke ecosystemen, maar tegelijkertijd zeer gedifferentieerd: een geheel van moerassen, lagunes en rivieren, landbouw, irrigatiekanalen, stranden en een belangrijk duinenstelsel dat de kust beschermt tegen stormen.<\/p>\n<p>Deze beschermde natuurgebieden zijn een broed- en trekgebied voor talloze soorten die met uitsterven bedreigd zijn. Vogels maken van deze ruimte hun toevluchtsoord en rustplaats, en er leven meer dan 300 soorten, waarvan er vele beschermd zijn en van grote schoonheid. De goede staat van dit natuurgebied is ook van cruciaal belang om de gevolgen van de klimaatverandering in de regio te verminderen, omdat het de waterkwaliteit verbetert, de aquifers aanvult en de toegang van zout water uit de zee naar het binnenland verhindert.<\/p>\n<p>De vruchtbaarheid van de bodem vergemakkelijkt de ontwikkeling van de landbouw terwijl de complexiteit van het gebied en de biologische rijkdom ervan de visserij in de baai bevorderen. Historisch gezien heeft dit gebied een rijk cultureel erfgoed gegenereerd en is het momenteel een bron voor milieueducatie en -onderzoek en tegelijkertijd een belangrijk aandachtspunt voor bezoekers.<\/p>\n<p>Meer informatie vindt u op de <span style=\"color: #3366ff;\"><a style=\"color: #3366ff;\" href=\"https:\/\/parcsnaturals.gencat.cat\/es\/xarxa-de-parcs\/aiguamolls-emporda\/inici\/index.html\">website van het Natuurpark.<\/a><\/span><\/p>\n<div class=\"two-columns\">\n<div id=\"attachment_38099\" style=\"width: 510px\" class=\"wp-caption aligncenter\"><img loading=\"lazy\" decoding=\"async\" aria-describedby=\"caption-attachment-38099\" class=\"wp-image-38099 size-medium\" src=\"https:\/\/www.campinglaguna.com\/wp-content\/uploads\/1-flamencs-500x375.jpg\" alt=\"\" width=\"500\" height=\"375\" srcset=\"https:\/\/www.campinglaguna.com\/wp-content\/uploads\/1-flamencs-500x375.jpg 500w, https:\/\/www.campinglaguna.com\/wp-content\/uploads\/1-flamencs-1000x750.jpg 1000w, https:\/\/www.campinglaguna.com\/wp-content\/uploads\/1-flamencs-150x113.jpg 150w, https:\/\/www.campinglaguna.com\/wp-content\/uploads\/1-flamencs-768x576.jpg 768w, https:\/\/www.campinglaguna.com\/wp-content\/uploads\/1-flamencs-1536x1152.jpg 1536w, https:\/\/www.campinglaguna.com\/wp-content\/uploads\/1-flamencs-2048x1536.jpg 2048w, https:\/\/www.campinglaguna.com\/wp-content\/uploads\/1-flamencs-1400x1050.jpg 1400w\" sizes=\"auto, (max-width: 500px) 100vw, 500px\" \/><p id=\"caption-attachment-38099\" class=\"wp-caption-text\">In het natuurpark zijn 329 soorten vogels gezien.<\/p><\/div>\n<div id=\"attachment_38105\" style=\"width: 510px\" class=\"wp-caption aligncenter\"><img loading=\"lazy\" decoding=\"async\" aria-describedby=\"caption-attachment-38105\" class=\"wp-image-38105 size-medium\" src=\"https:\/\/www.campinglaguna.com\/wp-content\/uploads\/2-jonquera-500x374.jpg\" alt=\"\" width=\"500\" height=\"374\" srcset=\"https:\/\/www.campinglaguna.com\/wp-content\/uploads\/2-jonquera-500x374.jpg 500w, https:\/\/www.campinglaguna.com\/wp-content\/uploads\/2-jonquera-1000x748.jpg 1000w, https:\/\/www.campinglaguna.com\/wp-content\/uploads\/2-jonquera-150x112.jpg 150w, https:\/\/www.campinglaguna.com\/wp-content\/uploads\/2-jonquera-768x574.jpg 768w, https:\/\/www.campinglaguna.com\/wp-content\/uploads\/2-jonquera-1536x1149.jpg 1536w, https:\/\/www.campinglaguna.com\/wp-content\/uploads\/2-jonquera-2048x1532.jpg 2048w, https:\/\/www.campinglaguna.com\/wp-content\/uploads\/2-jonquera-1400x1047.jpg 1400w\" sizes=\"auto, (max-width: 500px) 100vw, 500px\" \/><p id=\"caption-attachment-38105\" class=\"wp-caption-text\">Er zijn 863 soorten wilde planten aanwezig in het park.<\/p><\/div>\n<\/div>\n","protected":false},"excerpt":{"rendered":"<p>De &#8220;Aiguamolls de l\u2019Empord\u00e0&#8221; (Moerasgebied van Empord\u00e0) is \u00e9\u00e9n van de belangrijkste wetlands in Cataloni\u00eb, het resultaat van de interactie tussen rivieren en de zee. Het natuurpark, aangelegd in 1983, [&hellip;]<\/p>\n","protected":false},"author":8,"featured_media":38101,"parent":38499,"menu_order":0,"comment_status":"closed","ping_status":"closed","template":"","meta":{"_acf_changed":false,"footnotes":""},"class_list":["post-38487","page","type-page","status-publish","has-post-thumbnail","hentry"],"acf":[],"yoast_head":"<!-- This site is optimized with the Yoast SEO plugin v26.1.1 - https:\/\/yoast.com\/wordpress\/plugins\/seo\/ -->\n<title>Een beschermd natuurgebied van grote waarde - Camping Laguna<\/title>\n<meta name=\"description\" content=\"De &quot;Aiguamolls de l\u2019Empord\u00e0&quot; (Moerasgebied van Empord\u00e0) is \u00e9\u00e9n van de belangrijkste wetlands in Cataloni\u00eb, het resultaat van de interactie tussen rivieren\" \/>\n<meta name=\"robots\" content=\"index, follow, max-snippet:-1, max-image-preview:large, max-video-preview:-1\" \/>\n<link rel=\"canonical\" href=\"https:\/\/www.campinglaguna.com\/nl\/un-espacio-natural-protegido-de-gran-valor\/\" \/>\n<meta property=\"og:locale\" content=\"nl_NL\" \/>\n<meta property=\"og:type\" content=\"article\" \/>\n<meta property=\"og:title\" content=\"Een beschermd natuurgebied van grote waarde - Camping Laguna\" \/>\n<meta property=\"og:description\" content=\"De &quot;Aiguamolls de l\u2019Empord\u00e0&quot; (Moerasgebied van Empord\u00e0) is \u00e9\u00e9n van de belangrijkste wetlands in Cataloni\u00eb, het resultaat van de interactie tussen rivieren\" \/>\n<meta property=\"og:url\" content=\"https:\/\/www.campinglaguna.com\/nl\/un-espacio-natural-protegido-de-gran-valor\/\" \/>\n<meta property=\"og:site_name\" content=\"Camping Laguna\" \/>\n<meta property=\"article:modified_time\" content=\"2024-10-25T08:20:34+00:00\" \/>\n<meta property=\"og:image\" content=\"https:\/\/www.campinglaguna.com\/wp-content\/uploads\/1-flamencs-scaled.jpg\" \/>\n\t<meta property=\"og:image:width\" content=\"2560\" \/>\n\t<meta property=\"og:image:height\" content=\"1920\" \/>\n\t<meta property=\"og:image:type\" content=\"image\/jpeg\" \/>\n<meta name=\"twitter:card\" content=\"summary_large_image\" \/>\n<meta name=\"twitter:label1\" content=\"Geschatte leestijd\" \/>\n\t<meta name=\"twitter:data1\" content=\"2 minuten\" \/>\n<script type=\"application\/ld+json\" class=\"yoast-schema-graph\">{\"@context\":\"https:\/\/schema.org\",\"@graph\":[{\"@type\":\"WebPage\",\"@id\":\"https:\/\/www.campinglaguna.com\/nl\/un-espacio-natural-protegido-de-gran-valor\/\",\"url\":\"https:\/\/www.campinglaguna.com\/nl\/un-espacio-natural-protegido-de-gran-valor\/\",\"name\":\"Een beschermd natuurgebied van grote waarde - Camping Laguna\",\"isPartOf\":{\"@id\":\"https:\/\/www.campinglaguna.com\/#website\"},\"primaryImageOfPage\":{\"@id\":\"https:\/\/www.campinglaguna.com\/nl\/un-espacio-natural-protegido-de-gran-valor\/#primaryimage\"},\"image\":{\"@id\":\"https:\/\/www.campinglaguna.com\/nl\/un-espacio-natural-protegido-de-gran-valor\/#primaryimage\"},\"thumbnailUrl\":\"https:\/\/www.campinglaguna.com\/wp-content\/uploads\/1-flamencs-scaled.jpg\",\"datePublished\":\"2024-09-30T11:41:28+00:00\",\"dateModified\":\"2024-10-25T08:20:34+00:00\",\"description\":\"De \\\"Aiguamolls de l\u2019Empord\u00e0\\\" (Moerasgebied van Empord\u00e0) is \u00e9\u00e9n van de belangrijkste wetlands in Cataloni\u00eb, het resultaat van de interactie tussen rivieren\",\"breadcrumb\":{\"@id\":\"https:\/\/www.campinglaguna.com\/nl\/un-espacio-natural-protegido-de-gran-valor\/#breadcrumb\"},\"inLanguage\":\"nl-NL\",\"potentialAction\":[{\"@type\":\"ReadAction\",\"target\":[\"https:\/\/www.campinglaguna.com\/nl\/un-espacio-natural-protegido-de-gran-valor\/\"]}]},{\"@type\":\"ImageObject\",\"inLanguage\":\"nl-NL\",\"@id\":\"https:\/\/www.campinglaguna.com\/nl\/un-espacio-natural-protegido-de-gran-valor\/#primaryimage\",\"url\":\"https:\/\/www.campinglaguna.com\/wp-content\/uploads\/1-flamencs-scaled.jpg\",\"contentUrl\":\"https:\/\/www.campinglaguna.com\/wp-content\/uploads\/1-flamencs-scaled.jpg\",\"width\":2560,\"height\":1920,\"caption\":\"En el Parque Natural se han visto 329 especies de aves.\"},{\"@type\":\"BreadcrumbList\",\"@id\":\"https:\/\/www.campinglaguna.com\/nl\/un-espacio-natural-protegido-de-gran-valor\/#breadcrumb\",\"itemListElement\":[{\"@type\":\"ListItem\",\"position\":1,\"name\":\"Camping Laguna\",\"item\":\"https:\/\/www.campinglaguna.com\/nl\/\"},{\"@type\":\"ListItem\",\"position\":2,\"name\":\"Een beschermd natuurgebied van grote waarde\"}]},{\"@type\":\"WebSite\",\"@id\":\"https:\/\/www.campinglaguna.com\/#website\",\"url\":\"https:\/\/www.campinglaguna.com\/\",\"name\":\"Camping Laguna\",\"description\":\"Otro sitio realizado con WordPress\",\"publisher\":{\"@id\":\"https:\/\/www.campinglaguna.com\/#organization\"},\"potentialAction\":[{\"@type\":\"SearchAction\",\"target\":{\"@type\":\"EntryPoint\",\"urlTemplate\":\"https:\/\/www.campinglaguna.com\/?s={search_term_string}\"},\"query-input\":{\"@type\":\"PropertyValueSpecification\",\"valueRequired\":true,\"valueName\":\"search_term_string\"}}],\"inLanguage\":\"nl-NL\"},{\"@type\":\"Organization\",\"@id\":\"https:\/\/www.campinglaguna.com\/#organization\",\"name\":\"Camping Laguna\",\"url\":\"https:\/\/www.campinglaguna.com\/\",\"logo\":{\"@type\":\"ImageObject\",\"inLanguage\":\"nl-NL\",\"@id\":\"https:\/\/www.campinglaguna.com\/#\/schema\/logo\/image\/\",\"url\":\"https:\/\/www.campinglaguna.com\/wp-content\/uploads\/logo-laguna.png\",\"contentUrl\":\"https:\/\/www.campinglaguna.com\/wp-content\/uploads\/logo-laguna.png\",\"width\":263,\"height\":64,\"caption\":\"Camping Laguna\"},\"image\":{\"@id\":\"https:\/\/www.campinglaguna.com\/#\/schema\/logo\/image\/\"}}]}<\/script>\n<!-- \/ Yoast SEO plugin. -->","yoast_head_json":{"title":"Een beschermd natuurgebied van grote waarde - Camping Laguna","description":"De \"Aiguamolls de l\u2019Empord\u00e0\" (Moerasgebied van Empord\u00e0) is \u00e9\u00e9n van de belangrijkste wetlands in Cataloni\u00eb, het resultaat van de interactie tussen rivieren","robots":{"index":"index","follow":"follow","max-snippet":"max-snippet:-1","max-image-preview":"max-image-preview:large","max-video-preview":"max-video-preview:-1"},"canonical":"https:\/\/www.campinglaguna.com\/nl\/un-espacio-natural-protegido-de-gran-valor\/","og_locale":"nl_NL","og_type":"article","og_title":"Een beschermd natuurgebied van grote waarde - Camping Laguna","og_description":"De \"Aiguamolls de l\u2019Empord\u00e0\" (Moerasgebied van Empord\u00e0) is \u00e9\u00e9n van de belangrijkste wetlands in Cataloni\u00eb, het resultaat van de interactie tussen rivieren","og_url":"https:\/\/www.campinglaguna.com\/nl\/un-espacio-natural-protegido-de-gran-valor\/","og_site_name":"Camping Laguna","article_modified_time":"2024-10-25T08:20:34+00:00","og_image":[{"width":2560,"height":1920,"url":"https:\/\/www.campinglaguna.com\/wp-content\/uploads\/1-flamencs-scaled.jpg","type":"image\/jpeg"}],"twitter_card":"summary_large_image","twitter_misc":{"Geschatte leestijd":"2 minuten"},"schema":{"@context":"https:\/\/schema.org","@graph":[{"@type":"WebPage","@id":"https:\/\/www.campinglaguna.com\/nl\/un-espacio-natural-protegido-de-gran-valor\/","url":"https:\/\/www.campinglaguna.com\/nl\/un-espacio-natural-protegido-de-gran-valor\/","name":"Een beschermd natuurgebied van grote waarde - Camping Laguna","isPartOf":{"@id":"https:\/\/www.campinglaguna.com\/#website"},"primaryImageOfPage":{"@id":"https:\/\/www.campinglaguna.com\/nl\/un-espacio-natural-protegido-de-gran-valor\/#primaryimage"},"image":{"@id":"https:\/\/www.campinglaguna.com\/nl\/un-espacio-natural-protegido-de-gran-valor\/#primaryimage"},"thumbnailUrl":"https:\/\/www.campinglaguna.com\/wp-content\/uploads\/1-flamencs-scaled.jpg","datePublished":"2024-09-30T11:41:28+00:00","dateModified":"2024-10-25T08:20:34+00:00","description":"De \"Aiguamolls de l\u2019Empord\u00e0\" (Moerasgebied van Empord\u00e0) is \u00e9\u00e9n van de belangrijkste wetlands in Cataloni\u00eb, het resultaat van de interactie tussen rivieren","breadcrumb":{"@id":"https:\/\/www.campinglaguna.com\/nl\/un-espacio-natural-protegido-de-gran-valor\/#breadcrumb"},"inLanguage":"nl-NL","potentialAction":[{"@type":"ReadAction","target":["https:\/\/www.campinglaguna.com\/nl\/un-espacio-natural-protegido-de-gran-valor\/"]}]},{"@type":"ImageObject","inLanguage":"nl-NL","@id":"https:\/\/www.campinglaguna.com\/nl\/un-espacio-natural-protegido-de-gran-valor\/#primaryimage","url":"https:\/\/www.campinglaguna.com\/wp-content\/uploads\/1-flamencs-scaled.jpg","contentUrl":"https:\/\/www.campinglaguna.com\/wp-content\/uploads\/1-flamencs-scaled.jpg","width":2560,"height":1920,"caption":"En el Parque Natural se han visto 329 especies de aves."},{"@type":"BreadcrumbList","@id":"https:\/\/www.campinglaguna.com\/nl\/un-espacio-natural-protegido-de-gran-valor\/#breadcrumb","itemListElement":[{"@type":"ListItem","position":1,"name":"Camping Laguna","item":"https:\/\/www.campinglaguna.com\/nl\/"},{"@type":"ListItem","position":2,"name":"Een beschermd natuurgebied van grote waarde"}]},{"@type":"WebSite","@id":"https:\/\/www.campinglaguna.com\/#website","url":"https:\/\/www.campinglaguna.com\/","name":"Camping Laguna","description":"Otro sitio realizado con WordPress","publisher":{"@id":"https:\/\/www.campinglaguna.com\/#organization"},"potentialAction":[{"@type":"SearchAction","target":{"@type":"EntryPoint","urlTemplate":"https:\/\/www.campinglaguna.com\/?s={search_term_string}"},"query-input":{"@type":"PropertyValueSpecification","valueRequired":true,"valueName":"search_term_string"}}],"inLanguage":"nl-NL"},{"@type":"Organization","@id":"https:\/\/www.campinglaguna.com\/#organization","name":"Camping Laguna","url":"https:\/\/www.campinglaguna.com\/","logo":{"@type":"ImageObject","inLanguage":"nl-NL","@id":"https:\/\/www.campinglaguna.com\/#\/schema\/logo\/image\/","url":"https:\/\/www.campinglaguna.com\/wp-content\/uploads\/logo-laguna.png","contentUrl":"https:\/\/www.campinglaguna.com\/wp-content\/uploads\/logo-laguna.png","width":263,"height":64,"caption":"Camping Laguna"},"image":{"@id":"https:\/\/www.campinglaguna.com\/#\/schema\/logo\/image\/"}}]}},"_links":{"self":[{"href":"https:\/\/www.campinglaguna.com\/nl\/wp-json\/wp\/v2\/pages\/38487","targetHints":{"allow":["GET"]}}],"collection":[{"href":"https:\/\/www.campinglaguna.com\/nl\/wp-json\/wp\/v2\/pages"}],"about":[{"href":"https:\/\/www.campinglaguna.com\/nl\/wp-json\/wp\/v2\/types\/page"}],"author":[{"embeddable":true,"href":"https:\/\/www.campinglaguna.com\/nl\/wp-json\/wp\/v2\/users\/8"}],"replies":[{"embeddable":true,"href":"https:\/\/www.campinglaguna.com\/nl\/wp-json\/wp\/v2\/comments?post=38487"}],"version-history":[{"count":2,"href":"https:\/\/www.campinglaguna.com\/nl\/wp-json\/wp\/v2\/pages\/38487\/revisions"}],"predecessor-version":[{"id":38489,"href":"https:\/\/www.campinglaguna.com\/nl\/wp-json\/wp\/v2\/pages\/38487\/revisions\/38489"}],"up":[{"embeddable":true,"href":"https:\/\/www.campinglaguna.com\/nl\/wp-json\/wp\/v2\/pages\/38499"}],"wp:featuredmedia":[{"embeddable":true,"href":"https:\/\/www.campinglaguna.com\/nl\/wp-json\/wp\/v2\/media\/38101"}],"wp:attachment":[{"href":"https:\/\/www.campinglaguna.com\/nl\/wp-json\/wp\/v2\/media?parent=38487"}],"curies":[{"name":"wp","href":"https:\/\/api.w.org\/{rel}","templated":true}]}}